{"id":2093,"date":"2025-08-28T01:12:35","date_gmt":"2025-08-28T01:12:35","guid":{"rendered":"http:\/\/vegawave.ca\/?page_id=2093"},"modified":"2025-09-12T14:00:00","modified_gmt":"2025-09-12T14:00:00","slug":"remote-and-rural-site-wireless-connectivity","status":"publish","type":"page","link":"https:\/\/vegawave.ca\/fr\/solutions-get-improved-cellular-connection-today-for-your-business\/remote-and-rural-site-wireless-connectivity\/","title":{"rendered":"Remote Region Wireless Connectivity"},"content":{"rendered":"<div data-elementor-type=\"wp-page\" data-elementor-id=\"2093\" class=\"elementor elementor-2093\">\n\t\t\t\t<div class=\"elementor-element elementor-element-5bcc92c e-con-full e-flex e-con e-parent\" data-id=\"5bcc92c\" data-element_type=\"container\" data-e-type=\"container\" data-settings=\"{&quot;jet_parallax_layout_list&quot;:[]}\">\n\t\t\t\t<div class=\"elementor-element elementor-element-4fc8a2b elementor-widget elementor-widget-codexunictheme-breadcrumb\" data-id=\"4fc8a2b\" data-element_type=\"widget\" data-e-type=\"widget\" data-widget_type=\"codexunictheme-breadcrumb.default\">\n\t\t\t\t<div class=\"elementor-widget-container\">\n\t\t\t\t\t        \r\n        <section class=\"breadcrumb-section text-center pt-200 pb-140\" style=\"background-image: url('http:\/\/vegawave.ca\/wp-content\/uploads\/2025\/08\/remote_region_connectivity_LTE_5G_connection_anywhere.jpg');\">\r\n            <div class=\"container\">\r\n                <div class=\"row\">\r\n                    <div class=\"col-lg-12\">\r\n                        <div class=\"content\">\r\n                            <h2>R\u00e9gion \u00e9loign\u00e9e<\/h2>\r\n                            <ul>\r\n                                <li><a href=\"https:\/\/vegawave.ca\/fr\/\">Acceuil<\/a><\/li>\r\n                                <li>Industries et projets r\u00e9cents<\/li>\r\n                            <\/ul>\r\n                        <\/div>\r\n                    <\/div>\r\n                <\/div>\r\n            <\/div>\r\n        <\/section>\r\n        \r\n        \t\t\t\t<\/div>\n\t\t\t\t<\/div>\n\t\t\t\t<\/div>\n\t\t<div class=\"elementor-element elementor-element-649b4c1 e-flex e-con-boxed e-con e-parent\" data-id=\"649b4c1\" data-element_type=\"container\" data-e-type=\"container\" data-settings=\"{&quot;jet_parallax_layout_list&quot;:[]}\">\n\t\t\t\t\t<div class=\"e-con-inner\">\n\t\t<div class=\"elementor-element elementor-element-138ceee e-con-full e-flex e-con e-child\" data-id=\"138ceee\" data-element_type=\"container\" data-e-type=\"container\" data-settings=\"{&quot;jet_parallax_layout_list&quot;:[]}\">\n\t\t\t\t<div class=\"elementor-element elementor-element-201761d elementor-widget elementor-widget-menu-anchor\" data-id=\"201761d\" data-element_type=\"widget\" data-e-type=\"widget\" data-widget_type=\"menu-anchor.default\">\n\t\t\t\t<div class=\"elementor-widget-container\">\n\t\t\t\t\t\t\t<div class=\"elementor-menu-anchor\" id=\"anchor_isolated\"><\/div>\n\t\t\t\t\t\t<\/div>\n\t\t\t\t<\/div>\n\t\t\t\t<div class=\"elementor-element elementor-element-0ecc280 elementor-widget elementor-widget-image\" data-id=\"0ecc280\" data-element_type=\"widget\" data-e-type=\"widget\" data-widget_type=\"image.default\">\n\t\t\t\t<div class=\"elementor-widget-container\">\n\t\t\t\t\t\t\t\t\t\t\t\t\t\t\t<img fetchpriority=\"high\" decoding=\"async\" width=\"1280\" height=\"853\" src=\"https:\/\/vegawave.ca\/wp-content\/uploads\/2025\/08\/app_isolated_regions_mont_tremblant_lake_memphremagog.jpg\" class=\"attachment-full size-full wp-image-1360\" alt=\"Isolated regions Mont-Tremblant and Lake Memphremagog\" srcset=\"https:\/\/vegawave.ca\/wp-content\/uploads\/2025\/08\/app_isolated_regions_mont_tremblant_lake_memphremagog.jpg 1280w, https:\/\/vegawave.ca\/wp-content\/uploads\/2025\/08\/app_isolated_regions_mont_tremblant_lake_memphremagog-300x200.jpg 300w, https:\/\/vegawave.ca\/wp-content\/uploads\/2025\/08\/app_isolated_regions_mont_tremblant_lake_memphremagog-1024x682.jpg 1024w, https:\/\/vegawave.ca\/wp-content\/uploads\/2025\/08\/app_isolated_regions_mont_tremblant_lake_memphremagog-768x512.jpg 768w\" sizes=\"(max-width: 1280px) 100vw, 1280px\" \/>\t\t\t\t\t\t\t\t\t\t\t\t\t\t\t<\/div>\n\t\t\t\t<\/div>\n\t\t\t\t<div class=\"elementor-element elementor-element-75f7826 elementor-widget elementor-widget-codexunictheme-common-content\" data-id=\"75f7826\" data-element_type=\"widget\" data-e-type=\"widget\" data-widget_type=\"codexunictheme-common-content.default\">\n\t\t\t\t<div class=\"elementor-widget-container\">\n\t\t\t\t\t\r\n        <div class=\"common-content-section\">\r\n                            <h2>R\u00e9gion \u00e9loign\u00e9e<\/h2>\r\n                        <p>Notre \u00e9quipe est en mesure de vous conseiller sur les technologies \u00e0 utiliser. Nous adaptons notre consultation \u00e0 votre situation unique afin de r\u00e9pondre exactement \u00e0 vos besoins dans votre r\u00e9gion sp\u00e9cifique.<\/p><p>Notre exp\u00e9rience est particuli\u00e8rement utile dans les endroits les plus isol\u00e9s et ce \u00e0 chacune des \u00e9tapes: conception, mat\u00e9riel, tests, configuration, d\u00e9ploiement et installation.\u00a0<\/p><h3>R\u00e9gion \u00e9loign\u00e9e comprend :\u00a0<\/h3><ul><li><h6>Sites miniers<\/h6><\/li><li><h6>Parcs provinciaux<\/h6><\/li><li><h6>Parcs f\u00e9d\u00e9raux<\/h6><\/li><li><h6>\u00c9oliennes<\/h6><\/li><li><h6>Bureaux de poste (situ\u00e9s dans les zones rurales)<\/h6><\/li><li><h6>Toute autre application situ\u00e9e dans une r\u00e9gion isol\u00e9e<\/h6><\/li><\/ul><h3>\u00a0<\/h3><h3>Services professionnels de connectivit\u00e9<\/h3><p>Nous comprenons que des communications fiables sont essentielles au bon fonctionnement de votre entreprise, o\u00f9 que vous soyez. Il est vrai que les connexions filaires sont souvent indisponibles dans certaines zones, ou leur d\u00e9ploiement est long, et que la connectivit\u00e9 par satellite peut \u00eatre co\u00fbteuse. VEGA est en mesure d'installer des solutions LTE\/5G sans fil, connectant ainsi les entreprises \u00e0 des kilom\u00e8tres des tours cellulaires.<\/p><h3>Profitez des technologies LTE\/5G<\/h3><blockquote><p>Notre \u00e9quipe dispose de toutes les composantes n\u00e9cessaires afin de permettre une connectivit\u00e9 \u00e0 haut d\u00e9bit et des services vocaux dans les zones rurales et \u00e9loign\u00e9es.<\/p><\/blockquote><p>Les avantages pour votre entreprise sont :\u00a0<\/p><ul><li>D\u00e9ploiement plus rapide que les lignes filaires<\/li><li>Des co\u00fbts de donn\u00e9es nettement inf\u00e9rieurs \u00e0 ceux des r\u00e9seaux par satellite<\/li><li>Des vitesses \u00e9lev\u00e9es et une meilleure fiabilit\u00e9 pour les nouvelles applications et int\u00e9grations IdO, permettant aux entreprises d'innover et d'am\u00e9liorer leurs processus<\/li><li>L'exp\u00e9rience des utilisateurs est am\u00e9lior\u00e9e<\/li><li>Capacit\u00e9 \u00e0 g\u00e9rer les performances et \u00e0 r\u00e9soudre les probl\u00e8mes \u00e0 distance<\/li><\/ul><h2>Cas de connectivit\u00e9 dans des zones isol\u00e9es<\/h2><p><img decoding=\"async\" class=\"alignnone size-full wp-image-242\" src=\"http:\/\/vegawave.ca\/wp-content\/uploads\/2024\/12\/ligne-orange.png\" alt=\"\" width=\"70\" height=\"10\" srcset=\"https:\/\/vegawave.ca\/wp-content\/uploads\/2024\/12\/ligne-orange.png 70w, https:\/\/vegawave.ca\/wp-content\/uploads\/2024\/12\/ligne-orange-18x3.png 18w\" sizes=\"(max-width: 70px) 100vw, 70px\" \/><\/p><table style=\"width: 100%; border-collapse: collapse; background-color: #eaf2fd;\" cellpadding=\"20\"><tbody><tr><td style=\"width: 100%;\"><img decoding=\"async\" class=\"alignnone wp-image-1633 size-full\" src=\"http:\/\/vegawave.ca\/wp-content\/uploads\/2025\/08\/mining_locations_remote_connectivity_LTE_5G_Matawinie_Mine.jpg\" alt=\"Mining locations remote connectivity Point to Point LTE 5G Matawinie Mine\" width=\"800\" height=\"600\" srcset=\"https:\/\/vegawave.ca\/wp-content\/uploads\/2025\/08\/mining_locations_remote_connectivity_LTE_5G_Matawinie_Mine.jpg 800w, https:\/\/vegawave.ca\/wp-content\/uploads\/2025\/08\/mining_locations_remote_connectivity_LTE_5G_Matawinie_Mine-300x225.jpg 300w, https:\/\/vegawave.ca\/wp-content\/uploads\/2025\/08\/mining_locations_remote_connectivity_LTE_5G_Matawinie_Mine-768x576.jpg 768w\" sizes=\"(max-width: 800px) 100vw, 800px\" \/><\/td><\/tr><tr><td style=\"width: 100%;\"><h4>Mine Matawinie (point \u00e0 point)\u00a0<\/h4><p><span class=\"NormalTextRun SpellingErrorV2Themed SCXW47446165 BCX0\">Matawinie<\/span>\u00a0<span class=\"NormalTextRun SCXW47446165 BCX0\">M<\/span><span class=\"NormalTextRun SCXW47446165 BCX0\">ine is <\/span><span class=\"NormalTextRun SCXW47446165 BCX0\">located<\/span><span class=\"NormalTextRun SCXW47446165 BCX0\"> 120 km north of Montr<\/span><span class=\"NormalTextRun SCXW47446165 BCX0\">\u00e9<\/span><span class=\"NormalTextRun SCXW47446165 BCX0\">La mine Matawinie, situ\u00e9e \u00e0 120 km au nord de Montr\u00e9al, est une propri\u00e9t\u00e9 phare de graphite. Avec une dur\u00e9e de vie de 25 ans, la mine avait besoin d'une connectivit\u00e9 pour les communications cellulaires et Internet. Compte tenu de la transformation profonde des sites miniers ces derni\u00e8res ann\u00e9es et de l'utilisation de technologies de pointe, notre \u00e9quipe a veill\u00e9 \u00e0 ce que la mine dispose d'un r\u00e9seau fiable en tout temps en concevant et en installant des tours afin que la mine Matawinie puisse se concentrer sur l'efficacit\u00e9 plut\u00f4t que sur les probl\u00e8mes de connectivit\u00e9.\u00a0<\/span><\/p><\/td><\/tr><\/tbody><\/table><p>\u00a0<\/p><table style=\"width: 100%; border-collapse: collapse; background-color: #f7f2e9;\" cellpadding=\"20\"><tbody><tr><td style=\"width: 100%;\"><img loading=\"lazy\" decoding=\"async\" class=\"alignnone wp-image-1634 size-full\" src=\"http:\/\/vegawave.ca\/wp-content\/uploads\/2025\/08\/LTE_5G_network_at_Provincial_Park_in_New_Brunswick_Mont_Carleton.jpg\" alt=\"Cellular coverage at Provincial Park in New-Brunswick Mont Carleton\" width=\"800\" height=\"600\" srcset=\"https:\/\/vegawave.ca\/wp-content\/uploads\/2025\/08\/LTE_5G_network_at_Provincial_Park_in_New_Brunswick_Mont_Carleton.jpg 800w, https:\/\/vegawave.ca\/wp-content\/uploads\/2025\/08\/LTE_5G_network_at_Provincial_Park_in_New_Brunswick_Mont_Carleton-300x225.jpg 300w, https:\/\/vegawave.ca\/wp-content\/uploads\/2025\/08\/LTE_5G_network_at_Provincial_Park_in_New_Brunswick_Mont_Carleton-768x576.jpg 768w\" sizes=\"(max-width: 800px) 100vw, 800px\" \/><\/td><\/tr><tr><td style=\"width: 100%;\"><h4>Parc provincial du Nouveau-Brunswick<\/h4><p>Le parc provincial du Mont Carleton est le plus grand parc provincial du Nouveau-Brunswick. Pour ce projet, apr\u00e8s une \u00e9tude de site, nous avons utilis\u00e9 des modems internet et des r\u00e9p\u00e9teurs cellulaires afin de garantir l'efficacit\u00e9 et la s\u00e9curit\u00e9 des op\u00e9rations de sauvetage des employ\u00e9s.\u00a0\u00a0<\/p><\/td><\/tr><\/tbody><\/table><p>\u00a0<\/p><table style=\"width: 100%; border-collapse: collapse; background-color: #eaf2fd;\" cellpadding=\"20\"><tbody><tr><td style=\"width: 100%;\"><img loading=\"lazy\" decoding=\"async\" class=\"alignnone wp-image-1635 size-full\" src=\"http:\/\/vegawave.ca\/wp-content\/uploads\/2025\/08\/Connectivity_for_guest_registration_and_purchases_at_boutiques_at_Ontario_Provincial_Parks.jpg\" alt=\"Connectivity for guest registration and purchases at boutiques at Ontario Provincial Parks\" width=\"800\" height=\"600\" srcset=\"https:\/\/vegawave.ca\/wp-content\/uploads\/2025\/08\/Connectivity_for_guest_registration_and_purchases_at_boutiques_at_Ontario_Provincial_Parks.jpg 800w, https:\/\/vegawave.ca\/wp-content\/uploads\/2025\/08\/Connectivity_for_guest_registration_and_purchases_at_boutiques_at_Ontario_Provincial_Parks-300x225.jpg 300w, https:\/\/vegawave.ca\/wp-content\/uploads\/2025\/08\/Connectivity_for_guest_registration_and_purchases_at_boutiques_at_Ontario_Provincial_Parks-768x576.jpg 768w\" sizes=\"(max-width: 800px) 100vw, 800px\" \/><\/td><\/tr><tr><td style=\"width: 100%;\"><h4>Parcs provinciaux de l'Ontario (internet)<\/h4><p>Parcs Ontario est le plus important fournisseur d'exp\u00e9riences r\u00e9cr\u00e9atives de plein air au Canada. Depuis Pinery, la p\u00e9ninsule Bruce, Awnda et ailleurs, ils accueillent plus de 12 millions de visiteurs chaque ann\u00e9e. Notre mandat \u00e9tait d'assurer une connectivit\u00e9 fiable, robuste et efficace pour permettre la connexion en temps r\u00e9el aux applications d'enregistrement des visiteurs et d'achats en boutique.<\/p><\/td><\/tr><\/tbody><\/table><p>\u00a0<\/p><table style=\"width: 100%; border-collapse: collapse; background-color: #f7f2e9;\" cellpadding=\"20\"><tbody><tr><td style=\"width: 100%;\"><img loading=\"lazy\" decoding=\"async\" class=\"alignnone wp-image-1640 size-full\" src=\"http:\/\/vegawave.ca\/wp-content\/uploads\/2025\/08\/internet_link_and-cellular_connecivity_for_Iqaluit_Nunavut_Canada_post_and_Goverment_elections.jpg\" alt=\"Internet link and cellular connectivity for Iqaluit, Nunavut Canada Post Office and Government Elections\" width=\"800\" height=\"600\" srcset=\"https:\/\/vegawave.ca\/wp-content\/uploads\/2025\/08\/internet_link_and-cellular_connecivity_for_Iqaluit_Nunavut_Canada_post_and_Goverment_elections.jpg 800w, https:\/\/vegawave.ca\/wp-content\/uploads\/2025\/08\/internet_link_and-cellular_connecivity_for_Iqaluit_Nunavut_Canada_post_and_Goverment_elections-300x225.jpg 300w, https:\/\/vegawave.ca\/wp-content\/uploads\/2025\/08\/internet_link_and-cellular_connecivity_for_Iqaluit_Nunavut_Canada_post_and_Goverment_elections-768x576.jpg 768w\" sizes=\"(max-width: 800px) 100vw, 800px\" \/><\/td><\/tr><tr><td style=\"width: 100%;\"><h4>Iqaluit, Nunavut (connectivit\u00e9 cellulaire et internet)<\/h4><p>Iqaluit, capitale du Nunavut est parmi les villes septentrionales du Canada. Notre mandat dans cette r\u00e9gion consistait \u00e0 assurer, pour le gouvernement f\u00e9d\u00e9ral, une connectivit\u00e9 fiable (voix et donn\u00e9es) du bureau de poste et, pendant la p\u00e9riode \u00e9lectorale, \u00e0 offrir \u00e0 tous le m\u00eame droit de vote que dans les zones urbaines canadiennes. Notre \u00e9quipe certifi\u00e9e peut installer une connectivit\u00e9 fiable presque partout. Restez connect\u00e9, partout et en tout temps, avec VEGA.\u00a0<\/p><\/td><\/tr><\/tbody><\/table>        <\/div>\r\n        \r\n        \t\t\t\t<\/div>\n\t\t\t\t<\/div>\n\t\t\t\t<div class=\"elementor-element elementor-element-ed69cf7 elementor-align-center elementor-widget elementor-widget-button\" data-id=\"ed69cf7\" data-element_type=\"widget\" data-e-type=\"widget\" data-widget_type=\"button.default\">\n\t\t\t\t<div class=\"elementor-widget-container\">\n\t\t\t\t\t\t\t\t\t<div class=\"elementor-button-wrapper\">\n\t\t\t\t\t<a class=\"elementor-button elementor-button-link elementor-size-sm\" href=\"\/fr\/portfolio\/?filter=remote-region\">\n\t\t\t\t\t\t<span class=\"elementor-button-content-wrapper\">\n\t\t\t\t\t\t\t\t\t<span class=\"elementor-button-text\">Cas de connectivit\u00e9 dans des zones isol\u00e9es<\/span>\n\t\t\t\t\t<\/span>\n\t\t\t\t\t<\/a>\n\t\t\t\t<\/div>\n\t\t\t\t\t\t\t\t<\/div>\n\t\t\t\t<\/div>\n\t\t\t\t<div class=\"elementor-element elementor-element-6674d03 elementor-widget elementor-widget-codexunictheme-service-contact\" data-id=\"6674d03\" data-element_type=\"widget\" data-e-type=\"widget\" data-widget_type=\"codexunictheme-service-contact.default\">\n\t\t\t\t<div class=\"elementor-widget-container\">\n\t\t\t\t\t\r\n        <div class=\"services-contact-section\">\r\n                        <div class=\"icon\">\r\n                <i class=\"fa-regular fa-headset\"><\/i>\r\n            <\/div>\r\n                        <div class=\"row\">\r\n                <div class=\"col-sm-8 align-self-center\">\r\n                    <p>M\u00eame \u00e0 des kilom\u00e8tres d'une tour cellulaire, nous pouvons vous connecter. C'est notre m\u00e9tier.   <\/p>\r\n                <\/div>\r\n                <div class=\"col-sm-4 text-md-right align-self-center\">\r\n                                            <a href=\"\/fr\/contact-us\/\" class=\"button-2\">\r\n                            Contact                        <\/a>\r\n                                    <\/div>\r\n            <\/div>\r\n        <\/div>\r\n        \t\t\t\t<\/div>\n\t\t\t\t<\/div>\n\t\t\t\t<\/div>\n\t\t<div class=\"elementor-element elementor-element-89758a7 e-con-full e-flex e-con e-child\" data-id=\"89758a7\" data-element_type=\"container\" data-e-type=\"container\" data-settings=\"{&quot;jet_parallax_layout_list&quot;:[]}\">\n\t\t\t\t<div class=\"elementor-element elementor-element-ceae41e elementor-widget elementor-widget-codexunictheme-services-details\" data-id=\"ceae41e\" data-element_type=\"widget\" data-e-type=\"widget\" data-widget_type=\"codexunictheme-services-details.default\">\n\t\t\t\t<div class=\"elementor-widget-container\">\n\t\t\t\t\t\r\n        <div class=\"services-details-list\">\r\n            <h3>Industries<\/h3>\r\n            <ul>\r\n                                    <li class=\"no\"><a href=\"\/fr\/solutions\/healthcare-connectivity\/\">Milieu de la sant\u00e9<\/a><\/li>\r\n                                    <li class=\"no\"><a href=\"\/fr\/solutions\/parking-ev-stations-elevators\/\">Stationnement, bornes, ascenseurs<\/a><\/li>\r\n                                    <li class=\"no\"><a href=\"\/fr\/solutions\/wireless-coverage-for-manufacturing-and-warehouse-buildings\/\">Manufacturier<\/a><\/li>\r\n                                    <li class=\"no\"><a href=\"\/fr\/solutions\/connectivity-for-data-center-datacenter\/\">Centres de donn\u00e9es<\/a><\/li>\r\n                                    <li class=\"no\"><a href=\"\/fr\/solutions\/reliable-cellular-coverage-and-communication-in-emergency-measures\/\">Mesures d'urgence<\/a><\/li>\r\n                                    <li class=\"no\"><a href=\"\/fr\/solutions\/lte-5g-in-building-wireless-solutions-office-buildings\/\">\u00c9difices \u00e0 bureaux<\/a><\/li>\r\n                                    <li class=\"no\"><a href=\"\/fr\/solutions\/construction-site-cellular-connection-strong-signal\/\">Construction<\/a><\/li>\r\n                                    <li class=\"no\"><a href=\"\/fr\/solutions\/smart-cities-and-municipalities-connectivity-in-real-time\/\">Villes et municipalit\u00e9s<\/a><\/li>\r\n                                    <li class=\"no\"><a href=\"\/fr\/solutions\/maritime-connectivity-lte-5g-solutions-for-the-maritime-industry\/\">Maritime<\/a><\/li>\r\n                                    <li class=\"yes\"><a href=\"\/fr\/solutions\/remote-and-rural-site-wireless-connectivity\/\">R\u00e9gion \u00e9loign\u00e9e<\/a><\/li>\r\n                            <\/ul>\r\n        <\/div>\r\n        \r\n        \t\t\t\t<\/div>\n\t\t\t\t<\/div>\n\t\t\t\t<div class=\"elementor-element elementor-element-6c32e53 elementor-widget elementor-widget-codexunictheme-services-contact-banner\" data-id=\"6c32e53\" data-element_type=\"widget\" data-e-type=\"widget\" data-widget_type=\"codexunictheme-services-contact-banner.default\">\n\t\t\t\t<div class=\"elementor-widget-container\">\n\t\t\t\t\t\r\n        <div class=\"services-details-ct-banner\" style=\"background-image: url('http:\/\/vegawave.ca\/wp-content\/uploads\/2025\/08\/Service_Details_Call_Us_Certified_Technician.jpg');\">\r\n            <div>\r\n                <div class=\"icon\">\r\n                    <i class=\"fa-light fa-phone\"><\/i>\r\n                <\/div>\r\n                <h3>Discutons, contactez-nous!<\/h3>\r\n                <h5>844 360-9119<\/h5>\r\n            <\/div>\r\n            \r\n        <\/div>\r\n        \r\n        \t\t\t\t<\/div>\n\t\t\t\t<\/div>\n\t\t\t\t<\/div>\n\t\t\t\t\t<\/div>\n\t\t\t\t<\/div>\n\t\t\t\t<\/div>","protected":false},"excerpt":{"rendered":"<p>Remote Region\/Sites Home Industries and Recent Projects Remote Region Our team is able to advice on which technologies you should use and we adapt to your specific case to tailor exactly your needs within your remote area. From solution design, hardware, testing, configuration, deployment and installation; our experience even at the most remote locations can [&hellip;]<\/p>","protected":false},"author":1,"featured_media":0,"parent":148,"menu_order":0,"comment_status":"closed","ping_status":"closed","template":"elementor_header_footer","meta":{"_monsterinsights_skip_tracking":false,"_monsterinsights_sitenote_active":false,"_monsterinsights_sitenote_note":"","_monsterinsights_sitenote_category":0,"_uf_show_specific_survey":0,"_uf_disable_surveys":false,"footnotes":""},"class_list":["post-2093","page","type-page","status-publish","hentry"],"aioseo_notices":[],"jetpack_sharing_enabled":true,"_links":{"self":[{"href":"https:\/\/vegawave.ca\/fr\/wp-json\/wp\/v2\/pages\/2093","targetHints":{"allow":["GET"]}}],"collection":[{"href":"https:\/\/vegawave.ca\/fr\/wp-json\/wp\/v2\/pages"}],"about":[{"href":"https:\/\/vegawave.ca\/fr\/wp-json\/wp\/v2\/types\/page"}],"author":[{"embeddable":true,"href":"https:\/\/vegawave.ca\/fr\/wp-json\/wp\/v2\/users\/1"}],"replies":[{"embeddable":true,"href":"https:\/\/vegawave.ca\/fr\/wp-json\/wp\/v2\/comments?post=2093"}],"version-history":[{"count":19,"href":"https:\/\/vegawave.ca\/fr\/wp-json\/wp\/v2\/pages\/2093\/revisions"}],"predecessor-version":[{"id":2437,"href":"https:\/\/vegawave.ca\/fr\/wp-json\/wp\/v2\/pages\/2093\/revisions\/2437"}],"up":[{"embeddable":true,"href":"https:\/\/vegawave.ca\/fr\/wp-json\/wp\/v2\/pages\/148"}],"wp:attachment":[{"href":"https:\/\/vegawave.ca\/fr\/wp-json\/wp\/v2\/media?parent=2093"}],"curies":[{"name":"wp","href":"https:\/\/api.w.org\/{rel}","templated":true}]}}