{"id":2073,"date":"2025-08-28T00:42:51","date_gmt":"2025-08-28T00:42:51","guid":{"rendered":"http:\/\/vegawave.ca\/?page_id=2073"},"modified":"2025-10-24T15:55:34","modified_gmt":"2025-10-24T15:55:34","slug":"maritime-connectivity-lte-5g-solutions-for-the-maritime-industry","status":"publish","type":"page","link":"https:\/\/vegawave.ca\/fr\/solutions-get-improved-cellular-connection-today-for-your-business\/maritime-connectivity-lte-5g-solutions-for-the-maritime-industry\/","title":{"rendered":"Maritime"},"content":{"rendered":"<div data-elementor-type=\"wp-page\" data-elementor-id=\"2073\" class=\"elementor elementor-2073\">\n\t\t\t\t<div class=\"elementor-element elementor-element-5bcc92c e-con-full e-flex e-con e-parent\" data-id=\"5bcc92c\" data-element_type=\"container\" data-e-type=\"container\" data-settings=\"{&quot;jet_parallax_layout_list&quot;:[]}\">\n\t\t\t\t<div class=\"elementor-element elementor-element-4fc8a2b elementor-widget elementor-widget-codexunictheme-breadcrumb\" data-id=\"4fc8a2b\" data-element_type=\"widget\" data-e-type=\"widget\" data-widget_type=\"codexunictheme-breadcrumb.default\">\n\t\t\t\t<div class=\"elementor-widget-container\">\n\t\t\t\t\t        \r\n        <section class=\"breadcrumb-section text-center pt-200 pb-140\" style=\"background-image: url('http:\/\/vegawave.ca\/wp-content\/uploads\/2025\/08\/Maritime_and_nearshore_connectivity_with_LTE_5G.jpg');\">\r\n            <div class=\"container\">\r\n                <div class=\"row\">\r\n                    <div class=\"col-lg-12\">\r\n                        <div class=\"content\">\r\n                            <h2>Connectivit\u00e9 maritime<\/h2>\r\n                            <ul>\r\n                                <li><a href=\"https:\/\/vegawave.ca\/fr\/\">Acceuil<\/a><\/li>\r\n                                <li>Industries et projets r\u00e9cents<\/li>\r\n                            <\/ul>\r\n                        <\/div>\r\n                    <\/div>\r\n                <\/div>\r\n            <\/div>\r\n        <\/section>\r\n        \r\n        \t\t\t\t<\/div>\n\t\t\t\t<\/div>\n\t\t\t\t<\/div>\n\t\t<div class=\"elementor-element elementor-element-649b4c1 e-flex e-con-boxed e-con e-parent\" data-id=\"649b4c1\" data-element_type=\"container\" data-e-type=\"container\" data-settings=\"{&quot;jet_parallax_layout_list&quot;:[]}\">\n\t\t\t\t\t<div class=\"e-con-inner\">\n\t\t<div class=\"elementor-element elementor-element-138ceee e-con-full e-flex e-con e-child\" data-id=\"138ceee\" data-element_type=\"container\" data-e-type=\"container\" data-settings=\"{&quot;jet_parallax_layout_list&quot;:[]}\">\n\t\t\t\t<div class=\"elementor-element elementor-element-0f617fc elementor-widget elementor-widget-menu-anchor\" data-id=\"0f617fc\" data-element_type=\"widget\" data-e-type=\"widget\" data-widget_type=\"menu-anchor.default\">\n\t\t\t\t<div class=\"elementor-widget-container\">\n\t\t\t\t\t\t\t<div class=\"elementor-menu-anchor\" id=\"anchor_ports\"><\/div>\n\t\t\t\t\t\t<\/div>\n\t\t\t\t<\/div>\n\t\t\t\t<div class=\"elementor-element elementor-element-7d34b1e elementor-widget elementor-widget-image\" data-id=\"7d34b1e\" data-element_type=\"widget\" data-e-type=\"widget\" data-widget_type=\"image.default\">\n\t\t\t\t<div class=\"elementor-widget-container\">\n\t\t\t\t\t\t\t\t\t\t\t\t\t\t\t<img fetchpriority=\"high\" decoding=\"async\" width=\"1280\" height=\"853\" src=\"https:\/\/vegawave.ca\/wp-content\/uploads\/2024\/12\/app_ports_ships_Reliable_cellular_networks.jpg\" class=\"attachment-full size-full wp-image-786\" alt=\"Ports and Ships Reliable Cellular Networks\" srcset=\"https:\/\/vegawave.ca\/wp-content\/uploads\/2024\/12\/app_ports_ships_Reliable_cellular_networks.jpg 1280w, https:\/\/vegawave.ca\/wp-content\/uploads\/2024\/12\/app_ports_ships_Reliable_cellular_networks-300x200.jpg 300w, https:\/\/vegawave.ca\/wp-content\/uploads\/2024\/12\/app_ports_ships_Reliable_cellular_networks-1024x682.jpg 1024w, https:\/\/vegawave.ca\/wp-content\/uploads\/2024\/12\/app_ports_ships_Reliable_cellular_networks-768x512.jpg 768w\" sizes=\"(max-width: 1280px) 100vw, 1280px\" \/>\t\t\t\t\t\t\t\t\t\t\t\t\t\t\t<\/div>\n\t\t\t\t<\/div>\n\t\t\t\t<div class=\"elementor-element elementor-element-ec5502f elementor-widget elementor-widget-codexunictheme-common-content\" data-id=\"ec5502f\" data-element_type=\"widget\" data-e-type=\"widget\" data-widget_type=\"codexunictheme-common-content.default\">\n\t\t\t\t<div class=\"elementor-widget-container\">\n\t\t\t\t\t\r\n        <div class=\"common-content-section\">\r\n                            <h2>Maritime : ports et navires<\/h2>\r\n                        <p>Les communications maritimes sans fil se divisent en deux grands types\u00a0: terrestres et non terrestres. La connectivit\u00e9 cellulaire offre une bande passante haut d\u00e9bit et une latence inf\u00e9rieure \u00e0 celle des communications par satellite. C'est pourquoi les r\u00e9seaux cellulaires sont un \u00e9l\u00e9ment essentiel des outils de communication maritime. Qu'il s'agisse de navires commerciaux, de bateaux de plaisance ou de ports, les r\u00e9seaux cellulaires garantissent une bonne couverture, m\u00eame dans les zones \u00e9loign\u00e9es.\u00a0<\/p><p>De nos jours, les applications de connectivit\u00e9 incluent les communications li\u00e9es \u00e0 l\u2019objectif op\u00e9rationnel principal du navire, comme la logistique du fret, la planification de l\u2019itin\u00e9raire, le t\u00e9l\u00e9chargement des donn\u00e9es collect\u00e9es, etc., et \u00e9galement le bien-\u00eatre et le divertissement de l\u2019\u00e9quipage et des passagers.<\/p><h3 class=\"main-title\">Connexion cellulaire pour l'industrie maritime<\/h3><p>En mati\u00e8re de connectivit\u00e9, les besoins et exigences varient consid\u00e9rablement selon le type et les besoins op\u00e9rationnels du navire. Voici quelques caract\u00e9ristiques importantes\u00a0:\u00a0 \u00a0<\/p><ul><li>Couverture : disposer d'une couverture cellulaire stable lors des d\u00e9placements signifie que les navires doivent pouvoir se connecter \u00e0 chaque tour cellulaire sur la c\u00f4te.\u00a0 \u00a0\u00a0<\/li><li>Latence : vitesse de transfert de donn\u00e9es pour la navigation, la planification d'itin\u00e9raire, l'analyse pr\u00e9dictive des moteurs, l'\u00e9tat de l'\u00e9quipement, les rapports m\u00e9t\u00e9orologiques et de nombreuses autres applications.<\/li><li>R\u00e9glementation en mati\u00e8re de connectivit\u00e9\u00a0: les r\u00e9gions et les pays utilisent des fr\u00e9quences diff\u00e9rentes pour transmettre leurs signaux. De plus, il existe un ensemble de lois et de r\u00e9glementations \u00e0 respecter.<\/li><li>\u00c9conomies de co\u00fbts par rapport aux communications par satellite<\/li><\/ul><blockquote><p>VEGA personnalisera votre connectivit\u00e9 en fonction de la taille de votre navire et\/ou de votre flotte, des itin\u00e9raires ou des besoins sp\u00e9cifiques de l'\u00e9quipage.<\/p><\/blockquote><h3>Avantages du LTE\/5G pour les entreprises maritimes :\u00a0<\/h3><ul><li>Des co\u00fbts de donn\u00e9es nettement inf\u00e9rieurs<\/li><li>Des vitesses plus \u00e9lev\u00e9es et une fiabilit\u00e9 accrue<\/li><li>Plus de flexibilit\u00e9 de communication<\/li><li>Une meilleure fiabilit\u00e9 pour les nouvelles applications et l'IdO<br \/>integration<\/li><li>Wi-Fi am\u00e9lior\u00e9 pour l'\u00e9quipage et les passagers<\/li><\/ul><h2>Projets r\u00e9cents de connectivit\u00e9 maritime<\/h2><p><img decoding=\"async\" class=\"alignnone size-full wp-image-242\" src=\"http:\/\/vegawave.ca\/wp-content\/uploads\/2024\/12\/ligne-orange.png\" alt=\"\" width=\"70\" height=\"10\" srcset=\"https:\/\/vegawave.ca\/wp-content\/uploads\/2024\/12\/ligne-orange.png 70w, https:\/\/vegawave.ca\/wp-content\/uploads\/2024\/12\/ligne-orange-18x3.png 18w\" sizes=\"(max-width: 70px) 100vw, 70px\" \/><\/p><table style=\"width: 100%; border-collapse: collapse; background-color: #eaf2fd;\" cellpadding=\"20\"><tbody><tr><td style=\"width: 100%;\"><img decoding=\"async\" class=\"alignnone wp-image-1570 size-full\" src=\"http:\/\/vegawave.ca\/wp-content\/uploads\/2025\/08\/cellular_connection_for_maritime_leisure_ship-2.jpg\" alt=\"Maritime LTE\/5G connectivity solutions for Leisure Ships\" width=\"800\" height=\"600\" srcset=\"https:\/\/vegawave.ca\/wp-content\/uploads\/2025\/08\/cellular_connection_for_maritime_leisure_ship-2.jpg 800w, https:\/\/vegawave.ca\/wp-content\/uploads\/2025\/08\/cellular_connection_for_maritime_leisure_ship-2-300x225.jpg 300w, https:\/\/vegawave.ca\/wp-content\/uploads\/2025\/08\/cellular_connection_for_maritime_leisure_ship-2-768x576.jpg 768w\" sizes=\"(max-width: 800px) 100vw, 800px\" \/><\/td><\/tr><tr><td style=\"width: 100%;\"><h4><a>Traversier Marine Atlantic Ala\u2019Suinu (voix et donn\u00e9es)<\/a><\/h4><p><em>Ala\u2019suinu<\/em> Ala\u2019suinu offre une exp\u00e9rience de navigation agr\u00e9able \u00e0 Terre-Neuve-et-Labrador et en Nouvelle-\u00c9cosse. Avec une capacit\u00e9 de 1\u00a0000 passagers, il propose des cabines spacieuses, des cabines acceptant les animaux, des cabines passagers et un service de restauration complet. La solution LTE\/5G de VEGA comprend une couverture sans fil DAS pour une connectivit\u00e9 haut d\u00e9bit permettant d'am\u00e9liorer les communications pr\u00e8s des c\u00f4tes, les d\u00e9ploiements IdO et une meilleure exp\u00e9rience utilisateur pour l'\u00e9quipage et les passagers \u00e0 bord.<\/p><\/td><\/tr><\/tbody><\/table><p>\u00a0<\/p><table style=\"width: 100%; border-collapse: collapse; background-color: #f7f2e9;\" cellpadding=\"20\"><tbody><tr><td style=\"width: 100%;\"><img loading=\"lazy\" decoding=\"async\" class=\"alignnone wp-image-1581 size-full\" src=\"http:\/\/vegawave.ca\/wp-content\/uploads\/2025\/08\/maritime_LTE_5G_connectivity_solutions_CSL_Canadian_Steam_Lines.jpg\" alt=\"Maritime LTE 5G connectivity solutions CSL Canadian Steam Lines\" width=\"800\" height=\"600\" srcset=\"https:\/\/vegawave.ca\/wp-content\/uploads\/2025\/08\/maritime_LTE_5G_connectivity_solutions_CSL_Canadian_Steam_Lines.jpg 800w, https:\/\/vegawave.ca\/wp-content\/uploads\/2025\/08\/maritime_LTE_5G_connectivity_solutions_CSL_Canadian_Steam_Lines-300x225.jpg 300w, https:\/\/vegawave.ca\/wp-content\/uploads\/2025\/08\/maritime_LTE_5G_connectivity_solutions_CSL_Canadian_Steam_Lines-768x576.jpg 768w\" sizes=\"(max-width: 800px) 100vw, 800px\" \/><\/td><\/tr><tr><td style=\"width: 100%;\"><h4>CSL  (connectivit\u00e9 LTE 5G et internet)\u00a0<\/h4><p>Nos services et solutions sont personnalisables en fonction de la taille du navire et\/ou de la flotte, ou des besoins sp\u00e9cifiques de l'\u00e9quipage. La Canadian Steamship Lines recherchait une solution pour l'ensemble de sa flotte (18 navires) sur les Grands Lacs et la Voie maritime du Saint-Laurent. Notre \u00e9quipe a \u00e9t\u00e9 s\u00e9lectionn\u00e9 pour offrir une solution de connectivit\u00e9 cl\u00e9 en main et nous avons install\u00e9 la connectivit\u00e9 \u00e0 bord des diff\u00e9rents navires (cimentiers, vraquiers sans engrenage, autod\u00e9chargeurs) fournissant des donn\u00e9es mobiles et Internet aux employ\u00e9s.<\/p><\/td><\/tr><\/tbody><\/table><p>\u00a0<\/p><table style=\"width: 100%; border-collapse: collapse; background-color: #eaf2fd;\" cellpadding=\"20\"><tbody><tr><td style=\"width: 100%;\"><img loading=\"lazy\" decoding=\"async\" class=\"alignnone wp-image-1582 size-full\" src=\"http:\/\/vegawave.ca\/wp-content\/uploads\/2025\/08\/Reliable_cellular_for_ship-to-shore_connectivity_CTMA_Ferry.jpg\" alt=\"Reliable cellular for ship-to-shore connectivity CTMA Ferry Iles de la Madeleine\" width=\"800\" height=\"600\" srcset=\"https:\/\/vegawave.ca\/wp-content\/uploads\/2025\/08\/Reliable_cellular_for_ship-to-shore_connectivity_CTMA_Ferry.jpg 800w, https:\/\/vegawave.ca\/wp-content\/uploads\/2025\/08\/Reliable_cellular_for_ship-to-shore_connectivity_CTMA_Ferry-300x225.jpg 300w, https:\/\/vegawave.ca\/wp-content\/uploads\/2025\/08\/Reliable_cellular_for_ship-to-shore_connectivity_CTMA_Ferry-768x576.jpg 768w\" sizes=\"(max-width: 800px) 100vw, 800px\" \/><\/td><\/tr><tr><td style=\"width: 100%;\"><h4>Traversier CTMA \u00celes-de-la-Madeleine (de la c\u00f4te \u00e0 la mer)<\/h4><p>Ce traversier de 1500 passagers, situ\u00e9 \u00e0 l'\u00cele-du-Prince-\u00c9douard, avait besoin d'une connectivit\u00e9 cellulaire fiable entre le navire et les c\u00f4tes. VEGA  a proc\u00e9d\u00e9 \u00e0 une installation sur place, ce qui implique la pr\u00e9paration du mat\u00e9riel, les tests, la configuration de modem et la mise en place des syst\u00e8mes d'antennes distribu\u00e9es (DAS).\u00a0\u00a0<\/p><\/td><\/tr><\/tbody><\/table>        <\/div>\r\n        \r\n        \t\t\t\t<\/div>\n\t\t\t\t<\/div>\n\t\t\t\t<div class=\"elementor-element elementor-element-8e67bcc elementor-align-center elementor-widget elementor-widget-button\" data-id=\"8e67bcc\" data-element_type=\"widget\" data-e-type=\"widget\" data-widget_type=\"button.default\">\n\t\t\t\t<div class=\"elementor-widget-container\">\n\t\t\t\t\t\t\t\t\t<div class=\"elementor-button-wrapper\">\n\t\t\t\t\t<a class=\"elementor-button elementor-button-link elementor-size-sm\" href=\"\/fr\/portfolio\/?filter=maritime\">\n\t\t\t\t\t\t<span class=\"elementor-button-content-wrapper\">\n\t\t\t\t\t\t\t\t\t<span class=\"elementor-button-text\">Projets r\u00e9cents de connectivit\u00e9 maritime<\/span>\n\t\t\t\t\t<\/span>\n\t\t\t\t\t<\/a>\n\t\t\t\t<\/div>\n\t\t\t\t\t\t\t\t<\/div>\n\t\t\t\t<\/div>\n\t\t\t\t<div class=\"elementor-element elementor-element-76da039 elementor-widget elementor-widget-codexunictheme-service-contact\" data-id=\"76da039\" data-element_type=\"widget\" data-e-type=\"widget\" data-widget_type=\"codexunictheme-service-contact.default\">\n\t\t\t\t<div class=\"elementor-widget-container\">\n\t\t\t\t\t\r\n        <div class=\"services-contact-section\">\r\n                        <div class=\"icon\">\r\n                <i class=\"fa-regular fa-headset\"><\/i>\r\n            <\/div>\r\n                        <div class=\"row\">\r\n                <div class=\"col-sm-8 align-self-center\">\r\n                    <p>Trouvons ensemble des opportunit\u00e9s pour r\u00e9pondre aux besoins de connectivit\u00e9 de votre entreprise maritime.<\/p>\r\n                <\/div>\r\n                <div class=\"col-sm-4 text-md-right align-self-center\">\r\n                                            <a href=\"\/fr\/contact-us\/\" class=\"button-2\">\r\n                            Discutons                        <\/a>\r\n                                    <\/div>\r\n            <\/div>\r\n        <\/div>\r\n        \t\t\t\t<\/div>\n\t\t\t\t<\/div>\n\t\t\t\t<\/div>\n\t\t<div class=\"elementor-element elementor-element-89758a7 e-con-full e-flex e-con e-child\" data-id=\"89758a7\" data-element_type=\"container\" data-e-type=\"container\" data-settings=\"{&quot;jet_parallax_layout_list&quot;:[]}\">\n\t\t\t\t<div class=\"elementor-element elementor-element-96819c9 elementor-widget elementor-widget-codexunictheme-services-details\" data-id=\"96819c9\" data-element_type=\"widget\" data-e-type=\"widget\" data-widget_type=\"codexunictheme-services-details.default\">\n\t\t\t\t<div class=\"elementor-widget-container\">\n\t\t\t\t\t\r\n        <div class=\"services-details-list\">\r\n            <h3>Industries<\/h3>\r\n            <ul>\r\n                                    <li class=\"no\"><a href=\"\/fr\/solutions\/healthcare-connectivity\/\">Milieu de la sant\u00e9<\/a><\/li>\r\n                                    <li class=\"no\"><a href=\"\/fr\/solutions\/parking-ev-stations-elevators\/\">Stationnement, bornes, ascenseurs<\/a><\/li>\r\n                                    <li class=\"no\"><a href=\"\/fr\/solutions\/wireless-coverage-for-manufacturing-and-warehouse-buildings\/\">Manufacturier<\/a><\/li>\r\n                                    <li class=\"no\"><a href=\"\/fr\/solutions\/connectivity-for-data-center-datacenter\/\">Centres de donn\u00e9es<\/a><\/li>\r\n                                    <li class=\"no\"><a href=\"\/fr\/solutions\/reliable-cellular-coverage-and-communication-in-emergency-measures\/\">Mesures d'urgence<\/a><\/li>\r\n                                    <li class=\"no\"><a href=\"\/fr\/solutions\/lte-5g-in-building-wireless-solutions-office-buildings\/\">\u00c9difices \u00e0 bureaux<\/a><\/li>\r\n                                    <li class=\"no\"><a href=\"\/fr\/solutions\/construction-site-cellular-connection-strong-signal\/\">Construction<\/a><\/li>\r\n                                    <li class=\"no\"><a href=\"\/fr\/solutions\/smart-cities-and-municipalities-connectivity-in-real-time\/\">Villes et municipalit\u00e9s<\/a><\/li>\r\n                                    <li class=\"yes\"><a href=\"\/fr\/solutions\/maritime-connectivity-lte-5g-solutions-for-the-maritime-industry\/\">Maritime<\/a><\/li>\r\n                                    <li class=\"no\"><a href=\"\/fr\/solutions\/remote-and-rural-site-wireless-connectivity\/\">R\u00e9gion \u00e9loign\u00e9e<\/a><\/li>\r\n                            <\/ul>\r\n        <\/div>\r\n        \r\n        \t\t\t\t<\/div>\n\t\t\t\t<\/div>\n\t\t\t\t<div class=\"elementor-element elementor-element-6c32e53 elementor-widget elementor-widget-codexunictheme-services-contact-banner\" data-id=\"6c32e53\" data-element_type=\"widget\" data-e-type=\"widget\" data-widget_type=\"codexunictheme-services-contact-banner.default\">\n\t\t\t\t<div class=\"elementor-widget-container\">\n\t\t\t\t\t\r\n        <div class=\"services-details-ct-banner\" style=\"background-image: url('http:\/\/vegawave.ca\/wp-content\/uploads\/2025\/08\/Service_Details_Call_Us_Certified_Technician.jpg');\">\r\n            <div>\r\n                <div class=\"icon\">\r\n                    <i class=\"fa-light fa-phone\"><\/i>\r\n                <\/div>\r\n                <h3>Discutons, contactez-nous!<\/h3>\r\n                <h5>844 360-9119<\/h5>\r\n            <\/div>\r\n            \r\n        <\/div>\r\n        \r\n        \t\t\t\t<\/div>\n\t\t\t\t<\/div>\n\t\t\t\t<\/div>\n\t\t\t\t\t<\/div>\n\t\t\t\t<\/div>\n\t\t\t\t<\/div>","protected":false},"excerpt":{"rendered":"<p>Maritime Connectivity Home Industries and Recent Projects Maritime: Ports and Ships Wireless maritime communications can be divided into two major types: terrestrial and non-terrestrial. Cellular connectivity provides high-speed bandwidth and better latency when compared to satellite communications. This is why cellular networks are an essential part of maritime communications toolset. Whether is it is for [&hellip;]<\/p>","protected":false},"author":1,"featured_media":0,"parent":148,"menu_order":0,"comment_status":"closed","ping_status":"closed","template":"elementor_header_footer","meta":{"_monsterinsights_skip_tracking":false,"_monsterinsights_sitenote_active":false,"_monsterinsights_sitenote_note":"","_monsterinsights_sitenote_category":0,"_uf_show_specific_survey":0,"_uf_disable_surveys":false,"footnotes":""},"class_list":["post-2073","page","type-page","status-publish","hentry"],"aioseo_notices":[],"jetpack_sharing_enabled":true,"_links":{"self":[{"href":"https:\/\/vegawave.ca\/fr\/wp-json\/wp\/v2\/pages\/2073","targetHints":{"allow":["GET"]}}],"collection":[{"href":"https:\/\/vegawave.ca\/fr\/wp-json\/wp\/v2\/pages"}],"about":[{"href":"https:\/\/vegawave.ca\/fr\/wp-json\/wp\/v2\/types\/page"}],"author":[{"embeddable":true,"href":"https:\/\/vegawave.ca\/fr\/wp-json\/wp\/v2\/users\/1"}],"replies":[{"embeddable":true,"href":"https:\/\/vegawave.ca\/fr\/wp-json\/wp\/v2\/comments?post=2073"}],"version-history":[{"count":46,"href":"https:\/\/vegawave.ca\/fr\/wp-json\/wp\/v2\/pages\/2073\/revisions"}],"predecessor-version":[{"id":2647,"href":"https:\/\/vegawave.ca\/fr\/wp-json\/wp\/v2\/pages\/2073\/revisions\/2647"}],"up":[{"embeddable":true,"href":"https:\/\/vegawave.ca\/fr\/wp-json\/wp\/v2\/pages\/148"}],"wp:attachment":[{"href":"https:\/\/vegawave.ca\/fr\/wp-json\/wp\/v2\/media?parent=2073"}],"curies":[{"name":"wp","href":"https:\/\/api.w.org\/{rel}","templated":true}]}}