{"id":2057,"date":"2025-08-28T00:22:31","date_gmt":"2025-08-28T00:22:31","guid":{"rendered":"http:\/\/vegawave.ca\/?page_id=2057"},"modified":"2025-10-02T13:10:04","modified_gmt":"2025-10-02T13:10:04","slug":"smart-cities-and-municipalities-connectivity-in-real-time","status":"publish","type":"page","link":"https:\/\/vegawave.ca\/fr\/solutions-get-improved-cellular-connection-today-for-your-business\/smart-cities-and-municipalities-connectivity-in-real-time\/","title":{"rendered":"Smart Cities and Municipalities"},"content":{"rendered":"<div data-elementor-type=\"wp-page\" data-elementor-id=\"2057\" class=\"elementor elementor-2057\">\n\t\t\t\t<div class=\"elementor-element elementor-element-5bcc92c e-con-full e-flex e-con e-parent\" data-id=\"5bcc92c\" data-element_type=\"container\" data-e-type=\"container\" data-settings=\"{&quot;jet_parallax_layout_list&quot;:[]}\">\n\t\t\t\t<div class=\"elementor-element elementor-element-4fc8a2b elementor-widget elementor-widget-codexunictheme-breadcrumb\" data-id=\"4fc8a2b\" data-element_type=\"widget\" data-e-type=\"widget\" data-widget_type=\"codexunictheme-breadcrumb.default\">\n\t\t\t\t<div class=\"elementor-widget-container\">\n\t\t\t\t\t        \r\n        <section class=\"breadcrumb-section text-center pt-200 pb-140\" style=\"background-image: url('http:\/\/vegawave.ca\/wp-content\/uploads\/2025\/08\/making-city-more-efficient-with-reliable-connecivity.jpg');\">\r\n            <div class=\"container\">\r\n                <div class=\"row\">\r\n                    <div class=\"col-lg-12\">\r\n                        <div class=\"content\">\r\n                            <h2>Connectivit\u00e9 pour les villes intelligentes<\/h2>\r\n                            <ul>\r\n                                <li><a href=\"https:\/\/vegawave.ca\/fr\/\">Acceuil<\/a><\/li>\r\n                                <li>Industries et projets r\u00e9cents<\/li>\r\n                            <\/ul>\r\n                        <\/div>\r\n                    <\/div>\r\n                <\/div>\r\n            <\/div>\r\n        <\/section>\r\n        \r\n        \t\t\t\t<\/div>\n\t\t\t\t<\/div>\n\t\t\t\t<\/div>\n\t\t<div class=\"elementor-element elementor-element-649b4c1 e-flex e-con-boxed e-con e-parent\" data-id=\"649b4c1\" data-element_type=\"container\" data-e-type=\"container\" data-settings=\"{&quot;jet_parallax_layout_list&quot;:[]}\">\n\t\t\t\t\t<div class=\"e-con-inner\">\n\t\t<div class=\"elementor-element elementor-element-138ceee e-con-full e-flex e-con e-child\" data-id=\"138ceee\" data-element_type=\"container\" data-e-type=\"container\" data-settings=\"{&quot;jet_parallax_layout_list&quot;:[]}\">\n\t\t\t\t<div class=\"elementor-element elementor-element-8676297 elementor-widget elementor-widget-menu-anchor\" data-id=\"8676297\" data-element_type=\"widget\" data-e-type=\"widget\" data-widget_type=\"menu-anchor.default\">\n\t\t\t\t<div class=\"elementor-widget-container\">\n\t\t\t\t\t\t\t<div class=\"elementor-menu-anchor\" id=\"anchor_cities\"><\/div>\n\t\t\t\t\t\t<\/div>\n\t\t\t\t<\/div>\n\t\t\t\t<div class=\"elementor-element elementor-element-fe9d56c elementor-widget elementor-widget-image\" data-id=\"fe9d56c\" data-element_type=\"widget\" data-e-type=\"widget\" data-widget_type=\"image.default\">\n\t\t\t\t<div class=\"elementor-widget-container\">\n\t\t\t\t\t\t\t\t\t\t\t\t\t\t\t<img fetchpriority=\"high\" decoding=\"async\" width=\"1280\" height=\"853\" src=\"https:\/\/vegawave.ca\/wp-content\/uploads\/2024\/12\/app_smart_city_reliable_cellular_connectivity_voice_and_data_IoT.jpg\" class=\"attachment-full size-full wp-image-788\" alt=\"Smart city reliable connectivity voice and data IoT\" srcset=\"https:\/\/vegawave.ca\/wp-content\/uploads\/2024\/12\/app_smart_city_reliable_cellular_connectivity_voice_and_data_IoT.jpg 1280w, https:\/\/vegawave.ca\/wp-content\/uploads\/2024\/12\/app_smart_city_reliable_cellular_connectivity_voice_and_data_IoT-300x200.jpg 300w, https:\/\/vegawave.ca\/wp-content\/uploads\/2024\/12\/app_smart_city_reliable_cellular_connectivity_voice_and_data_IoT-1024x682.jpg 1024w, https:\/\/vegawave.ca\/wp-content\/uploads\/2024\/12\/app_smart_city_reliable_cellular_connectivity_voice_and_data_IoT-768x512.jpg 768w\" sizes=\"(max-width: 1280px) 100vw, 1280px\" \/>\t\t\t\t\t\t\t\t\t\t\t\t\t\t\t<\/div>\n\t\t\t\t<\/div>\n\t\t\t\t<div class=\"elementor-element elementor-element-9d7902a elementor-widget elementor-widget-codexunictheme-common-content\" data-id=\"9d7902a\" data-element_type=\"widget\" data-e-type=\"widget\" data-widget_type=\"codexunictheme-common-content.default\">\n\t\t\t\t<div class=\"elementor-widget-container\">\n\t\t\t\t\t\r\n        <div class=\"common-content-section\">\r\n                            <h2>Villes et municipalit\u00e9s<\/h2>\r\n                        <p>Votre ville intelligente restera connect\u00e9e. m\u00e9tros, garages municipaux, mairies, stations de pompage d'eau et syst\u00e8mes de gestion des eaux us\u00e9es\u00a0: tous fonctionnent mieux avec une connectivit\u00e9 cellulaire fiable et permanente. Un transfert de donn\u00e9es ininterrompu est possible.<\/p><h6><strong>La connectivit\u00e9 est essentielle au succ\u00e8s des villes intelligentes<\/strong><\/h6><p>Dans le contexte florissant du d\u00e9veloppement urbain, le terme \u00ab\u00a0ville intelligente\u00a0\u00bb est devenu de plus en plus courant. Fondamentalement, une ville intelligente exploite la technologie et les donn\u00e9es pour am\u00e9liorer la qualit\u00e9 de vie de ses citoyens, optimiser l'efficacit\u00e9 des op\u00e9rations urbaines et promouvoir la durabilit\u00e9.<\/p><h6>Les applications de la ville intelligente comprennent :\u00a0\u00a0<\/h6><ul><li>Reconnaissance automatique des plaques d'immatriculation<\/li><li>Suivi des actifs<\/li><li>Infrastructure de comptage automatique<\/li><li>Surveillance et contr\u00f4le des infrastructures critiques<\/li><li>Affichage num\u00e9rique<\/li><li>Connectivit\u00e9 des casernes de pompiers<\/li><li>Surveillance et contr\u00f4le des infrastructures<\/li><li>Syst\u00e8mes de trafic intelligents (STI)<\/li><li>Automatisation des bornes de stationnements<\/li><li>Connectivit\u00e9 Wi-Fi publique<\/li><li>Contr\u00f4les d'\u00e9clairage public<\/li><li>Contr\u00f4le de la circulation<\/li><li>Vid\u00e9osurveillance<\/li><\/ul><p>Les municipalit\u00e9s b\u00e9n\u00e9ficient \u00e9galement d'applications pour les premiers intervenants, les parcs et les loisirs, les travaux publics, l'eau, les rues et l'assainissement, etc.<\/p><h5>La connectivit\u00e9 et les villes intelligentes c'est l'avenir<\/h5><p>Le paysage de la connectivit\u00e9 dans les villes intelligentes est en constante \u00e9volution. Des tendances \u00e9mergentes o\u00f9 les donn\u00e9es sont trait\u00e9es \u00e0 la source r\u00e9duisent la latence et permettent des r\u00e9ponses plus rapides en temps r\u00e9el. La connectivit\u00e9 n'est plus seulement une commodit\u00e9\u00a0; elle est au c\u0153ur de la ville intelligente moderne.\u00a0<\/p><h2>\u00a0<\/h2><h2>Projets r\u00e9cents de connectivit\u00e9 - villes intelligentes<\/h2><h2><img decoding=\"async\" class=\"alignnone size-full wp-image-242\" src=\"http:\/\/vegawave.ca\/wp-content\/uploads\/2024\/12\/ligne-orange.png\" alt=\"\" width=\"70\" height=\"10\" srcset=\"https:\/\/vegawave.ca\/wp-content\/uploads\/2024\/12\/ligne-orange.png 70w, https:\/\/vegawave.ca\/wp-content\/uploads\/2024\/12\/ligne-orange-18x3.png 18w\" sizes=\"(max-width: 70px) 100vw, 70px\" \/><\/h2><table style=\"width: 100%; border-collapse: collapse; background-color: #eaf2fd;\" cellpadding=\"20\"><tbody><tr><td style=\"width: 100%;\"><img decoding=\"async\" class=\"alignnone wp-image-1695 size-full\" src=\"http:\/\/vegawave.ca\/wp-content\/uploads\/2025\/08\/City_of_Brampton_indoor_pay_stations_wireless_connection.jpg\" alt=\"City of Brampton indoor pay stations wireless connection 24 hours a day\" width=\"800\" height=\"600\" srcset=\"https:\/\/vegawave.ca\/wp-content\/uploads\/2025\/08\/City_of_Brampton_indoor_pay_stations_wireless_connection.jpg 800w, https:\/\/vegawave.ca\/wp-content\/uploads\/2025\/08\/City_of_Brampton_indoor_pay_stations_wireless_connection-300x225.jpg 300w, https:\/\/vegawave.ca\/wp-content\/uploads\/2025\/08\/City_of_Brampton_indoor_pay_stations_wireless_connection-768x576.jpg 768w\" sizes=\"(max-width: 800px) 100vw, 800px\" \/><\/td><\/tr><tr><td style=\"width: 100%;\"><h4>Ville de Brampton (connexion aux parcom\u00e8tres)<\/h4><p>Plusieurs options de stationnement sont disponibles \u00e0 Brampton. Notre \u00e9quipe a proc\u00e9d\u00e9 \u00e0 l'installation de connexion sans fil afin que les bornes de paiement int\u00e9rieures soient op\u00e9rationnelles 24h\/24.\u00a0<\/p><\/td><\/tr><\/tbody><\/table><p>\u00a0<\/p><table style=\"width: 100%; border-collapse: collapse; background-color: #f7f2e9;\" cellpadding=\"20\"><tbody><tr><td style=\"width: 100%;\"><h5><img loading=\"lazy\" decoding=\"async\" class=\"alignnone wp-image-1500 size-full\" src=\"http:\/\/vegawave.ca\/wp-content\/uploads\/2025\/08\/app_wiresless_connectivity_IoT_and-_monitoring_at_city_of_Kingston_Ontario.jpg\" alt=\"Wiresless connectivity IoT and monitoring at city of Kingston Ontario\" width=\"800\" height=\"600\" srcset=\"https:\/\/vegawave.ca\/wp-content\/uploads\/2025\/08\/app_wiresless_connectivity_IoT_and-_monitoring_at_city_of_Kingston_Ontario.jpg 800w, https:\/\/vegawave.ca\/wp-content\/uploads\/2025\/08\/app_wiresless_connectivity_IoT_and-_monitoring_at_city_of_Kingston_Ontario-300x225.jpg 300w, https:\/\/vegawave.ca\/wp-content\/uploads\/2025\/08\/app_wiresless_connectivity_IoT_and-_monitoring_at_city_of_Kingston_Ontario-768x576.jpg 768w\" sizes=\"(max-width: 800px) 100vw, 800px\" \/><\/h5><\/td><\/tr><tr><td style=\"width: 100%;\"><h4>Ville de Kingston (surveillance pollution des eaux)<\/h4><p>Notre \u00e9quipe a proc\u00e9d\u00e9 \u00e0 l'installation d'une connectivit\u00e9 sans fil IdO (IoT) afin que la ville de Kingston puisse surveiller les niveaux de pollution des eaux souterraines. La ville est en mesure d'effectuer une surveillance continue gr\u00e2ce \u00e0 des capteurs automatis\u00e9s et des enregistreurs de donn\u00e9es en temps r\u00e9el qui suivent en continu les param\u00e8tres cl\u00e9s ce qui permet une prise de d\u00e9cision \u00e9clair\u00e9e et des r\u00e9ponses automatis\u00e9es am\u00e9liorant l'efficacit\u00e9 de la ville et le bien-\u00eatre des citoyens.\u00a0<\/p><\/td><\/tr><\/tbody><\/table><p>\u00a0<\/p><table style=\"width: 100%; border-collapse: collapse; background-color: #eaf2fd;\" cellpadding=\"20\"><tbody><tr><td style=\"width: 100%;\"><img loading=\"lazy\" decoding=\"async\" class=\"alignnone wp-image-1552 size-full\" src=\"http:\/\/vegawave.ca\/wp-content\/uploads\/2025\/08\/ville_Montreal_couverture_cellulaire_DAS_pour_traitement_des_eaux_usees.jpg\" alt=\"Smart city Montreal Cellular coverage DAS for wastewater treatment plant\" width=\"800\" height=\"600\" srcset=\"https:\/\/vegawave.ca\/wp-content\/uploads\/2025\/08\/ville_Montreal_couverture_cellulaire_DAS_pour_traitement_des_eaux_usees.jpg 800w, https:\/\/vegawave.ca\/wp-content\/uploads\/2025\/08\/ville_Montreal_couverture_cellulaire_DAS_pour_traitement_des_eaux_usees-300x225.jpg 300w, https:\/\/vegawave.ca\/wp-content\/uploads\/2025\/08\/ville_Montreal_couverture_cellulaire_DAS_pour_traitement_des_eaux_usees-768x576.jpg 768w\" sizes=\"(max-width: 800px) 100vw, 800px\" \/><\/td><\/tr><tr><td style=\"width: 100%;\"><h4>Station d'\u00e9puration des eaux us\u00e9es de Montr\u00e9al (connexion sans fil)<\/h4><p>La station d'\u00e9puration Jean-R. Marcotte de Montr\u00e9al est la troisi\u00e8me plus grande au monde. Les investissements dans les technologies \u00e9co\u00e9nerg\u00e9tiques sont \u00e9galement importants, tout comme les contr\u00f4les intelligents. Nous avons con\u00e7u et install\u00e9 des solutions de surveillance et de maintenance DAS afin que les r\u00e9seaux sans fil internes continuent de fonctionner \u00e0 leur performance maximale. Ainsi, des d\u00e9cisions peuvent \u00eatre prises dans un d\u00e9lais plus rapide.\u00a0<\/p><\/td><\/tr><\/tbody><\/table>        <\/div>\r\n        \r\n        \t\t\t\t<\/div>\n\t\t\t\t<\/div>\n\t\t\t\t<div class=\"elementor-element elementor-element-aae8542 elementor-align-center elementor-widget elementor-widget-button\" data-id=\"aae8542\" data-element_type=\"widget\" data-e-type=\"widget\" data-widget_type=\"button.default\">\n\t\t\t\t<div class=\"elementor-widget-container\">\n\t\t\t\t\t\t\t\t\t<div class=\"elementor-button-wrapper\">\n\t\t\t\t\t<a class=\"elementor-button elementor-button-link elementor-size-sm\" href=\"\/fr\/portfolio\/?filter=smart-cities\">\n\t\t\t\t\t\t<span class=\"elementor-button-content-wrapper\">\n\t\t\t\t\t\t\t\t\t<span class=\"elementor-button-text\">Projets r\u00e9cents de connectivit\u00e9 - villes intelligentes<\/span>\n\t\t\t\t\t<\/span>\n\t\t\t\t\t<\/a>\n\t\t\t\t<\/div>\n\t\t\t\t\t\t\t\t<\/div>\n\t\t\t\t<\/div>\n\t\t\t\t<div class=\"elementor-element elementor-element-ff03d00 elementor-widget elementor-widget-codexunictheme-service-contact\" data-id=\"ff03d00\" data-element_type=\"widget\" data-e-type=\"widget\" data-widget_type=\"codexunictheme-service-contact.default\">\n\t\t\t\t<div class=\"elementor-widget-container\">\n\t\t\t\t\t\r\n        <div class=\"services-contact-section\">\r\n                        <div class=\"icon\">\r\n                <i class=\"fa-regular fa-headset\"><\/i>\r\n            <\/div>\r\n                        <div class=\"row\">\r\n                <div class=\"col-sm-8 align-self-center\">\r\n                    <p>N\u2019h\u00e9sitez pas \u00e0 nous contacter, nous pourrons discuter de votre projet de ville ou municipal.  <\/p>\r\n                <\/div>\r\n                <div class=\"col-sm-4 text-md-right align-self-center\">\r\n                                            <a href=\"\/fr\/contact-us\/\" class=\"button-2\">\r\n                            Contact                        <\/a>\r\n                                    <\/div>\r\n            <\/div>\r\n        <\/div>\r\n        \t\t\t\t<\/div>\n\t\t\t\t<\/div>\n\t\t\t\t<\/div>\n\t\t<div class=\"elementor-element elementor-element-89758a7 e-con-full e-flex e-con e-child\" data-id=\"89758a7\" data-element_type=\"container\" data-e-type=\"container\" data-settings=\"{&quot;jet_parallax_layout_list&quot;:[]}\">\n\t\t\t\t<div class=\"elementor-element elementor-element-a943eb2 elementor-widget elementor-widget-codexunictheme-services-details\" data-id=\"a943eb2\" data-element_type=\"widget\" data-e-type=\"widget\" data-widget_type=\"codexunictheme-services-details.default\">\n\t\t\t\t<div class=\"elementor-widget-container\">\n\t\t\t\t\t\r\n        <div class=\"services-details-list\">\r\n            <h3>Industries<\/h3>\r\n            <ul>\r\n                                    <li class=\"no\"><a href=\"\/fr\/solutions\/healthcare-connectivity\/\">Milieu de la sant\u00e9<\/a><\/li>\r\n                                    <li class=\"no\"><a href=\"\/fr\/solutions\/parking-ev-stations-elevators\/\">Stationnement, bornes, ascenseurs<\/a><\/li>\r\n                                    <li class=\"no\"><a href=\"\/fr\/solutions\/wireless-coverage-for-manufacturing-and-warehouse-buildings\/\">Manufacturier<\/a><\/li>\r\n                                    <li class=\"no\"><a href=\"\/fr\/solutions\/connectivity-for-data-center-datacenter\/\">Centres de donn\u00e9es<\/a><\/li>\r\n                                    <li class=\"no\"><a href=\"\/fr\/solutions\/reliable-cellular-coverage-and-communication-in-emergency-measures\/\">Mesures d'urgence<\/a><\/li>\r\n                                    <li class=\"no\"><a href=\"\/fr\/solutions\/lte-5g-in-building-wireless-solutions-office-buildings\/\">\u00c9difices \u00e0 bureaux<\/a><\/li>\r\n                                    <li class=\"no\"><a href=\"\/fr\/solutions\/construction-site-cellular-connection-strong-signal\/\">Construction<\/a><\/li>\r\n                                    <li class=\"yes\"><a href=\"\/fr\/solutions\/smart-cities-and-municipalities-connectivity-in-real-time\/\">Villes et municipalit\u00e9s<\/a><\/li>\r\n                                    <li class=\"no\"><a href=\"\/fr\/solutions\/maritime-connectivity-lte-5g-solutions-for-the-maritime-industry\/\">Maritime<\/a><\/li>\r\n                                    <li class=\"no\"><a href=\"\/fr\/solutions\/remote-and-rural-site-wireless-connectivity\/\">R\u00e9gion \u00e9loign\u00e9e<\/a><\/li>\r\n                            <\/ul>\r\n        <\/div>\r\n        \r\n        \t\t\t\t<\/div>\n\t\t\t\t<\/div>\n\t\t\t\t<div class=\"elementor-element elementor-element-6c32e53 elementor-widget elementor-widget-codexunictheme-services-contact-banner\" data-id=\"6c32e53\" data-element_type=\"widget\" data-e-type=\"widget\" data-widget_type=\"codexunictheme-services-contact-banner.default\">\n\t\t\t\t<div class=\"elementor-widget-container\">\n\t\t\t\t\t\r\n        <div class=\"services-details-ct-banner\" style=\"background-image: url('http:\/\/vegawave.ca\/wp-content\/uploads\/2025\/08\/Service_Details_Call_Us_Certified_Technician.jpg');\">\r\n            <div>\r\n                <div class=\"icon\">\r\n                    <i class=\"fa-light fa-phone\"><\/i>\r\n                <\/div>\r\n                <h3>Discutons, contactez-nous!<\/h3>\r\n                <h5>844 360-9119<\/h5>\r\n            <\/div>\r\n            \r\n        <\/div>\r\n        \r\n        \t\t\t\t<\/div>\n\t\t\t\t<\/div>\n\t\t\t\t<\/div>\n\t\t\t\t\t<\/div>\n\t\t\t\t<\/div>\n\t\t\t\t<\/div>","protected":false},"excerpt":{"rendered":"<p>Connectivity for Smart Cities Home Industries and Recent Projects Cities and Municipalities Your smart city will stay connected. Subways, municipal garages, city halls, water pumping stations, and wastewater management systems all work best with always-on, reliable cellular connectivity. Uninterrupted data transfer is possible. Connectivity is Crucial for Smart City Success In the burgeoning landscape of [&hellip;]<\/p>","protected":false},"author":1,"featured_media":0,"parent":148,"menu_order":0,"comment_status":"closed","ping_status":"closed","template":"elementor_header_footer","meta":{"_monsterinsights_skip_tracking":false,"_monsterinsights_sitenote_active":false,"_monsterinsights_sitenote_note":"","_monsterinsights_sitenote_category":0,"_uf_show_specific_survey":0,"_uf_disable_surveys":false,"footnotes":""},"class_list":["post-2057","page","type-page","status-publish","hentry"],"aioseo_notices":[],"jetpack_sharing_enabled":true,"_links":{"self":[{"href":"https:\/\/vegawave.ca\/fr\/wp-json\/wp\/v2\/pages\/2057","targetHints":{"allow":["GET"]}}],"collection":[{"href":"https:\/\/vegawave.ca\/fr\/wp-json\/wp\/v2\/pages"}],"about":[{"href":"https:\/\/vegawave.ca\/fr\/wp-json\/wp\/v2\/types\/page"}],"author":[{"embeddable":true,"href":"https:\/\/vegawave.ca\/fr\/wp-json\/wp\/v2\/users\/1"}],"replies":[{"embeddable":true,"href":"https:\/\/vegawave.ca\/fr\/wp-json\/wp\/v2\/comments?post=2057"}],"version-history":[{"count":25,"href":"https:\/\/vegawave.ca\/fr\/wp-json\/wp\/v2\/pages\/2057\/revisions"}],"predecessor-version":[{"id":2605,"href":"https:\/\/vegawave.ca\/fr\/wp-json\/wp\/v2\/pages\/2057\/revisions\/2605"}],"up":[{"embeddable":true,"href":"https:\/\/vegawave.ca\/fr\/wp-json\/wp\/v2\/pages\/148"}],"wp:attachment":[{"href":"https:\/\/vegawave.ca\/fr\/wp-json\/wp\/v2\/media?parent=2057"}],"curies":[{"name":"wp","href":"https:\/\/api.w.org\/{rel}","templated":true}]}}