{"id":2051,"date":"2025-08-28T00:06:38","date_gmt":"2025-08-28T00:06:38","guid":{"rendered":"http:\/\/vegawave.ca\/?page_id=2051"},"modified":"2025-10-02T13:08:15","modified_gmt":"2025-10-02T13:08:15","slug":"construction-site-cellular-connection-strong-signal","status":"publish","type":"page","link":"https:\/\/vegawave.ca\/fr\/solutions-get-improved-cellular-connection-today-for-your-business\/construction-site-cellular-connection-strong-signal\/","title":{"rendered":"Construction Sites Cellular Connection"},"content":{"rendered":"<div data-elementor-type=\"wp-page\" data-elementor-id=\"2051\" class=\"elementor elementor-2051\">\n\t\t\t\t<div class=\"elementor-element elementor-element-5bcc92c e-con-full e-flex e-con e-parent\" data-id=\"5bcc92c\" data-element_type=\"container\" data-e-type=\"container\" data-settings=\"{&quot;jet_parallax_layout_list&quot;:[]}\">\n\t\t\t\t<div class=\"elementor-element elementor-element-4fc8a2b elementor-widget elementor-widget-codexunictheme-breadcrumb\" data-id=\"4fc8a2b\" data-element_type=\"widget\" data-e-type=\"widget\" data-widget_type=\"codexunictheme-breadcrumb.default\">\n\t\t\t\t<div class=\"elementor-widget-container\">\n\t\t\t\t\t        \r\n        <section class=\"breadcrumb-section text-center pt-200 pb-140\" style=\"background-image: url('http:\/\/vegawave.ca\/wp-content\/uploads\/2025\/08\/construction_site_reliable_cellular_coverage.jpg');\">\r\n            <div class=\"container\">\r\n                <div class=\"row\">\r\n                    <div class=\"col-lg-12\">\r\n                        <div class=\"content\">\r\n                            <h2>Construction - Signal cellulaire puissant<\/h2>\r\n                            <ul>\r\n                                <li><a href=\"https:\/\/vegawave.ca\/fr\/\">Acceuil<\/a><\/li>\r\n                                <li>Industries et projets r\u00e9cents<\/li>\r\n                            <\/ul>\r\n                        <\/div>\r\n                    <\/div>\r\n                <\/div>\r\n            <\/div>\r\n        <\/section>\r\n        \r\n        \t\t\t\t<\/div>\n\t\t\t\t<\/div>\n\t\t\t\t<\/div>\n\t\t<div class=\"elementor-element elementor-element-649b4c1 e-flex e-con-boxed e-con e-parent\" data-id=\"649b4c1\" data-element_type=\"container\" data-e-type=\"container\" data-settings=\"{&quot;jet_parallax_layout_list&quot;:[]}\">\n\t\t\t\t\t<div class=\"e-con-inner\">\n\t\t<div class=\"elementor-element elementor-element-138ceee e-con-full e-flex e-con e-child\" data-id=\"138ceee\" data-element_type=\"container\" data-e-type=\"container\" data-settings=\"{&quot;jet_parallax_layout_list&quot;:[]}\">\n\t\t\t\t<div class=\"elementor-element elementor-element-12f84e3 elementor-widget elementor-widget-menu-anchor\" data-id=\"12f84e3\" data-element_type=\"widget\" data-e-type=\"widget\" data-widget_type=\"menu-anchor.default\">\n\t\t\t\t<div class=\"elementor-widget-container\">\n\t\t\t\t\t\t\t<div class=\"elementor-menu-anchor\" id=\"anchor_construction\"><\/div>\n\t\t\t\t\t\t<\/div>\n\t\t\t\t<\/div>\n\t\t\t\t<div class=\"elementor-element elementor-element-ab13cd0 elementor-widget elementor-widget-image\" data-id=\"ab13cd0\" data-element_type=\"widget\" data-e-type=\"widget\" data-widget_type=\"image.default\">\n\t\t\t\t<div class=\"elementor-widget-container\">\n\t\t\t\t\t\t\t\t\t\t\t\t\t\t\t<img fetchpriority=\"high\" decoding=\"async\" width=\"1280\" height=\"853\" src=\"https:\/\/vegawave.ca\/wp-content\/uploads\/2024\/12\/app_construction_site_reliable_cell_phonne_connection.jpg\" class=\"attachment-full size-full wp-image-787\" alt=\"Construction site reliable cell phone connection\" srcset=\"https:\/\/vegawave.ca\/wp-content\/uploads\/2024\/12\/app_construction_site_reliable_cell_phonne_connection.jpg 1280w, https:\/\/vegawave.ca\/wp-content\/uploads\/2024\/12\/app_construction_site_reliable_cell_phonne_connection-300x200.jpg 300w, https:\/\/vegawave.ca\/wp-content\/uploads\/2024\/12\/app_construction_site_reliable_cell_phonne_connection-1024x682.jpg 1024w, https:\/\/vegawave.ca\/wp-content\/uploads\/2024\/12\/app_construction_site_reliable_cell_phonne_connection-768x512.jpg 768w\" sizes=\"(max-width: 1280px) 100vw, 1280px\" \/>\t\t\t\t\t\t\t\t\t\t\t\t\t\t\t<\/div>\n\t\t\t\t<\/div>\n\t\t\t\t<div class=\"elementor-element elementor-element-1e84809 elementor-widget elementor-widget-codexunictheme-common-content\" data-id=\"1e84809\" data-element_type=\"widget\" data-e-type=\"widget\" data-widget_type=\"codexunictheme-common-content.default\">\n\t\t\t\t<div class=\"elementor-widget-container\">\n\t\t\t\t\t\r\n        <div class=\"common-content-section\">\r\n                            <h2>Chantiers de construction<\/h2>\r\n                        <p>B\u00e9n\u00e9ficiez d'une connectivit\u00e9 plus fiable et am\u00e9liorez votre efficacit\u00e9 sur les chantiers de construction. Profitez de d\u00e9bits de donn\u00e9es mobiles plus rapides et d'une utilisation fiable et traditionnelle de votre t\u00e9l\u00e9phone.<\/p><p>Envoyez et recevez des documents, des courriels et des donn\u00e9es depuis votre chantier. La couverture cellulaire sur un chantier garantit un transfert de donn\u00e9es fluide et ininterrompu, ainsi que des appels vocaux d'une clart\u00e9 sup\u00e9rieure.<\/p><blockquote><p>Restez connect\u00e9 en tout temps sans interruption sur votre chantier, c'est possible.Sur les chantiers de construction d'aujourd'hui, la connectivit\u00e9 est tout aussi importante qu'une cloueuse ou une perceuse \u00e9lectrique.<\/p><\/blockquote><h4>Les remorques de chantier sont souvent temporaires<\/h4><p>Sur les chantiers de construction d'aujourd'hui, la connectivit\u00e9 est tout aussi importante qu'une cloueuse ou une perceuse \u00e9lectrique. Tous les projets n\u00e9cessitent un acc\u00e8s r\u00e9seau pour les communications, l'enregistrement de la conformit\u00e9 et la gestion de projet. Comme presque tous les secteurs, la construction et le b\u00e2timent se num\u00e9risent de plus en plus et d\u00e9pendent d'Internet pour leurs activit\u00e9s quotidiennes. Cependant, un chantier pose des d\u00e9fis uniques\u00a0: il peut \u00eatre isol\u00e9, impossible d'obtenir une connexion filaire et est presque toujours temporaire.<\/p><h4>Connectivit\u00e9 cellulaire sur chantier<\/h4><p>Les chantiers de construction pr\u00e9sentent trois principaux d\u00e9fis en mati\u00e8re de connectivit\u00e9\u00a0: ils sont temporaires, parfois isol\u00e9s ou ruraux, et ne peuvent pas prendre en charge une connexion filaire comme les autres solutions Internet professionnelles traditionnelles. VEGA est souvent confront\u00e9 \u00e0 ce type de situation. Nous mettons tout en \u0153uvre pour vous offrir une connexion haut d\u00e9bit sur un chantier actif.<\/p><h4 class=\"item--title st-default\" data-wow-delay=\"ms\"><span class=\"ct-text-inner\">Fournir une connectivit\u00e9 \u00e0 un espace temporaire<\/span><\/h4><p>Cet espace temporaire est un \u00e9l\u00e9ment essentiel de tout chantier, servant souvent de quartier g\u00e9n\u00e9ral mobile pour le projet. Il constitue \u00e9galement un point central pour la communication des questions critiques de s\u00e9curit\u00e9, de conformit\u00e9, de planification, etc. La connectivit\u00e9 avec cet espace souvent \u00ab une roulotte, ou une remorque\u00bb est essentielle pour tout projet.<\/p><h2>Projets r\u00e9cents de couverture cellulaire sur les chantiers de construction<\/h2><p><img decoding=\"async\" class=\"alignnone size-full wp-image-242\" src=\"http:\/\/vegawave.ca\/wp-content\/uploads\/2024\/12\/ligne-orange.png\" alt=\"\" width=\"70\" height=\"10\" srcset=\"https:\/\/vegawave.ca\/wp-content\/uploads\/2024\/12\/ligne-orange.png 70w, https:\/\/vegawave.ca\/wp-content\/uploads\/2024\/12\/ligne-orange-18x3.png 18w\" sizes=\"(max-width: 70px) 100vw, 70px\" \/><\/p><table style=\"width: 100%; border-collapse: collapse; background-color: #eaf2fd;\" cellpadding=\"20\"><tbody><tr><td style=\"width: 100%;\"><img decoding=\"async\" class=\"alignnone wp-image-1462 size-full\" src=\"http:\/\/vegawave.ca\/wp-content\/uploads\/2025\/08\/construction_site_reliable_connectivity.jpg\" alt=\"construction site reliable connectivity\" width=\"800\" height=\"600\" srcset=\"https:\/\/vegawave.ca\/wp-content\/uploads\/2025\/08\/construction_site_reliable_connectivity.jpg 800w, https:\/\/vegawave.ca\/wp-content\/uploads\/2025\/08\/construction_site_reliable_connectivity-300x225.jpg 300w, https:\/\/vegawave.ca\/wp-content\/uploads\/2025\/08\/construction_site_reliable_connectivity-768x576.jpg 768w\" sizes=\"(max-width: 800px) 100vw, 800px\" \/><\/td><\/tr><tr><td style=\"width: 100%;\"><h4>Carrefour Laval, chantier temporaire<\/h4><p>Notre \u00e9quipe a assurer la connectivit\u00e9 permettant ainsi \u00e0 tous les appareils de communiquer, y compris les ordinateurs portables, les tablettes et les smartphones. Les ouvriers du chantier sont donc inform\u00e9s des actualit\u00e9s, des communications, des retards et des changements sur le chantier en temps r\u00e9el.<\/p><\/td><\/tr><\/tbody><\/table><p>\u00a0<\/p><table style=\"width: 100%; border-collapse: collapse; background-color: #f7f2e9;\" cellpadding=\"20\"><tbody><tr><td style=\"width: 100%;\"><img loading=\"lazy\" decoding=\"async\" class=\"alignnone wp-image-1463 size-full\" src=\"http:\/\/vegawave.ca\/wp-content\/uploads\/2025\/08\/construction_site_high_speed_connection.jpg\" alt=\"construction site high-speed connection\" width=\"800\" height=\"600\" srcset=\"https:\/\/vegawave.ca\/wp-content\/uploads\/2025\/08\/construction_site_high_speed_connection.jpg 800w, https:\/\/vegawave.ca\/wp-content\/uploads\/2025\/08\/construction_site_high_speed_connection-300x225.jpg 300w, https:\/\/vegawave.ca\/wp-content\/uploads\/2025\/08\/construction_site_high_speed_connection-768x576.jpg 768w\" sizes=\"(max-width: 800px) 100vw, 800px\" \/><\/td><\/tr><tr><td style=\"width: 100%;\"><h4>Chantiers - Pomerleau construction<\/h4><p>Les communications \u00e9tant un d\u00e9fi constant dans le secteur de la construction, VEGA a particip\u00e9 \u00e0 certains chantiers de construction de Pomerleau pour installer une connectivit\u00e9 sans fil coh\u00e9rente pour le personnel et les remorques sur place.\u00a0<\/p><\/td><\/tr><\/tbody><\/table><p>\u00a0<\/p><table style=\"width: 100%; border-collapse: collapse; background-color: #eaf2fd;\" cellpadding=\"20\"><tbody><tr><td style=\"width: 100%;\"><img loading=\"lazy\" decoding=\"async\" class=\"alignnone wp-image-1465 size-full\" src=\"http:\/\/vegawave.ca\/wp-content\/uploads\/2025\/08\/construction_site_secure_and_efficient_connectivity-1.jpg\" alt=\"construction site secure and efficient connectivity\" width=\"800\" height=\"600\" srcset=\"https:\/\/vegawave.ca\/wp-content\/uploads\/2025\/08\/construction_site_secure_and_efficient_connectivity-1.jpg 800w, https:\/\/vegawave.ca\/wp-content\/uploads\/2025\/08\/construction_site_secure_and_efficient_connectivity-1-300x225.jpg 300w, https:\/\/vegawave.ca\/wp-content\/uploads\/2025\/08\/construction_site_secure_and_efficient_connectivity-1-768x576.jpg 768w\" sizes=\"(max-width: 800px) 100vw, 800px\" \/><\/td><\/tr><tr><td style=\"width: 100%;\"><h4>Magil Construction, remorques de chantier<\/h4><p>Nous avons proc\u00e9d\u00e9 \u00e0 l'amplification de signal au moyen d'installation de syst\u00e8mes LTE 5G fix\u00e9s sur le toit de remorques mobiles afin que les travailleurs sur place puissent acc\u00e9der rapidement \u00e0 un internet s\u00e9curis\u00e9 et efficace tout en assurant une perturbation minimale des op\u00e9rations.<\/p><\/td><\/tr><\/tbody><\/table>        <\/div>\r\n        \r\n        \t\t\t\t<\/div>\n\t\t\t\t<\/div>\n\t\t\t\t<div class=\"elementor-element elementor-element-e310013 elementor-align-center elementor-widget elementor-widget-button\" data-id=\"e310013\" data-element_type=\"widget\" data-e-type=\"widget\" data-widget_type=\"button.default\">\n\t\t\t\t<div class=\"elementor-widget-container\">\n\t\t\t\t\t\t\t\t\t<div class=\"elementor-button-wrapper\">\n\t\t\t\t\t<a class=\"elementor-button elementor-button-link elementor-size-sm\" href=\"\/fr\/portfolio\/?filter=construction\">\n\t\t\t\t\t\t<span class=\"elementor-button-content-wrapper\">\n\t\t\t\t\t\t\t\t\t<span class=\"elementor-button-text\">Projets r\u00e9cents de couverture cellulaire sur les chantiers de construction<\/span>\n\t\t\t\t\t<\/span>\n\t\t\t\t\t<\/a>\n\t\t\t\t<\/div>\n\t\t\t\t\t\t\t\t<\/div>\n\t\t\t\t<\/div>\n\t\t\t\t<div class=\"elementor-element elementor-element-ef4fd37 elementor-widget elementor-widget-codexunictheme-service-contact\" data-id=\"ef4fd37\" data-element_type=\"widget\" data-e-type=\"widget\" data-widget_type=\"codexunictheme-service-contact.default\">\n\t\t\t\t<div class=\"elementor-widget-container\">\n\t\t\t\t\t\r\n        <div class=\"services-contact-section\">\r\n                        <div class=\"icon\">\r\n                <i class=\"fa-regular fa-headset\"><\/i>\r\n            <\/div>\r\n                        <div class=\"row\">\r\n                <div class=\"col-sm-8 align-self-center\">\r\n                    <p>Nous rendons les communications faciles et fiables sur n'importe quel chantier de construction.  <\/p>\r\n                <\/div>\r\n                <div class=\"col-sm-4 text-md-right align-self-center\">\r\n                                            <a href=\"\/fr\/contact-us\/\" class=\"button-2\">\r\n                            Contact                        <\/a>\r\n                                    <\/div>\r\n            <\/div>\r\n        <\/div>\r\n        \t\t\t\t<\/div>\n\t\t\t\t<\/div>\n\t\t\t\t<\/div>\n\t\t<div class=\"elementor-element elementor-element-89758a7 e-con-full e-flex e-con e-child\" data-id=\"89758a7\" data-element_type=\"container\" data-e-type=\"container\" data-settings=\"{&quot;jet_parallax_layout_list&quot;:[]}\">\n\t\t\t\t<div class=\"elementor-element elementor-element-1856e60 elementor-widget elementor-widget-codexunictheme-services-details\" data-id=\"1856e60\" data-element_type=\"widget\" data-e-type=\"widget\" data-widget_type=\"codexunictheme-services-details.default\">\n\t\t\t\t<div class=\"elementor-widget-container\">\n\t\t\t\t\t\r\n        <div class=\"services-details-list\">\r\n            <h3>Industries<\/h3>\r\n            <ul>\r\n                                    <li class=\"no\"><a href=\"\/fr\/solutions\/healthcare-connectivity\/\">Milieu de la sant\u00e9<\/a><\/li>\r\n                                    <li class=\"no\"><a href=\"\/fr\/solutions\/parking-ev-stations-elevators\/\">Stationnement, bornes, ascenseurs<\/a><\/li>\r\n                                    <li class=\"no\"><a href=\"\/fr\/solutions\/wireless-coverage-for-manufacturing-and-warehouse-buildings\/\">Manufacturier<\/a><\/li>\r\n                                    <li class=\"no\"><a href=\"\/fr\/solutions\/connectivity-for-data-center-datacenter\/\">Centres de donn\u00e9es<\/a><\/li>\r\n                                    <li class=\"no\"><a href=\"\/fr\/solutions\/reliable-cellular-coverage-and-communication-in-emergency-measures\/\">Mesures d'urgence<\/a><\/li>\r\n                                    <li class=\"no\"><a href=\"\/fr\/solutions\/lte-5g-in-building-wireless-solutions-office-buildings\/\">\u00c9difices \u00e0 bureaux<\/a><\/li>\r\n                                    <li class=\"yes\"><a href=\"\/fr\/solutions\/construction-site-cellular-connection-strong-signal\/\">Construction<\/a><\/li>\r\n                                    <li class=\"no\"><a href=\"\/fr\/solutions\/smart-cities-and-municipalities-connectivity-in-real-time\/\">Villes et municipalit\u00e9s<\/a><\/li>\r\n                                    <li class=\"no\"><a href=\"\/fr\/solutions\/maritime-connectivity-lte-5g-solutions-for-the-maritime-industry\/\">Maritime<\/a><\/li>\r\n                                    <li class=\"no\"><a href=\"\/fr\/solutions\/remote-and-rural-site-wireless-connectivity\/\">R\u00e9gion \u00e9loign\u00e9e<\/a><\/li>\r\n                            <\/ul>\r\n        <\/div>\r\n        \r\n        \t\t\t\t<\/div>\n\t\t\t\t<\/div>\n\t\t\t\t<div class=\"elementor-element elementor-element-6c32e53 elementor-widget elementor-widget-codexunictheme-services-contact-banner\" data-id=\"6c32e53\" data-element_type=\"widget\" data-e-type=\"widget\" data-widget_type=\"codexunictheme-services-contact-banner.default\">\n\t\t\t\t<div class=\"elementor-widget-container\">\n\t\t\t\t\t\r\n        <div class=\"services-details-ct-banner\" style=\"background-image: url('http:\/\/vegawave.ca\/wp-content\/uploads\/2025\/08\/Service_Details_Call_Us_Certified_Technician.jpg');\">\r\n            <div>\r\n                <div class=\"icon\">\r\n                    <i class=\"fa-light fa-phone\"><\/i>\r\n                <\/div>\r\n                <h3>Discutons, contactez-nous!<\/h3>\r\n                <h5>844 360-9119<\/h5>\r\n            <\/div>\r\n            \r\n        <\/div>\r\n        \r\n        \t\t\t\t<\/div>\n\t\t\t\t<\/div>\n\t\t\t\t<\/div>\n\t\t\t\t\t<\/div>\n\t\t\t\t<\/div>\n\t\t\t\t<\/div>","protected":false},"excerpt":{"rendered":"<p>Construction &#8211; Strong Cellular Signal Home Industries and Recent Projects Construction Sites Achieve more reliable connectivity and improve on-site experience. Whether it&#8217;s an office tower, warehouse, factory, or a regular construction site, get faster cellular data speeds and traditional, reliable phone usage. Send and receive documents, e-mails, and data from the field. High-speed Internet for [&hellip;]<\/p>","protected":false},"author":1,"featured_media":0,"parent":148,"menu_order":0,"comment_status":"closed","ping_status":"closed","template":"elementor_header_footer","meta":{"_monsterinsights_skip_tracking":false,"_monsterinsights_sitenote_active":false,"_monsterinsights_sitenote_note":"","_monsterinsights_sitenote_category":0,"_uf_show_specific_survey":0,"_uf_disable_surveys":false,"footnotes":""},"class_list":["post-2051","page","type-page","status-publish","hentry"],"aioseo_notices":[],"jetpack_sharing_enabled":true,"_links":{"self":[{"href":"https:\/\/vegawave.ca\/fr\/wp-json\/wp\/v2\/pages\/2051","targetHints":{"allow":["GET"]}}],"collection":[{"href":"https:\/\/vegawave.ca\/fr\/wp-json\/wp\/v2\/pages"}],"about":[{"href":"https:\/\/vegawave.ca\/fr\/wp-json\/wp\/v2\/types\/page"}],"author":[{"embeddable":true,"href":"https:\/\/vegawave.ca\/fr\/wp-json\/wp\/v2\/users\/1"}],"replies":[{"embeddable":true,"href":"https:\/\/vegawave.ca\/fr\/wp-json\/wp\/v2\/comments?post=2051"}],"version-history":[{"count":19,"href":"https:\/\/vegawave.ca\/fr\/wp-json\/wp\/v2\/pages\/2051\/revisions"}],"predecessor-version":[{"id":2602,"href":"https:\/\/vegawave.ca\/fr\/wp-json\/wp\/v2\/pages\/2051\/revisions\/2602"}],"up":[{"embeddable":true,"href":"https:\/\/vegawave.ca\/fr\/wp-json\/wp\/v2\/pages\/148"}],"wp:attachment":[{"href":"https:\/\/vegawave.ca\/fr\/wp-json\/wp\/v2\/media?parent=2051"}],"curies":[{"name":"wp","href":"https:\/\/api.w.org\/{rel}","templated":true}]}}