{"id":2036,"date":"2025-08-27T23:58:24","date_gmt":"2025-08-27T23:58:24","guid":{"rendered":"http:\/\/vegawave.ca\/?page_id=2036"},"modified":"2025-09-12T13:58:57","modified_gmt":"2025-09-12T13:58:57","slug":"lte-5g-in-building-wireless-solutions-office-buildings","status":"publish","type":"page","link":"https:\/\/vegawave.ca\/fr\/solutions-get-improved-cellular-connection-today-for-your-business\/lte-5g-in-building-wireless-solutions-office-buildings\/","title":{"rendered":"\u00c9difices \u00e0 bureaux"},"content":{"rendered":"<div data-elementor-type=\"wp-page\" data-elementor-id=\"2036\" class=\"elementor elementor-2036\">\n\t\t\t\t<div class=\"elementor-element elementor-element-5bcc92c e-con-full e-flex e-con e-parent\" data-id=\"5bcc92c\" data-element_type=\"container\" data-e-type=\"container\" data-settings=\"{&quot;jet_parallax_layout_list&quot;:[]}\">\n\t\t\t\t<div class=\"elementor-element elementor-element-4fc8a2b elementor-widget elementor-widget-codexunictheme-breadcrumb\" data-id=\"4fc8a2b\" data-element_type=\"widget\" data-e-type=\"widget\" data-widget_type=\"codexunictheme-breadcrumb.default\">\n\t\t\t\t<div class=\"elementor-widget-container\">\n\t\t\t\t\t        \r\n        <section class=\"breadcrumb-section text-center pt-200 pb-140\" style=\"background-image: url('http:\/\/vegawave.ca\/wp-content\/uploads\/2025\/08\/office_buildings_in_building_wireless_solution_DAS.jpg');\">\r\n            <div class=\"container\">\r\n                <div class=\"row\">\r\n                    <div class=\"col-lg-12\">\r\n                        <div class=\"content\">\r\n                            <h2>\u00c9difices \u00e0 bureaux - une connectivit\u00e9 efficace<\/h2>\r\n                            <ul>\r\n                                <li><a href=\"https:\/\/vegawave.ca\/fr\/\">Acceuil<\/a><\/li>\r\n                                <li>Industries et projets r\u00e9cents<\/li>\r\n                            <\/ul>\r\n                        <\/div>\r\n                    <\/div>\r\n                <\/div>\r\n            <\/div>\r\n        <\/section>\r\n        \r\n        \t\t\t\t<\/div>\n\t\t\t\t<\/div>\n\t\t\t\t<\/div>\n\t\t<div class=\"elementor-element elementor-element-649b4c1 e-flex e-con-boxed e-con e-parent\" data-id=\"649b4c1\" data-element_type=\"container\" data-e-type=\"container\" data-settings=\"{&quot;jet_parallax_layout_list&quot;:[]}\">\n\t\t\t\t\t<div class=\"e-con-inner\">\n\t\t<div class=\"elementor-element elementor-element-138ceee e-con-full e-flex e-con e-child\" data-id=\"138ceee\" data-element_type=\"container\" data-e-type=\"container\" data-settings=\"{&quot;jet_parallax_layout_list&quot;:[]}\">\n\t\t\t\t<div class=\"elementor-element elementor-element-f855690 elementor-widget elementor-widget-menu-anchor\" data-id=\"f855690\" data-element_type=\"widget\" data-e-type=\"widget\" data-widget_type=\"menu-anchor.default\">\n\t\t\t\t<div class=\"elementor-widget-container\">\n\t\t\t\t\t\t\t<div class=\"elementor-menu-anchor\" id=\"anchor_office\"><\/div>\n\t\t\t\t\t\t<\/div>\n\t\t\t\t<\/div>\n\t\t\t\t<div class=\"elementor-element elementor-element-f977f9f elementor-widget elementor-widget-image\" data-id=\"f977f9f\" data-element_type=\"widget\" data-e-type=\"widget\" data-widget_type=\"image.default\">\n\t\t\t\t<div class=\"elementor-widget-container\">\n\t\t\t\t\t\t\t\t\t\t\t\t\t\t\t<img fetchpriority=\"high\" decoding=\"async\" width=\"1280\" height=\"853\" src=\"https:\/\/vegawave.ca\/wp-content\/uploads\/2024\/12\/app_office_buildings_Secure_communications_for_government_buildings_or_businesses.jpg\" class=\"attachment-full size-full wp-image-785\" alt=\"Office buildings Secure cellular communications for government and businesses\" srcset=\"https:\/\/vegawave.ca\/wp-content\/uploads\/2024\/12\/app_office_buildings_Secure_communications_for_government_buildings_or_businesses.jpg 1280w, https:\/\/vegawave.ca\/wp-content\/uploads\/2024\/12\/app_office_buildings_Secure_communications_for_government_buildings_or_businesses-300x200.jpg 300w, https:\/\/vegawave.ca\/wp-content\/uploads\/2024\/12\/app_office_buildings_Secure_communications_for_government_buildings_or_businesses-1024x682.jpg 1024w, https:\/\/vegawave.ca\/wp-content\/uploads\/2024\/12\/app_office_buildings_Secure_communications_for_government_buildings_or_businesses-768x512.jpg 768w\" sizes=\"(max-width: 1280px) 100vw, 1280px\" \/>\t\t\t\t\t\t\t\t\t\t\t\t\t\t\t<\/div>\n\t\t\t\t<\/div>\n\t\t\t\t<div class=\"elementor-element elementor-element-0dfb0fa elementor-widget elementor-widget-codexunictheme-common-content\" data-id=\"0dfb0fa\" data-element_type=\"widget\" data-e-type=\"widget\" data-widget_type=\"codexunictheme-common-content.default\">\n\t\t\t\t<div class=\"elementor-widget-container\">\n\t\t\t\t\t\r\n        <div class=\"common-content-section\">\r\n                            <h2>\u00c9difices \u00e0 bureaux et immeubles commerciaux<\/h2>\r\n                        <p>Communications s\u00e9curis\u00e9es pour les b\u00e2timents gouvernementaux et les entreprises. Les syst\u00e8mes de r\u00e9p\u00e9teurs cellulaires prennent en charge les communications vocales, text et de donn\u00e9es entre les organismes locaux, provinciaux et f\u00e9d\u00e9raux. Nous poss\u00e9dons une vaste exp\u00e9rience pour la connectivit\u00e9 des immeubles.<\/p><p>Dans le monde connect\u00e9 d'aujourd'hui, une couverture cellulaire fiable est indispensable, notamment dans l'immobilier commercial et les \u00e9difices \u00e0 bureaux. Une mauvaise r\u00e9ception cellulaire peut perturber les communications, nuire \u00e0 la productivit\u00e9 et cr\u00e9er de la frustration chez les utilisateurs.\u00a0<\/p><p>Les locataires s'attendent \u00e0 une connectivit\u00e9 mobile rapide et fiable et \u00e0 une couverture compl\u00e8te dans l'ensemble des b\u00e2timents dans lesquels ils vivent, travaillent et font des affaires. Mais les signaux des r\u00e9seaux ext\u00e9rieurs ne sont pas toujours assez puissants pour p\u00e9n\u00e9trer les murs ou le sous-sol d'un b\u00e2timent, ce qui entra\u00eene des zones mortes et une capacit\u00e9 r\u00e9duite.\u00a0<\/p><p>Les mat\u00e9riaux de construction comme l'acier et le b\u00e9ton repoussent les signaux cellulaires, et les configurations complexes avec de nombreux \u00e9tages au-dessus et en dessous du sol peuvent cr\u00e9er des pertes de signal et des zones mortes. De plus, les signaux cellulaires peuvent \u00eatre insuffisants dans les zones o\u00f9 la population est dense.<\/p><h4 class=\"elementor-heading-title elementor-size-default\">Les b\u00e2timents modernes exigent une connectivit\u00e9 constante<\/h4><ul><li>Assurer une connectivit\u00e9 soutenue pour les banques, l'immobilier commercial, les universit\u00e9s, les campus et les commerces de d\u00e9tail<\/li><li>Prise en charge des syst\u00e8mes de s\u00e9curit\u00e9 d'avant-gade<\/li><li>Permettre l'IdO et la connectivit\u00e9 des syst\u00e8mes intelligents pour une efficacit\u00e9 op\u00e9rationnelle<\/li><li>Optimiser la gestion des stationnements et du trafic<\/li><li>Am\u00e9liorer les paiements mobiles et l'int\u00e9gration du commerce \u00e9lectronique<\/li><li>Permettre une communication en temps r\u00e9el pour le personnel et les op\u00e9rations<\/li><\/ul><p>Des banques aux immeubles de bureaux, VEGA optimise la connectivit\u00e9 cellulaire en d\u00e9ployant des antennes de mani\u00e8re strat\u00e9gique. Restez connect\u00e9 o\u00f9 que vous soyez gr\u00e2ce \u00e0 notre vaste exp\u00e9rience en conception et installation de syst\u00e8mes DAS. Nous utilisons des technologies de connectivit\u00e9 de pointe pour garantir \u00e0 vos b\u00e2timents une connexion de grande qualit\u00e9, de jour comme de nuit. Notre \u00e9quipe poss\u00e8de l'expertise et l'exp\u00e9rience n\u00e9cessaires pour concevoir et construire des syst\u00e8mes DAS de qualit\u00e9 sup\u00e9rieure.\u00a0\u00a0<\/p><p>Plusieurs personnes nous demandent \u00ab\u00a0Et le Wi-Fi\u00a0?\u00a0\u00bb On peut parfois supposer qu'une seule solution sans fil est n\u00e9cessaire, mais les r\u00e9seaux cellulaire et Wi-Fi sont conjointement recommand\u00e9s pour les immeubles commerciaux modernes. Le Wi-Fi et les DAS cellulaires ont des objectifs distincts, et ils fonctionnent en compl\u00e9ment dans les immeubles de bureaux au sein d'une solution de connectivit\u00e9 compl\u00e8te.<\/p><h2>Projets r\u00e9cents dans des b\u00e2timents commerciaux<\/h2><p><img decoding=\"async\" class=\"alignnone size-full wp-image-242\" src=\"http:\/\/vegawave.ca\/wp-content\/uploads\/2024\/12\/ligne-orange.png\" alt=\"\" width=\"70\" height=\"10\" srcset=\"https:\/\/vegawave.ca\/wp-content\/uploads\/2024\/12\/ligne-orange.png 70w, https:\/\/vegawave.ca\/wp-content\/uploads\/2024\/12\/ligne-orange-18x3.png 18w\" sizes=\"(max-width: 70px) 100vw, 70px\" \/><\/p><table style=\"width: 100%; border-collapse: collapse; background-color: #eaf2fd;\" cellpadding=\"20\"><tbody><tr><td style=\"width: 100%;\"><img decoding=\"async\" class=\"alignnone wp-image-1771 size-full\" src=\"http:\/\/vegawave.ca\/wp-content\/uploads\/2025\/08\/connectivity_LTE_5G_pharmaceutical-_industry_at_royalmount_montreal_national_research_council_office-2.jpg\" alt=\"Connectivity LTE 5G pharmaceutical industry at Royalmount Montreal National Research Council Office Building\" width=\"800\" height=\"600\" srcset=\"https:\/\/vegawave.ca\/wp-content\/uploads\/2025\/08\/connectivity_LTE_5G_pharmaceutical-_industry_at_royalmount_montreal_national_research_council_office-2.jpg 800w, https:\/\/vegawave.ca\/wp-content\/uploads\/2025\/08\/connectivity_LTE_5G_pharmaceutical-_industry_at_royalmount_montreal_national_research_council_office-2-300x225.jpg 300w, https:\/\/vegawave.ca\/wp-content\/uploads\/2025\/08\/connectivity_LTE_5G_pharmaceutical-_industry_at_royalmount_montreal_national_research_council_office-2-768x576.jpg 768w\" sizes=\"(max-width: 800px) 100vw, 800px\" \/><\/td><\/tr><tr><td style=\"width: 100%;\"><h4>Conseil national de recherches (CNRC), Montr\u00e9al<\/h4><p>VEGA a pris en charge la gestion compl\u00e8te de la connectivit\u00e9 LTE 5G pour les bureaux, les installations de fabrication et d'essais du b\u00e2timent Royalmount du CNRC \u00e0 Montr\u00e9al, permettant l'utilisation ininterrompue de t\u00e9l\u00e9phones et de tablettes \u00e0 l'int\u00e9rieur des installations.\u00a0<\/p><\/td><\/tr><\/tbody><\/table><p>\u00a0<\/p><table style=\"width: 100%; border-collapse: collapse; background-color: #f7f2e9;\" cellpadding=\"20\"><tbody><tr><td style=\"width: 100%;\"><img loading=\"lazy\" decoding=\"async\" class=\"alignnone wp-image-1436 size-full\" src=\"http:\/\/vegawave.ca\/wp-content\/uploads\/2025\/08\/DAS_network_at_Montreal_University_ensure_24-7_connectivity.jpg\" alt=\"DAS network at Montreal University ensure 24-7 connectivity\" width=\"800\" height=\"600\" srcset=\"https:\/\/vegawave.ca\/wp-content\/uploads\/2025\/08\/DAS_network_at_Montreal_University_ensure_24-7_connectivity.jpg 800w, https:\/\/vegawave.ca\/wp-content\/uploads\/2025\/08\/DAS_network_at_Montreal_University_ensure_24-7_connectivity-300x225.jpg 300w, https:\/\/vegawave.ca\/wp-content\/uploads\/2025\/08\/DAS_network_at_Montreal_University_ensure_24-7_connectivity-768x576.jpg 768w\" sizes=\"(max-width: 800px) 100vw, 800px\" \/><\/td><\/tr><tr><td style=\"width: 100%;\"><h4>Universit\u00e9 de Montr\u00e9al (DAS)<\/h4><p>Notre mandat \u00e9tait de fournir la conception d\u2019un syst\u00e8me d\u2019antennes distribu\u00e9es (DAS) complet pour un nouveau b\u00e2timent de 12 \u00e9tages.\u00a0 \u00a0\u00a0<\/p><\/td><\/tr><\/tbody><\/table><p>\u00a0<\/p><table style=\"width: 100%; border-collapse: collapse; background-color: #eaf2fd;\" cellpadding=\"20\"><tbody><tr><td style=\"width: 100%;\"><img loading=\"lazy\" decoding=\"async\" class=\"alignnone wp-image-1453 size-full\" src=\"http:\/\/vegawave.ca\/wp-content\/uploads\/2025\/08\/ftq_building_Brossard_cellular_coverage_installation.jpg\" alt=\"FTQ offices in Brossard wireless cellular coverage installation\" width=\"800\" height=\"600\" srcset=\"https:\/\/vegawave.ca\/wp-content\/uploads\/2025\/08\/ftq_building_Brossard_cellular_coverage_installation.jpg 800w, https:\/\/vegawave.ca\/wp-content\/uploads\/2025\/08\/ftq_building_Brossard_cellular_coverage_installation-300x225.jpg 300w, https:\/\/vegawave.ca\/wp-content\/uploads\/2025\/08\/ftq_building_Brossard_cellular_coverage_installation-768x576.jpg 768w\" sizes=\"(max-width: 800px) 100vw, 800px\" \/><\/td><\/tr><tr><td style=\"width: 100%;\"><h4>408 Boulevard Lapini\u00e8re<\/h4><p>Suite \u00e0 une analyse du site, VEGA a con\u00e7u le syst\u00e8me d'antennes distribu\u00e9s DAS du b\u00e2timent. Avec l'approbation de Galion Gestion D\u00e9veloppement Immobilier, nos techniciens ont proc\u00e9d\u00e9 \u00e0 l'installation d'une couverture cellulaire LTE 5G fiable permettant une connectivit\u00e9 24h\/24 et 7j\/7, la s\u00e9curit\u00e9 des transferts de donn\u00e9es et la r\u00e9duction des interf\u00e9rences et des probl\u00e8mes de trafic r\u00e9seau. La connectivit\u00e9 est devenue fluide et ininterrompue \u00e0 la Banque TD Toronto Dominion ainsi que dans les autres commerces de l'\u00e9difice.\u00a0<\/p><\/td><\/tr><\/tbody><\/table>        <\/div>\r\n        \r\n        \t\t\t\t<\/div>\n\t\t\t\t<\/div>\n\t\t\t\t<div class=\"elementor-element elementor-element-76bfc36 elementor-align-center elementor-widget elementor-widget-button\" data-id=\"76bfc36\" data-element_type=\"widget\" data-e-type=\"widget\" data-widget_type=\"button.default\">\n\t\t\t\t<div class=\"elementor-widget-container\">\n\t\t\t\t\t\t\t\t\t<div class=\"elementor-button-wrapper\">\n\t\t\t\t\t<a class=\"elementor-button elementor-button-link elementor-size-sm\" href=\"\/fr\/portfolio\/?filter=office-buildings\">\n\t\t\t\t\t\t<span class=\"elementor-button-content-wrapper\">\n\t\t\t\t\t\t\t\t\t<span class=\"elementor-button-text\">Projets r\u00e9cents dans des b\u00e2timents commerciaux<\/span>\n\t\t\t\t\t<\/span>\n\t\t\t\t\t<\/a>\n\t\t\t\t<\/div>\n\t\t\t\t\t\t\t\t<\/div>\n\t\t\t\t<\/div>\n\t\t\t\t<div class=\"elementor-element elementor-element-134c840 elementor-widget elementor-widget-codexunictheme-service-contact\" data-id=\"134c840\" data-element_type=\"widget\" data-e-type=\"widget\" data-widget_type=\"codexunictheme-service-contact.default\">\n\t\t\t\t<div class=\"elementor-widget-container\">\n\t\t\t\t\t\r\n        <div class=\"services-contact-section\">\r\n                        <div class=\"icon\">\r\n                <i class=\"fa-regular fa-headset\"><\/i>\r\n            <\/div>\r\n                        <div class=\"row\">\r\n                <div class=\"col-sm-8 align-self-center\">\r\n                    <p>Nos solutions int\u00e9gr\u00e9es am\u00e9lioreront la couverture cellulaire votre b\u00e2timent. \u00c9liminez les zones mortes.<\/p>\r\n                <\/div>\r\n                <div class=\"col-sm-4 text-md-right align-self-center\">\r\n                                            <a href=\"\/fr\/contact-us\/\" class=\"button-2\">\r\n                            Contact                        <\/a>\r\n                                    <\/div>\r\n            <\/div>\r\n        <\/div>\r\n        \t\t\t\t<\/div>\n\t\t\t\t<\/div>\n\t\t\t\t<\/div>\n\t\t<div class=\"elementor-element elementor-element-89758a7 e-con-full e-flex e-con e-child\" data-id=\"89758a7\" data-element_type=\"container\" data-e-type=\"container\" data-settings=\"{&quot;jet_parallax_layout_list&quot;:[]}\">\n\t\t\t\t<div class=\"elementor-element elementor-element-93b3735 elementor-widget elementor-widget-codexunictheme-services-details\" data-id=\"93b3735\" data-element_type=\"widget\" data-e-type=\"widget\" data-widget_type=\"codexunictheme-services-details.default\">\n\t\t\t\t<div class=\"elementor-widget-container\">\n\t\t\t\t\t\r\n        <div class=\"services-details-list\">\r\n            <h3>Industries<\/h3>\r\n            <ul>\r\n                                    <li class=\"no\"><a href=\"\/fr\/solutions\/healthcare-connectivity\/\">Milieu de la sant\u00e9<\/a><\/li>\r\n                                    <li class=\"no\"><a href=\"\/fr\/solutions\/parking-ev-stations-elevators\/\">Stationnement, bornes, ascenseurs<\/a><\/li>\r\n                                    <li class=\"no\"><a href=\"\/fr\/solutions\/wireless-coverage-for-manufacturing-and-warehouse-buildings\/\">Manufacturier<\/a><\/li>\r\n                                    <li class=\"no\"><a href=\"\/fr\/solutions\/connectivity-for-data-center-datacenter\/\">Centres de donn\u00e9es<\/a><\/li>\r\n                                    <li class=\"no\"><a href=\"\/fr\/solutions\/reliable-cellular-coverage-and-communication-in-emergency-measures\/\">Mesures d'urgence<\/a><\/li>\r\n                                    <li class=\"yes\"><a href=\"\/fr\/solutions\/lte-5g-in-building-wireless-solutions-office-buildings\/\">\u00c9difices \u00e0 bureaux<\/a><\/li>\r\n                                    <li class=\"no\"><a href=\"\/fr\/solutions\/construction-site-cellular-connection-strong-signal\/\">Construction<\/a><\/li>\r\n                                    <li class=\"no\"><a href=\"\/fr\/solutions\/smart-cities-and-municipalities-connectivity-in-real-time\/\">Villes et municipalit\u00e9s<\/a><\/li>\r\n                                    <li class=\"no\"><a href=\"\/fr\/solutions\/maritime-connectivity-lte-5g-solutions-for-the-maritime-industry\/\">Maritime<\/a><\/li>\r\n                                    <li class=\"no\"><a href=\"\/fr\/solutions\/remote-and-rural-site-wireless-connectivity\/\">R\u00e9gion \u00e9loign\u00e9e<\/a><\/li>\r\n                            <\/ul>\r\n        <\/div>\r\n        \r\n        \t\t\t\t<\/div>\n\t\t\t\t<\/div>\n\t\t\t\t<div class=\"elementor-element elementor-element-6c32e53 elementor-widget elementor-widget-codexunictheme-services-contact-banner\" data-id=\"6c32e53\" data-element_type=\"widget\" data-e-type=\"widget\" data-widget_type=\"codexunictheme-services-contact-banner.default\">\n\t\t\t\t<div class=\"elementor-widget-container\">\n\t\t\t\t\t\r\n        <div class=\"services-details-ct-banner\" style=\"background-image: url('http:\/\/vegawave.ca\/wp-content\/uploads\/2025\/08\/Service_Details_Call_Us_Certified_Technician.jpg');\">\r\n            <div>\r\n                <div class=\"icon\">\r\n                    <i class=\"fa-light fa-phone\"><\/i>\r\n                <\/div>\r\n                <h3>Discutons, contactez-nous!<\/h3>\r\n                <h5>844 360-9119<\/h5>\r\n            <\/div>\r\n            \r\n        <\/div>\r\n        \r\n        \t\t\t\t<\/div>\n\t\t\t\t<\/div>\n\t\t\t\t<\/div>\n\t\t\t\t\t<\/div>\n\t\t\t\t<\/div>\n\t\t<div class=\"elementor-element elementor-element-e9d6264 e-flex e-con-boxed e-con e-parent\" data-id=\"e9d6264\" data-element_type=\"container\" data-e-type=\"container\" data-settings=\"{&quot;jet_parallax_layout_list&quot;:[]}\">\n\t\t\t\t\t<div class=\"e-con-inner\">\n\t\t\t\t\t<\/div>\n\t\t\t\t<\/div>\n\t\t\t\t<\/div>","protected":false},"excerpt":{"rendered":"<p>Office Buildings &#8211; Connectivity that Works Home Industries and Recent Projects Office and Commercial Buildings Secure communications for government buildings or businesses. Cellular repeater systems support critical voice, text, and data communications between local, provincial, and federal agencies. We have a vast experience with office buildings. In today\u2019s connected world, reliable cellular coverage is a [&hellip;]<\/p>","protected":false},"author":1,"featured_media":0,"parent":148,"menu_order":0,"comment_status":"closed","ping_status":"closed","template":"elementor_header_footer","meta":{"_monsterinsights_skip_tracking":false,"_monsterinsights_sitenote_active":false,"_monsterinsights_sitenote_note":"","_monsterinsights_sitenote_category":0,"_uf_show_specific_survey":0,"_uf_disable_surveys":false,"footnotes":""},"class_list":["post-2036","page","type-page","status-publish","hentry"],"aioseo_notices":[],"jetpack_sharing_enabled":true,"_links":{"self":[{"href":"https:\/\/vegawave.ca\/fr\/wp-json\/wp\/v2\/pages\/2036","targetHints":{"allow":["GET"]}}],"collection":[{"href":"https:\/\/vegawave.ca\/fr\/wp-json\/wp\/v2\/pages"}],"about":[{"href":"https:\/\/vegawave.ca\/fr\/wp-json\/wp\/v2\/types\/page"}],"author":[{"embeddable":true,"href":"https:\/\/vegawave.ca\/fr\/wp-json\/wp\/v2\/users\/1"}],"replies":[{"embeddable":true,"href":"https:\/\/vegawave.ca\/fr\/wp-json\/wp\/v2\/comments?post=2036"}],"version-history":[{"count":22,"href":"https:\/\/vegawave.ca\/fr\/wp-json\/wp\/v2\/pages\/2036\/revisions"}],"predecessor-version":[{"id":2431,"href":"https:\/\/vegawave.ca\/fr\/wp-json\/wp\/v2\/pages\/2036\/revisions\/2431"}],"up":[{"embeddable":true,"href":"https:\/\/vegawave.ca\/fr\/wp-json\/wp\/v2\/pages\/148"}],"wp:attachment":[{"href":"https:\/\/vegawave.ca\/fr\/wp-json\/wp\/v2\/media?parent=2036"}],"curies":[{"name":"wp","href":"https:\/\/api.w.org\/{rel}","templated":true}]}}