{"id":2024,"date":"2025-08-27T23:42:51","date_gmt":"2025-08-27T23:42:51","guid":{"rendered":"http:\/\/vegawave.ca\/?page_id=2024"},"modified":"2025-10-02T12:53:12","modified_gmt":"2025-10-02T12:53:12","slug":"reliable-cellular-coverage-and-communication-in-emergency-measures","status":"publish","type":"page","link":"https:\/\/vegawave.ca\/fr\/solutions-get-improved-cellular-connection-today-for-your-business\/reliable-cellular-coverage-and-communication-in-emergency-measures\/","title":{"rendered":"Emergency Measures &#8211; Reliable Communications"},"content":{"rendered":"<div data-elementor-type=\"wp-page\" data-elementor-id=\"2024\" class=\"elementor elementor-2024\">\n\t\t\t\t<div class=\"elementor-element elementor-element-5bcc92c e-con-full e-flex e-con e-parent\" data-id=\"5bcc92c\" data-element_type=\"container\" data-e-type=\"container\" data-settings=\"{&quot;jet_parallax_layout_list&quot;:[]}\">\n\t\t\t\t<div class=\"elementor-element elementor-element-4fc8a2b elementor-widget elementor-widget-codexunictheme-breadcrumb\" data-id=\"4fc8a2b\" data-element_type=\"widget\" data-e-type=\"widget\" data-widget_type=\"codexunictheme-breadcrumb.default\">\n\t\t\t\t<div class=\"elementor-widget-container\">\n\t\t\t\t\t        \r\n        <section class=\"breadcrumb-section text-center pt-200 pb-140\" style=\"background-image: url('http:\/\/vegawave.ca\/wp-content\/uploads\/2025\/08\/reliable_communication_in_emergencies_LTE_5G_installation.jpg');\">\r\n            <div class=\"container\">\r\n                <div class=\"row\">\r\n                    <div class=\"col-lg-12\">\r\n                        <div class=\"content\">\r\n                            <h2>Mesures d'urgence - Connexions fiables<\/h2>\r\n                            <ul>\r\n                                <li><a href=\"https:\/\/vegawave.ca\/fr\/\">Acceuil<\/a><\/li>\r\n                                <li>Industries et projets r\u00e9cents<\/li>\r\n                            <\/ul>\r\n                        <\/div>\r\n                    <\/div>\r\n                <\/div>\r\n            <\/div>\r\n        <\/section>\r\n        \r\n        \t\t\t\t<\/div>\n\t\t\t\t<\/div>\n\t\t\t\t<\/div>\n\t\t<div class=\"elementor-element elementor-element-649b4c1 e-flex e-con-boxed e-con e-parent\" data-id=\"649b4c1\" data-element_type=\"container\" data-e-type=\"container\" data-settings=\"{&quot;jet_parallax_layout_list&quot;:[]}\">\n\t\t\t\t\t<div class=\"e-con-inner\">\n\t\t<div class=\"elementor-element elementor-element-138ceee e-con-full e-flex e-con e-child\" data-id=\"138ceee\" data-element_type=\"container\" data-e-type=\"container\" data-settings=\"{&quot;jet_parallax_layout_list&quot;:[]}\">\n\t\t\t\t<div class=\"elementor-element elementor-element-827948e elementor-widget elementor-widget-menu-anchor\" data-id=\"827948e\" data-element_type=\"widget\" data-e-type=\"widget\" data-widget_type=\"menu-anchor.default\">\n\t\t\t\t<div class=\"elementor-widget-container\">\n\t\t\t\t\t\t\t<div class=\"elementor-menu-anchor\" id=\"anchor_emergency\"><\/div>\n\t\t\t\t\t\t<\/div>\n\t\t\t\t<\/div>\n\t\t\t\t<div class=\"elementor-element elementor-element-c7ff13b elementor-widget elementor-widget-image\" data-id=\"c7ff13b\" data-element_type=\"widget\" data-e-type=\"widget\" data-widget_type=\"image.default\">\n\t\t\t\t<div class=\"elementor-widget-container\">\n\t\t\t\t\t\t\t\t\t\t\t\t\t\t\t<img fetchpriority=\"high\" decoding=\"async\" width=\"1280\" height=\"853\" src=\"https:\/\/vegawave.ca\/wp-content\/uploads\/2025\/08\/app_emergency_measures_wireless_cellular_coverage-1.jpg\" class=\"attachment-full size-full wp-image-1533\" alt=\"Emergency measures wireless cellular coverage\" srcset=\"https:\/\/vegawave.ca\/wp-content\/uploads\/2025\/08\/app_emergency_measures_wireless_cellular_coverage-1.jpg 1280w, https:\/\/vegawave.ca\/wp-content\/uploads\/2025\/08\/app_emergency_measures_wireless_cellular_coverage-1-300x200.jpg 300w, https:\/\/vegawave.ca\/wp-content\/uploads\/2025\/08\/app_emergency_measures_wireless_cellular_coverage-1-1024x682.jpg 1024w, https:\/\/vegawave.ca\/wp-content\/uploads\/2025\/08\/app_emergency_measures_wireless_cellular_coverage-1-768x512.jpg 768w\" sizes=\"(max-width: 1280px) 100vw, 1280px\" \/>\t\t\t\t\t\t\t\t\t\t\t\t\t\t\t<\/div>\n\t\t\t\t<\/div>\n\t\t\t\t<div class=\"elementor-element elementor-element-eba7833 elementor-widget elementor-widget-codexunictheme-common-content\" data-id=\"eba7833\" data-element_type=\"widget\" data-e-type=\"widget\" data-widget_type=\"codexunictheme-common-content.default\">\n\t\t\t\t<div class=\"elementor-widget-container\">\n\t\t\t\t\t\r\n        <div class=\"common-content-section\">\r\n                            <h2>Mesures d'urgence<\/h2>\r\n                        <p>La connectivit\u00e9 est primordiale dans la gestion des urgences. Les syst\u00e8mes de r\u00e9p\u00e9teurs cellulaires portables et fixes am\u00e9liorent les communications critiques, permettant aux organismes de s\u00e9curit\u00e9 publique de r\u00e9agir rapidement aux crises et de fournir des services vitaux quelle que soit la situation (catastrophe naturelle, COVID, etc.).<\/p><p>Au quotidien, nous d\u00e9pendons fortement de la connectivit\u00e9, et les services d'urgence ne font pas exception. Une urgence peut survenir n'importe o\u00f9 et \u00e0 tout moment, y compris dans les zones o\u00f9 la couverture est mauvaise et o\u00f9 les r\u00e9seaux publics sont susceptibles d'\u00eatre satur\u00e9s.<\/p><p><strong>La s\u00e9curit\u00e9 publique commence parfois par un appel au 9-1-1<\/strong><\/p><p>La communication est essentielle, que vous coordonniez une \u00e9vacuation de grande ampleur ou que vous cherchiez simplement \u00e0 savoir si une famille est en s\u00e9curit\u00e9. Cependant, les r\u00e9seaux de communication traditionnels (lignes fixes et connexions internet) sont souvent parmi les premiers \u00e0 \u00eatre interrompus en cas de crise.<\/p><h4><strong>Communication fiable en cas d'urgence<\/strong><\/h4><blockquote><p>Nous fournissons des services voix, vid\u00e9o et donn\u00e9es efficaces et s\u00e9curis\u00e9s aux premiers intervenants, leur permettant de transmettre des donn\u00e9es, des images et des informations vitales en situation r\u00e9elle et en cas d'urgence. Nos utilisateurs incluent les ambulanciers, les services gouvernementaux, la police, les pompiers et les services de secours, ainsi que les prestataires de services des villes et des municipalit\u00e9s.\u00a0<\/p><\/blockquote><h2>\u00a0<\/h2><h2>Projets de couverture cellulaire pour les mesures d'urgence<\/h2><p><img decoding=\"async\" class=\"alignnone size-full wp-image-242\" src=\"http:\/\/vegawave.ca\/wp-content\/uploads\/2024\/12\/ligne-orange.png\" alt=\"\" width=\"70\" height=\"10\" srcset=\"https:\/\/vegawave.ca\/wp-content\/uploads\/2024\/12\/ligne-orange.png 70w, https:\/\/vegawave.ca\/wp-content\/uploads\/2024\/12\/ligne-orange-18x3.png 18w\" sizes=\"(max-width: 70px) 100vw, 70px\" \/><\/p><table style=\"width: 100%; border-collapse: collapse; background-color: #eaf2fd;\" cellpadding=\"20\"><tbody><tr><td style=\"width: 100%;\"><img decoding=\"async\" class=\"alignnone wp-image-1384 size-full\" src=\"http:\/\/vegawave.ca\/wp-content\/uploads\/2025\/08\/emergency_measures_wireless_coverage_Ottawa_arena_during_Covid.jpg\" alt=\"emergency measures wireless coverage Ottawa arena during Covid\" width=\"800\" height=\"600\" srcset=\"https:\/\/vegawave.ca\/wp-content\/uploads\/2025\/08\/emergency_measures_wireless_coverage_Ottawa_arena_during_Covid.jpg 800w, https:\/\/vegawave.ca\/wp-content\/uploads\/2025\/08\/emergency_measures_wireless_coverage_Ottawa_arena_during_Covid-300x225.jpg 300w, https:\/\/vegawave.ca\/wp-content\/uploads\/2025\/08\/emergency_measures_wireless_coverage_Ottawa_arena_during_Covid-768x576.jpg 768w\" sizes=\"(max-width: 800px) 100vw, 800px\" \/><\/td><\/tr><tr><td style=\"width: 100%;\"><h4>Ville d'Ottawa (h\u00f4pital temporaire)<\/h4><p>Notre \u00e9quipe s'est assur\u00e9e que la connectivit\u00e9 prenait en charge le centre hospitalier temporaire dans un ar\u00e9na d'Ottawa. Bien s\u00fbr, il \u00e9tait crucial de disposer de technologies de communication solides et fiables. Nous nous en sommes assur\u00e9s et ce, avec un d\u00e9ploiement rapide.<\/p><\/td><\/tr><\/tbody><\/table><table style=\"width: 100%; border-collapse: collapse; background-color: #f7f2e9;\" cellpadding=\"20\"><tbody><tr><td style=\"width: 100%;\"><img loading=\"lazy\" decoding=\"async\" class=\"alignnone wp-image-1674 size-full\" src=\"http:\/\/vegawave.ca\/wp-content\/uploads\/2025\/08\/emergency_internet_airport.jpg\" alt=\"emergency internet airport\" width=\"800\" height=\"600\" srcset=\"https:\/\/vegawave.ca\/wp-content\/uploads\/2025\/08\/emergency_internet_airport.jpg 800w, https:\/\/vegawave.ca\/wp-content\/uploads\/2025\/08\/emergency_internet_airport-300x225.jpg 300w, https:\/\/vegawave.ca\/wp-content\/uploads\/2025\/08\/emergency_internet_airport-768x576.jpg 768w\" sizes=\"(max-width: 800px) 100vw, 800px\" \/><\/td><\/tr><tr><td style=\"width: 100%;\"><h4>A\u00e9roport (internet d'urgence)<\/h4><p>Notre \u00e9quipe a \u00e9t\u00e9 appel\u00e9e pour installer un syst\u00e8me de secours internet d'urgence dans un a\u00e9roport international. L'a\u00e9roport connaissait des probl\u00e8mes de connectivit\u00e9 et plusieurs syst\u00e8mes informatiques \u00e9taient hors service, ce qui a entra\u00een\u00e9 d'importants retards.<\/p><p>Nos techniciens ont rapidement install\u00e9 un syst\u00e8me internet de secours. Nous avons veill\u00e9 \u00e0 ce que les communications soient fiables, efficaces et que le signal soit clair en permanence. La situation est ainsi revenue \u00e0 la normale gr\u00e2ce \u00e0 une connexion internet de secours fiable \u00e0 l'a\u00e9roport.\u00a0\u00a0<\/p><\/td><\/tr><\/tbody><\/table><table style=\"width: 100%; border-collapse: collapse; background-color: #eaf2fd;\" cellpadding=\"20\"><tbody><tr><td style=\"width: 100%;\"><img loading=\"lazy\" decoding=\"async\" class=\"alignnone wp-image-1415 size-full\" src=\"http:\/\/vegawave.ca\/wp-content\/uploads\/2025\/08\/emergency_internet_corporate_offices.jpg\" alt=\"Emergency internet backup system in corporate offices\" width=\"800\" height=\"600\" srcset=\"https:\/\/vegawave.ca\/wp-content\/uploads\/2025\/08\/emergency_internet_corporate_offices.jpg 800w, https:\/\/vegawave.ca\/wp-content\/uploads\/2025\/08\/emergency_internet_corporate_offices-300x225.jpg 300w, https:\/\/vegawave.ca\/wp-content\/uploads\/2025\/08\/emergency_internet_corporate_offices-768x576.jpg 768w\" sizes=\"(max-width: 800px) 100vw, 800px\" \/><\/td><\/tr><tr><td style=\"width: 100%;\"><h4>Bureaux d'entreprise du S&amp;P 500 (syst\u00e8mes de secours Internet)<\/h4><p>Lorsqu'il est question de communication dans les bureaux des entreprises du S&amp;P 500, il est crucial que la couverture internet et cellulaire soit op\u00e9rationnelle en permanence. En cas de panne internet, nous d\u00e9ployons notre \u00e9quipe de techniciens form\u00e9s et qualifi\u00e9s pour installer un syst\u00e8me de secours internet dans les bureaux principaux. Une intervention bien coordonn\u00e9e est essentielle\u00a0; notre exp\u00e9rience et notre expertise garantissent une intervention efficace et rapide, quel que soit l'environnement et l'infrastructure de l'entreprise.<\/p><\/td><\/tr><\/tbody><\/table>        <\/div>\r\n        \r\n        \t\t\t\t<\/div>\n\t\t\t\t<\/div>\n\t\t\t\t<div class=\"elementor-element elementor-element-f852ef8 elementor-align-center elementor-widget elementor-widget-button\" data-id=\"f852ef8\" data-element_type=\"widget\" data-e-type=\"widget\" data-widget_type=\"button.default\">\n\t\t\t\t<div class=\"elementor-widget-container\">\n\t\t\t\t\t\t\t\t\t<div class=\"elementor-button-wrapper\">\n\t\t\t\t\t<a class=\"elementor-button elementor-button-link elementor-size-sm\" href=\"\/fr\/portfolio\/?filter=emergency\">\n\t\t\t\t\t\t<span class=\"elementor-button-content-wrapper\">\n\t\t\t\t\t\t\t\t\t<span class=\"elementor-button-text\">Projets r\u00e9cents de couverture cellulaire pour les mesures d'urgence<\/span>\n\t\t\t\t\t<\/span>\n\t\t\t\t\t<\/a>\n\t\t\t\t<\/div>\n\t\t\t\t\t\t\t\t<\/div>\n\t\t\t\t<\/div>\n\t\t\t\t<div class=\"elementor-element elementor-element-45c2c98 elementor-widget elementor-widget-codexunictheme-service-contact\" data-id=\"45c2c98\" data-element_type=\"widget\" data-e-type=\"widget\" data-widget_type=\"codexunictheme-service-contact.default\">\n\t\t\t\t<div class=\"elementor-widget-container\">\n\t\t\t\t\t\r\n        <div class=\"services-contact-section\">\r\n                        <div class=\"icon\">\r\n                <i class=\"fa-regular fa-headset\"><\/i>\r\n            <\/div>\r\n                        <div class=\"row\">\r\n                <div class=\"col-sm-8 align-self-center\">\r\n                    <p>Nous concevons et fournissons des solutions de connectivit\u00e9 fiables (\u00e0 l'int\u00e9rieur et \u00e0 l'ext\u00e9rieur) les plus difficiles. <\/p>\r\n                <\/div>\r\n                <div class=\"col-sm-4 text-md-right align-self-center\">\r\n                                            <a href=\"\/fr\/contact-us\/\" class=\"button-2\">\r\n                            Contactez Nous                        <\/a>\r\n                                    <\/div>\r\n            <\/div>\r\n        <\/div>\r\n        \t\t\t\t<\/div>\n\t\t\t\t<\/div>\n\t\t\t\t<\/div>\n\t\t<div class=\"elementor-element elementor-element-89758a7 e-con-full e-flex e-con e-child\" data-id=\"89758a7\" data-element_type=\"container\" data-e-type=\"container\" data-settings=\"{&quot;jet_parallax_layout_list&quot;:[]}\">\n\t\t\t\t<div class=\"elementor-element elementor-element-d7916ef elementor-widget elementor-widget-codexunictheme-services-details\" data-id=\"d7916ef\" data-element_type=\"widget\" data-e-type=\"widget\" data-widget_type=\"codexunictheme-services-details.default\">\n\t\t\t\t<div class=\"elementor-widget-container\">\n\t\t\t\t\t\r\n        <div class=\"services-details-list\">\r\n            <h3>Industries<\/h3>\r\n            <ul>\r\n                                    <li class=\"no\"><a href=\"\/fr\/solutions\/healthcare-connectivity\/\">Milieu de la sant\u00e9<\/a><\/li>\r\n                                    <li class=\"no\"><a href=\"\/fr\/solutions\/parking-ev-stations-elevators\/\">Stationnement, bornes, ascenseurs<\/a><\/li>\r\n                                    <li class=\"no\"><a href=\"\/fr\/solutions\/wireless-coverage-for-manufacturing-and-warehouse-buildings\/\">Manufacturier<\/a><\/li>\r\n                                    <li class=\"no\"><a href=\"\/fr\/solutions\/connectivity-for-data-center-datacenter\/\">Centres de donn\u00e9es<\/a><\/li>\r\n                                    <li class=\"yes\"><a href=\"\/fr\/solutions\/reliable-cellular-coverage-and-communication-in-emergency-measures\/\">Mesures d'urgence<\/a><\/li>\r\n                                    <li class=\"no\"><a href=\"\/fr\/solutions\/lte-5g-in-building-wireless-solutions-office-buildings\/\">\u00c9difices \u00e0 bureaux<\/a><\/li>\r\n                                    <li class=\"no\"><a href=\"\/fr\/solutions\/construction-site-cellular-connection-strong-signal\/\">Construction<\/a><\/li>\r\n                                    <li class=\"no\"><a href=\"\/fr\/solutions\/smart-cities-and-municipalities-connectivity-in-real-time\/\">Villes et municipalit\u00e9s<\/a><\/li>\r\n                                    <li class=\"no\"><a href=\"\/fr\/solutions\/maritime-connectivity-lte-5g-solutions-for-the-maritime-industry\/\">Maritime<\/a><\/li>\r\n                                    <li class=\"no\"><a href=\"\/fr\/solutions\/remote-and-rural-site-wireless-connectivity\/\">R\u00e9gion \u00e9loign\u00e9e<\/a><\/li>\r\n                            <\/ul>\r\n        <\/div>\r\n        \r\n        \t\t\t\t<\/div>\n\t\t\t\t<\/div>\n\t\t\t\t<div class=\"elementor-element elementor-element-6c32e53 elementor-widget elementor-widget-codexunictheme-services-contact-banner\" data-id=\"6c32e53\" data-element_type=\"widget\" data-e-type=\"widget\" data-widget_type=\"codexunictheme-services-contact-banner.default\">\n\t\t\t\t<div class=\"elementor-widget-container\">\n\t\t\t\t\t\r\n        <div class=\"services-details-ct-banner\" style=\"background-image: url('http:\/\/vegawave.ca\/wp-content\/uploads\/2025\/08\/Service_Details_Call_Us_Certified_Technician.jpg');\">\r\n            <div>\r\n                <div class=\"icon\">\r\n                    <i class=\"fa-light fa-phone\"><\/i>\r\n                <\/div>\r\n                <h3>Discutons, contactez-nous!<\/h3>\r\n                <h5>844 360-9119<\/h5>\r\n            <\/div>\r\n            \r\n        <\/div>\r\n        \r\n        \t\t\t\t<\/div>\n\t\t\t\t<\/div>\n\t\t\t\t<\/div>\n\t\t\t\t\t<\/div>\n\t\t\t\t<\/div>\n\t\t<div class=\"elementor-element elementor-element-ee9f650 e-flex e-con-boxed e-con e-parent\" data-id=\"ee9f650\" data-element_type=\"container\" data-e-type=\"container\" data-settings=\"{&quot;jet_parallax_layout_list&quot;:[]}\">\n\t\t\t\t\t<div class=\"e-con-inner\">\n\t\t\t\t\t<\/div>\n\t\t\t\t<\/div>\n\t\t\t\t<\/div>","protected":false},"excerpt":{"rendered":"<p>Emergency Measures &#8211; Reliable Connections Home Industries and Recent Projects Emergency Measures Connectivity is paramount in emergency management. Portable and installed cellular repeater systems enhance critical communications so public safety agencies can quickly respond to crisis and provide vital services regardless of the situation (natural disaster, COVID, etc.). In our everyday lives, we heavily rely [&hellip;]<\/p>","protected":false},"author":1,"featured_media":0,"parent":148,"menu_order":0,"comment_status":"closed","ping_status":"closed","template":"elementor_header_footer","meta":{"_monsterinsights_skip_tracking":false,"_monsterinsights_sitenote_active":false,"_monsterinsights_sitenote_note":"","_monsterinsights_sitenote_category":0,"_uf_show_specific_survey":0,"_uf_disable_surveys":false,"footnotes":""},"class_list":["post-2024","page","type-page","status-publish","hentry"],"aioseo_notices":[],"jetpack_sharing_enabled":true,"_links":{"self":[{"href":"https:\/\/vegawave.ca\/fr\/wp-json\/wp\/v2\/pages\/2024","targetHints":{"allow":["GET"]}}],"collection":[{"href":"https:\/\/vegawave.ca\/fr\/wp-json\/wp\/v2\/pages"}],"about":[{"href":"https:\/\/vegawave.ca\/fr\/wp-json\/wp\/v2\/types\/page"}],"author":[{"embeddable":true,"href":"https:\/\/vegawave.ca\/fr\/wp-json\/wp\/v2\/users\/1"}],"replies":[{"embeddable":true,"href":"https:\/\/vegawave.ca\/fr\/wp-json\/wp\/v2\/comments?post=2024"}],"version-history":[{"count":25,"href":"https:\/\/vegawave.ca\/fr\/wp-json\/wp\/v2\/pages\/2024\/revisions"}],"predecessor-version":[{"id":2596,"href":"https:\/\/vegawave.ca\/fr\/wp-json\/wp\/v2\/pages\/2024\/revisions\/2596"}],"up":[{"embeddable":true,"href":"https:\/\/vegawave.ca\/fr\/wp-json\/wp\/v2\/pages\/148"}],"wp:attachment":[{"href":"https:\/\/vegawave.ca\/fr\/wp-json\/wp\/v2\/media?parent=2024"}],"curies":[{"name":"wp","href":"https:\/\/api.w.org\/{rel}","templated":true}]}}