{"id":1989,"date":"2025-08-27T21:05:45","date_gmt":"2025-08-27T21:05:45","guid":{"rendered":"http:\/\/vegawave.ca\/?page_id=1989"},"modified":"2025-10-02T12:54:44","modified_gmt":"2025-10-02T12:54:44","slug":"connectivity-for-data-center-datacenter","status":"publish","type":"page","link":"https:\/\/vegawave.ca\/fr\/solutions-get-improved-cellular-connection-today-for-your-business\/connectivity-for-data-center-datacenter\/","title":{"rendered":"Centres de donn\u00e9es"},"content":{"rendered":"<div data-elementor-type=\"wp-page\" data-elementor-id=\"1989\" class=\"elementor elementor-1989\">\n\t\t\t\t<div class=\"elementor-element elementor-element-5bcc92c e-con-full e-flex e-con e-parent\" data-id=\"5bcc92c\" data-element_type=\"container\" data-e-type=\"container\" data-settings=\"{&quot;jet_parallax_layout_list&quot;:[]}\">\n\t\t\t\t<div class=\"elementor-element elementor-element-4fc8a2b elementor-widget elementor-widget-codexunictheme-breadcrumb\" data-id=\"4fc8a2b\" data-element_type=\"widget\" data-e-type=\"widget\" data-widget_type=\"codexunictheme-breadcrumb.default\">\n\t\t\t\t<div class=\"elementor-widget-container\">\n\t\t\t\t\t        \r\n        <section class=\"breadcrumb-section text-center pt-200 pb-140\" style=\"background-image: url('http:\/\/vegawave.ca\/wp-content\/uploads\/2025\/08\/secure_and_reliable_connectivity_in_data_center.jpg');\">\r\n            <div class=\"container\">\r\n                <div class=\"row\">\r\n                    <div class=\"col-lg-12\">\r\n                        <div class=\"content\">\r\n                            <h2>Centres de donn\u00e9es<\/h2>\r\n                            <ul>\r\n                                <li><a href=\"https:\/\/vegawave.ca\/fr\/\">Acceuil<\/a><\/li>\r\n                                <li>Industries et projets r\u00e9cents<\/li>\r\n                            <\/ul>\r\n                        <\/div>\r\n                    <\/div>\r\n                <\/div>\r\n            <\/div>\r\n        <\/section>\r\n        \r\n        \t\t\t\t<\/div>\n\t\t\t\t<\/div>\n\t\t\t\t<\/div>\n\t\t<div class=\"elementor-element elementor-element-649b4c1 e-flex e-con-boxed e-con e-parent\" data-id=\"649b4c1\" data-element_type=\"container\" data-e-type=\"container\" data-settings=\"{&quot;jet_parallax_layout_list&quot;:[]}\">\n\t\t\t\t\t<div class=\"e-con-inner\">\n\t\t<div class=\"elementor-element elementor-element-138ceee e-con-full e-flex e-con e-child\" data-id=\"138ceee\" data-element_type=\"container\" data-e-type=\"container\" data-settings=\"{&quot;jet_parallax_layout_list&quot;:[]}\">\n\t\t\t\t<div class=\"elementor-element elementor-element-f8150e1 elementor-widget elementor-widget-menu-anchor\" data-id=\"f8150e1\" data-element_type=\"widget\" data-e-type=\"widget\" data-widget_type=\"menu-anchor.default\">\n\t\t\t\t<div class=\"elementor-widget-container\">\n\t\t\t\t\t\t\t<div class=\"elementor-menu-anchor\" id=\"anchor_healthcare\"><\/div>\n\t\t\t\t\t\t<\/div>\n\t\t\t\t<\/div>\n\t\t\t\t<div class=\"elementor-element elementor-element-973c55b elementor-widget elementor-widget-image\" data-id=\"973c55b\" data-element_type=\"widget\" data-e-type=\"widget\" data-widget_type=\"image.default\">\n\t\t\t\t<div class=\"elementor-widget-container\">\n\t\t\t\t\t\t\t\t\t\t\t\t\t\t\t<img fetchpriority=\"high\" decoding=\"async\" width=\"1280\" height=\"853\" src=\"https:\/\/vegawave.ca\/wp-content\/uploads\/2025\/09\/app_datacenter_secure_wireless-connection.jpg\" class=\"attachment-full size-full wp-image-2540\" alt=\"Datacenters secure connectivity\" srcset=\"https:\/\/vegawave.ca\/wp-content\/uploads\/2025\/09\/app_datacenter_secure_wireless-connection.jpg 1280w, https:\/\/vegawave.ca\/wp-content\/uploads\/2025\/09\/app_datacenter_secure_wireless-connection-300x200.jpg 300w, https:\/\/vegawave.ca\/wp-content\/uploads\/2025\/09\/app_datacenter_secure_wireless-connection-1024x682.jpg 1024w, https:\/\/vegawave.ca\/wp-content\/uploads\/2025\/09\/app_datacenter_secure_wireless-connection-768x512.jpg 768w, https:\/\/vegawave.ca\/wp-content\/uploads\/2025\/09\/app_datacenter_secure_wireless-connection-18x12.jpg 18w\" sizes=\"(max-width: 1280px) 100vw, 1280px\" \/>\t\t\t\t\t\t\t\t\t\t\t\t\t\t\t<\/div>\n\t\t\t\t<\/div>\n\t\t\t\t<div class=\"elementor-element elementor-element-78a4964 elementor-widget elementor-widget-codexunictheme-common-content\" data-id=\"78a4964\" data-element_type=\"widget\" data-e-type=\"widget\" data-widget_type=\"codexunictheme-common-content.default\">\n\t\t\t\t<div class=\"elementor-widget-container\">\n\t\t\t\t\t\r\n        <div class=\"common-content-section\">\r\n                            <h1>Centres de donn\u00e9es<\/h1>\r\n                        <h3 class=\"elementor-heading-title elementor-size-default\">Connectivit\u00e9 s\u00e9curis\u00e9e pour soutenir les op\u00e9rations.<\/h3><p>Les solutions sans fil peuvent vous aider \u00e0 exploiter une couverture compl\u00e8te et une puissance de signal optimale au sein de votre centre de donn\u00e9es.<\/p><h4 class=\"elementor-heading-title elementor-size-default\">La connectivit\u00e9 des centres de donn\u00e9es pr\u00e9sente des d\u00e9fis particuliers<\/h4><ol><li>Pour la communication vocale et de donn\u00e9es, les visiteurs et le personnel des centres de donn\u00e9es ont besoin d\u2019un acc\u00e8s fiable et s\u00e9curis\u00e9 du \u00abmonde ext\u00e9rieur\u00bb. Ce qui est parfois difficile \u00e0 r\u00e9aliser compte tenu de la taille, de l\u2019emplacement et des mat\u00e9riaux utilis\u00e9s pour construire la plupart des centres de donn\u00e9es.<\/li><li>Les centres de donn\u00e9es doivent \u00eatre prot\u00e9g\u00e9s des intemp\u00e9ries. Nous pouvons installer le signal \u00e0 l'int\u00e9rieur sans percer le toit et cr\u00e9er ainsi une vuln\u00e9rabilit\u00e9 potentielle.<\/li><li>Comme certains centres de donn\u00e9es sont situ\u00e9s dans des zones isol\u00e9es, il peut \u00eatre difficile de fournir des signaux d'amplification \u00e0 des niveaux utilisables pour tous les op\u00e9rateurs.<\/li><\/ol><h4 class=\"elementor-heading-title elementor-size-default\">Les \u00e9quipes d'exploitation des centres de donn\u00e9es ont besoin d'un acc\u00e8s permanent \u00e0 la connectivit\u00e9 mobile pour les communications vocales, de donn\u00e9es et d'appareils IoT.<\/h4><p>Lorsque les op\u00e9rations des centres de donn\u00e9es sont interrompues, le temps est un facteur essentiel. L'agilit\u00e9 est cruciale dans un march\u00e9 concurrentiel comme celui des centres de donn\u00e9es. Aujourd'hui, les ing\u00e9nieurs et techniciens s'appuient sur les r\u00e9seaux des principaux fournisseurs de services pour rester en contact et la pr\u00e9valence du BYOD signifie qu'une couverture 5G multi-op\u00e9rateurs est n\u00e9cessaire.<\/p><blockquote><p>Nous effectuerons une analyse de site pour localiser les lacunes de couverture, examiner votre couverture actuelle, g\u00e9n\u00e9rer des cartes thermiques et proposer une solution DAS pour rem\u00e9dier aux points morts de votre couverture.\u00a0<\/p><\/blockquote><h4 class=\"elementor-heading-title elementor-size-default\">R\u00e9duisez les interruptions et les d\u00e9sagr\u00e9ments gr\u00e2ce \u00e0 un service fiable<\/h4><p>Les syst\u00e8mes d'antennes distribu\u00e9es (DAS) offrent une connectivit\u00e9 sans fil continue et de grande qualit\u00e9, ainsi qu'une surveillance, une maintenance en temps r\u00e9el et une assistance client 24h\/24 et 7j\/7.<\/p><table style=\"width: 100%; border-collapse: collapse;\" cellpadding=\"20\"><tbody><tr><td style=\"width: 50%;\"><img decoding=\"async\" class=\"alignnone size-medium wp-image-1345\" src=\"http:\/\/vegawave.ca\/wp-content\/uploads\/2025\/08\/data_center_connectivity_monitoring-300x168.jpg\" alt=\"Datacenter connectivity monitoring\" width=\"300\" height=\"168\" srcset=\"https:\/\/vegawave.ca\/wp-content\/uploads\/2025\/08\/data_center_connectivity_monitoring-300x168.jpg 300w, https:\/\/vegawave.ca\/wp-content\/uploads\/2025\/08\/data_center_connectivity_monitoring.jpg 360w\" sizes=\"(max-width: 300px) 100vw, 300px\" \/><\/td><td style=\"width: 50%;\"><img decoding=\"async\" class=\"alignnone wp-image-1348 size-medium\" src=\"http:\/\/vegawave.ca\/wp-content\/uploads\/2025\/08\/data_center_technical_support-300x168.jpg\" alt=\"datacenter technical support\" width=\"300\" height=\"168\" srcset=\"https:\/\/vegawave.ca\/wp-content\/uploads\/2025\/08\/data_center_technical_support-300x168.jpg 300w, https:\/\/vegawave.ca\/wp-content\/uploads\/2025\/08\/data_center_technical_support.jpg 360w\" sizes=\"(max-width: 300px) 100vw, 300px\" \/><\/td><\/tr><tr><td style=\"width: 50%; vertical-align: top;\"><p>Disposer d\u2019une sauvegarde tierce et fiable concernant les syst\u00e8mes d\u2019alarme offre une couche de redondance suppl\u00e9mentaire.<\/p><\/td><td style=\"width: 50%; vertical-align: top;\"><p>B\u00e9n\u00e9ficier d'une assistance technique imm\u00e9diate et de r\u00e9ponses rapides \u00e0 vos questions permet de gagner du temps et d'\u00e9viter les visites de maintenance r\u00e9p\u00e9t\u00e9es.<\/p><\/td><\/tr><\/tbody><\/table><table style=\"width: 100%; border-collapse: collapse;\" cellpadding=\"20\"><tbody><tr><td style=\"width: 50%;\"><img loading=\"lazy\" decoding=\"async\" class=\"alignnone size-medium wp-image-1392\" src=\"http:\/\/vegawave.ca\/wp-content\/uploads\/2025\/08\/data_center_multi-operator_connectivity-300x168.jpg\" alt=\"Data Center Multi-operator Connectivity\" width=\"300\" height=\"168\" srcset=\"https:\/\/vegawave.ca\/wp-content\/uploads\/2025\/08\/data_center_multi-operator_connectivity-300x168.jpg 300w, https:\/\/vegawave.ca\/wp-content\/uploads\/2025\/08\/data_center_multi-operator_connectivity.jpg 360w\" sizes=\"(max-width: 300px) 100vw, 300px\" \/><\/td><td style=\"width: 50%;\"><img loading=\"lazy\" decoding=\"async\" class=\"alignnone size-medium wp-image-1393\" src=\"http:\/\/vegawave.ca\/wp-content\/uploads\/2025\/08\/data_center_employees_users_macro-network-300x168.jpg\" alt=\"Datacenter employees and users macro-network\" width=\"300\" height=\"168\" srcset=\"https:\/\/vegawave.ca\/wp-content\/uploads\/2025\/08\/data_center_employees_users_macro-network-300x168.jpg 300w, https:\/\/vegawave.ca\/wp-content\/uploads\/2025\/08\/data_center_employees_users_macro-network.jpg 360w\" sizes=\"(max-width: 300px) 100vw, 300px\" \/><\/td><\/tr><tr><td style=\"width: 50%; vertical-align: top;\"><p>La connectivit\u00e9 multi-op\u00e9rateurs augmente l\u2019acc\u00e8s au personnel de s\u00e9curit\u00e9 et aux intervenants d\u2019urgence pour les situations de routine et extraordinaires.<\/p><\/td><td style=\"width: 50%; vertical-align: top;\"><p>En tirant parti du macro-r\u00e9seau, les utilisateurs peuvent transmettre facilement et en toute s\u00e9curit\u00e9 des donn\u00e9es pour la configuration, la v\u00e9rification, l'optimisation et le d\u00e9pannage.<\/p><\/td><\/tr><\/tbody><\/table><h4 class=\"elementor-heading-title elementor-size-default\">Avec VEGA, la connectivit\u00e9 cellulaire \u00ab \u00e0 cinq barres \u00bb est accessible et fiable \u00e0 tout moment.\u00a0<\/h4><ul><li>Connectivit\u00e9 s\u00e9curis\u00e9e et facilement accessible, sans connexion ni n\u00e9cessit\u00e9 d'accorder aux visiteurs l'acc\u00e8s aux r\u00e9seaux internes<\/li><li>Options de surveillance g\u00e9r\u00e9es \u00e0 distance disponibles<\/li><li>Services de conception et d'installation complets et rentables se connectant \u00e0 tous les op\u00e9rateurs<\/li><li>Aucune perte de ressources informatiques internes de l'\u00e9quipe TI<\/li><li>Aucun accord d'op\u00e9rateur requis<\/li><\/ul><blockquote><p>La s\u00e9curit\u00e9 \u00e9tant une priorit\u00e9 absolue pour les centres de donn\u00e9es, nos solutions de couverture sans fil exploitent la puissance des r\u00e9seaux LTE 5G et garantissent l'exp\u00e9rience client de vos utilisateurs, de la conception \u00e0 l'installation.<\/p><\/blockquote><h2>Projets r\u00e9cents dans les centres de donn\u00e9es<\/h2><p><img loading=\"lazy\" decoding=\"async\" class=\"alignnone size-full wp-image-242\" src=\"http:\/\/vegawave.ca\/wp-content\/uploads\/2024\/12\/ligne-orange.png\" alt=\"\" width=\"70\" height=\"10\" srcset=\"https:\/\/vegawave.ca\/wp-content\/uploads\/2024\/12\/ligne-orange.png 70w, https:\/\/vegawave.ca\/wp-content\/uploads\/2024\/12\/ligne-orange-18x3.png 18w\" sizes=\"(max-width: 70px) 100vw, 70px\" \/><\/p><table style=\"width: 100%; border-collapse: collapse; background-color: #f7f2e9;\" cellpadding=\"20\"><tbody><tr><td style=\"width: 100%;\"><p>Pour des raisons de confidentialit\u00e9 et de protection des donn\u00e9es, nous ne divulguons pas les projets r\u00e9alis\u00e9s dans les centres de donn\u00e9es de nos clients. Cependant, nous vous assurons qu'ils sont nombreux et d'envergure vari\u00e9e. Notre connaissance et notre exp\u00e9rience de votre secteur fait de VEGA un partenaire de choix.\u00a0<\/p><\/td><\/tr><\/tbody><\/table>        <\/div>\r\n        \r\n        \t\t\t\t<\/div>\n\t\t\t\t<\/div>\n\t\t\t\t<div class=\"elementor-element elementor-element-f71c136 elementor-widget elementor-widget-codexunictheme-service-contact\" data-id=\"f71c136\" data-element_type=\"widget\" data-e-type=\"widget\" data-widget_type=\"codexunictheme-service-contact.default\">\n\t\t\t\t<div class=\"elementor-widget-container\">\n\t\t\t\t\t\r\n        <div class=\"services-contact-section\">\r\n                        <div class=\"icon\">\r\n                <i class=\"fa-regular fa-headset\"><\/i>\r\n            <\/div>\r\n                        <div class=\"row\">\r\n                <div class=\"col-sm-8 align-self-center\">\r\n                    <p>Envie d'optimiser votre couverture cellulaire\u00a0? Laissez-nous vous aider \u00e0 connecter votre centre de donn\u00e9es. <\/p>\r\n                <\/div>\r\n                <div class=\"col-sm-4 text-md-right align-self-center\">\r\n                                            <a href=\"\/fr\/contact-us\/\" class=\"button-2\">\r\n                            Contact                        <\/a>\r\n                                    <\/div>\r\n            <\/div>\r\n        <\/div>\r\n        \t\t\t\t<\/div>\n\t\t\t\t<\/div>\n\t\t\t\t<\/div>\n\t\t<div class=\"elementor-element elementor-element-89758a7 e-con-full e-flex e-con e-child\" data-id=\"89758a7\" data-element_type=\"container\" data-e-type=\"container\" data-settings=\"{&quot;jet_parallax_layout_list&quot;:[]}\">\n\t\t\t\t<div class=\"elementor-element elementor-element-0c311ed elementor-widget elementor-widget-codexunictheme-services-details\" data-id=\"0c311ed\" data-element_type=\"widget\" data-e-type=\"widget\" data-widget_type=\"codexunictheme-services-details.default\">\n\t\t\t\t<div class=\"elementor-widget-container\">\n\t\t\t\t\t\r\n        <div class=\"services-details-list\">\r\n            <h3>Industries<\/h3>\r\n            <ul>\r\n                                    <li class=\"no\"><a href=\"\/fr\/solutions\/healthcare-connectivity\/\">Milieu de la sant\u00e9<\/a><\/li>\r\n                                    <li class=\"no\"><a href=\"\/fr\/solutions\/parking-ev-stations-elevators\/\">Stationnement, bornes, ascenseurs<\/a><\/li>\r\n                                    <li class=\"no\"><a href=\"\/fr\/solutions\/wireless-coverage-for-manufacturing-and-warehouse-buildings\/\">Manufacturier<\/a><\/li>\r\n                                    <li class=\"yes\"><a href=\"\/fr\/solutions\/connectivity-for-data-center-datacenter\/\">Centres de donn\u00e9es<\/a><\/li>\r\n                                    <li class=\"no\"><a href=\"\/fr\/solutions\/reliable-cellular-coverage-and-communication-in-emergency-measures\/\">Mesures d'urgence<\/a><\/li>\r\n                                    <li class=\"no\"><a href=\"\/fr\/solutions\/lte-5g-in-building-wireless-solutions-office-buildings\/\">\u00c9difices \u00e0 bureaux<\/a><\/li>\r\n                                    <li class=\"no\"><a href=\"\/fr\/solutions\/construction-site-cellular-connection-strong-signal\/\">Construction<\/a><\/li>\r\n                                    <li class=\"no\"><a href=\"\/fr\/solutions\/smart-cities-and-municipalities-connectivity-in-real-time\/\">Villes et municipalit\u00e9s<\/a><\/li>\r\n                                    <li class=\"no\"><a href=\"\/fr\/solutions\/maritime-connectivity-lte-5g-solutions-for-the-maritime-industry\/\">Maritime<\/a><\/li>\r\n                                    <li class=\"no\"><a href=\"\/fr\/solutions\/remote-and-rural-site-wireless-connectivity\/\">R\u00e9gion \u00e9loign\u00e9e<\/a><\/li>\r\n                            <\/ul>\r\n        <\/div>\r\n        \r\n        \t\t\t\t<\/div>\n\t\t\t\t<\/div>\n\t\t\t\t<div class=\"elementor-element elementor-element-6c32e53 elementor-widget elementor-widget-codexunictheme-services-contact-banner\" data-id=\"6c32e53\" data-element_type=\"widget\" data-e-type=\"widget\" data-widget_type=\"codexunictheme-services-contact-banner.default\">\n\t\t\t\t<div class=\"elementor-widget-container\">\n\t\t\t\t\t\r\n        <div class=\"services-details-ct-banner\" style=\"background-image: url('http:\/\/vegawave.ca\/wp-content\/uploads\/2025\/08\/Service_Details_Call_Us_Certified_Technician.jpg');\">\r\n            <div>\r\n                <div class=\"icon\">\r\n                    <i class=\"fa-light fa-phone\"><\/i>\r\n                <\/div>\r\n                <h3>Discutons, contactez-nous!<\/h3>\r\n                <h5>844 360-9119<\/h5>\r\n            <\/div>\r\n            \r\n        <\/div>\r\n        \r\n        \t\t\t\t<\/div>\n\t\t\t\t<\/div>\n\t\t\t\t<\/div>\n\t\t\t\t\t<\/div>\n\t\t\t\t<\/div>\n\t\t\t\t<\/div>","protected":false},"excerpt":{"rendered":"<p>Datacenters Connectivity Home Industries and Recent Projects Datacenters Secure connectivity to support operations. Wireless solutions can help you leverage the strength of both tools for comprehensive coverage\u00a0and optimal signal strength within your data center. Datacenter Connectivity Presents Special Challenges Datacenter visitors and staff need reliable, secure access to the outside world for voice and data [&hellip;]<\/p>","protected":false},"author":1,"featured_media":0,"parent":148,"menu_order":0,"comment_status":"closed","ping_status":"closed","template":"elementor_header_footer","meta":{"_monsterinsights_skip_tracking":false,"_monsterinsights_sitenote_active":false,"_monsterinsights_sitenote_note":"","_monsterinsights_sitenote_category":0,"_uf_show_specific_survey":0,"_uf_disable_surveys":false,"footnotes":""},"class_list":["post-1989","page","type-page","status-publish","hentry"],"aioseo_notices":[],"jetpack_sharing_enabled":true,"_links":{"self":[{"href":"https:\/\/vegawave.ca\/fr\/wp-json\/wp\/v2\/pages\/1989","targetHints":{"allow":["GET"]}}],"collection":[{"href":"https:\/\/vegawave.ca\/fr\/wp-json\/wp\/v2\/pages"}],"about":[{"href":"https:\/\/vegawave.ca\/fr\/wp-json\/wp\/v2\/types\/page"}],"author":[{"embeddable":true,"href":"https:\/\/vegawave.ca\/fr\/wp-json\/wp\/v2\/users\/1"}],"replies":[{"embeddable":true,"href":"https:\/\/vegawave.ca\/fr\/wp-json\/wp\/v2\/comments?post=1989"}],"version-history":[{"count":25,"href":"https:\/\/vegawave.ca\/fr\/wp-json\/wp\/v2\/pages\/1989\/revisions"}],"predecessor-version":[{"id":2599,"href":"https:\/\/vegawave.ca\/fr\/wp-json\/wp\/v2\/pages\/1989\/revisions\/2599"}],"up":[{"embeddable":true,"href":"https:\/\/vegawave.ca\/fr\/wp-json\/wp\/v2\/pages\/148"}],"wp:attachment":[{"href":"https:\/\/vegawave.ca\/fr\/wp-json\/wp\/v2\/media?parent=1989"}],"curies":[{"name":"wp","href":"https:\/\/api.w.org\/{rel}","templated":true}]}}