{"id":1882,"date":"2025-08-27T14:59:19","date_gmt":"2025-08-27T14:59:19","guid":{"rendered":"http:\/\/vegawave.ca\/?page_id=1882"},"modified":"2025-10-01T20:30:36","modified_gmt":"2025-10-01T20:30:36","slug":"wireless-coverage-for-manufacturing-and-warehouse-buildings","status":"publish","type":"page","link":"https:\/\/vegawave.ca\/fr\/solutions-get-improved-cellular-connection-today-for-your-business\/wireless-coverage-for-manufacturing-and-warehouse-buildings\/","title":{"rendered":"Manufacturier"},"content":{"rendered":"<div data-elementor-type=\"wp-page\" data-elementor-id=\"1882\" class=\"elementor elementor-1882\">\n\t\t\t\t<div class=\"elementor-element elementor-element-5bcc92c e-con-full e-flex e-con e-parent\" data-id=\"5bcc92c\" data-element_type=\"container\" data-e-type=\"container\" data-settings=\"{&quot;jet_parallax_layout_list&quot;:[]}\">\n\t\t\t\t<div class=\"elementor-element elementor-element-4fc8a2b elementor-widget elementor-widget-codexunictheme-breadcrumb\" data-id=\"4fc8a2b\" data-element_type=\"widget\" data-e-type=\"widget\" data-widget_type=\"codexunictheme-breadcrumb.default\">\n\t\t\t\t<div class=\"elementor-widget-container\">\n\t\t\t\t\t        \r\n        <section class=\"breadcrumb-section text-center pt-200 pb-140\" style=\"background-image: url('http:\/\/vegawave.ca\/wp-content\/uploads\/2025\/08\/manufacturing_and_warehouses_das_installation_and_design.jpg');\">\r\n            <div class=\"container\">\r\n                <div class=\"row\">\r\n                    <div class=\"col-lg-12\">\r\n                        <div class=\"content\">\r\n                            <h2>Secteur Manufacturier<\/h2>\r\n                            <ul>\r\n                                <li><a href=\"https:\/\/vegawave.ca\/fr\/\">Acceuil<\/a><\/li>\r\n                                <li>Industries et projets r\u00e9cents<\/li>\r\n                            <\/ul>\r\n                        <\/div>\r\n                    <\/div>\r\n                <\/div>\r\n            <\/div>\r\n        <\/section>\r\n        \r\n        \t\t\t\t<\/div>\n\t\t\t\t<\/div>\n\t\t\t\t<\/div>\n\t\t<div class=\"elementor-element elementor-element-649b4c1 e-flex e-con-boxed e-con e-parent\" data-id=\"649b4c1\" data-element_type=\"container\" data-e-type=\"container\" data-settings=\"{&quot;jet_parallax_layout_list&quot;:[]}\">\n\t\t\t\t\t<div class=\"e-con-inner\">\n\t\t<div class=\"elementor-element elementor-element-e25cd89 e-con-full e-flex e-con e-child\" data-id=\"e25cd89\" data-element_type=\"container\" data-e-type=\"container\" data-settings=\"{&quot;jet_parallax_layout_list&quot;:[]}\">\n\t\t\t\t<div class=\"elementor-element elementor-element-6960dfe elementor-widget elementor-widget-menu-anchor\" data-id=\"6960dfe\" data-element_type=\"widget\" data-e-type=\"widget\" data-widget_type=\"menu-anchor.default\">\n\t\t\t\t<div class=\"elementor-widget-container\">\n\t\t\t\t\t\t\t<div class=\"elementor-menu-anchor\" id=\"anchor_manufacturing\"><\/div>\n\t\t\t\t\t\t<\/div>\n\t\t\t\t<\/div>\n\t\t\t\t<div class=\"elementor-element elementor-element-304bccf elementor-widget elementor-widget-image\" data-id=\"304bccf\" data-element_type=\"widget\" data-e-type=\"widget\" data-widget_type=\"image.default\">\n\t\t\t\t<div class=\"elementor-widget-container\">\n\t\t\t\t\t\t\t\t\t\t\t\t\t\t\t<img fetchpriority=\"high\" decoding=\"async\" width=\"1280\" height=\"853\" src=\"https:\/\/vegawave.ca\/wp-content\/uploads\/2024\/12\/app_warehouse_manufacture_plants_network_connections.jpg\" class=\"attachment-full size-full wp-image-783\" alt=\"Warehouse, manufacture, plants, network, connections up at all time\" srcset=\"https:\/\/vegawave.ca\/wp-content\/uploads\/2024\/12\/app_warehouse_manufacture_plants_network_connections.jpg 1280w, https:\/\/vegawave.ca\/wp-content\/uploads\/2024\/12\/app_warehouse_manufacture_plants_network_connections-300x200.jpg 300w, https:\/\/vegawave.ca\/wp-content\/uploads\/2024\/12\/app_warehouse_manufacture_plants_network_connections-1024x682.jpg 1024w, https:\/\/vegawave.ca\/wp-content\/uploads\/2024\/12\/app_warehouse_manufacture_plants_network_connections-768x512.jpg 768w\" sizes=\"(max-width: 1280px) 100vw, 1280px\" \/>\t\t\t\t\t\t\t\t\t\t\t\t\t\t\t<\/div>\n\t\t\t\t<\/div>\n\t\t\t\t<div class=\"elementor-element elementor-element-0f23a42 elementor-widget elementor-widget-codexunictheme-common-content\" data-id=\"0f23a42\" data-element_type=\"widget\" data-e-type=\"widget\" data-widget_type=\"codexunictheme-common-content.default\">\n\t\t\t\t<div class=\"elementor-widget-container\">\n\t\t\t\t\t\r\n        <div class=\"common-content-section\">\r\n                            <h1>Couverture sans fil pour les usines, les entrep\u00f4ts et les manufactures<\/h1>\r\n                        <h2 class=\"widget-title\">Chaque op\u00e9ration n\u00e9cessite une strat\u00e9gie sans fil<\/h2><p class=\"widget-title\">Abordez ces quatre domaines cl\u00e9s pour soutenir et connecter les technologies industrielles afin de r\u00e9aliser des gains de productivit\u00e9.<\/p><p><img decoding=\"async\" src=\"https:\/\/staging.inbuildingcellular.ca\/assets\/images\/ligne_orange.png\" alt=\"\" \/><\/p><table style=\"width: 100%; border-collapse: collapse;\" cellpadding=\"10\"><tbody><tr><td style=\"width: 50%;\"><p><img decoding=\"async\" class=\"alignnone size-medium wp-image-1301\" src=\"http:\/\/vegawave.ca\/wp-content\/uploads\/2025\/08\/icone_wi_fi_2-300x150.jpg\" alt=\"Wi-Fi signal\" width=\"300\" height=\"150\" srcset=\"https:\/\/vegawave.ca\/wp-content\/uploads\/2025\/08\/icone_wi_fi_2-300x150.jpg 300w, https:\/\/vegawave.ca\/wp-content\/uploads\/2025\/08\/icone_wi_fi_2-768x384.jpg 768w, https:\/\/vegawave.ca\/wp-content\/uploads\/2025\/08\/icone_wi_fi_2.jpg 800w\" sizes=\"(max-width: 300px) 100vw, 300px\" \/><\/p><\/td><td style=\"width: 50%;\"><p><img decoding=\"async\" class=\"alignnone size-medium wp-image-1303\" src=\"http:\/\/vegawave.ca\/wp-content\/uploads\/2025\/08\/couverture_cellulaire_publique-300x150.jpg\" alt=\"Public Cellular Coverage\" width=\"300\" height=\"150\" srcset=\"https:\/\/vegawave.ca\/wp-content\/uploads\/2025\/08\/couverture_cellulaire_publique-300x150.jpg 300w, https:\/\/vegawave.ca\/wp-content\/uploads\/2025\/08\/couverture_cellulaire_publique-768x384.jpg 768w, https:\/\/vegawave.ca\/wp-content\/uploads\/2025\/08\/couverture_cellulaire_publique.jpg 800w\" sizes=\"(max-width: 300px) 100vw, 300px\" \/><\/p><\/td><\/tr><tr><td style=\"width: 50%; vertical-align: top;\"><h6>Wi-Fi<\/h6><p>Le Wi-Fi d'entreprise est essentiel \u00e0 la connectivit\u00e9 de vos employ\u00e9s. Votre \u00e9quipe informatique est experte en la mati\u00e8re.<\/p><\/td><td style=\"width: 50%; vertical-align: top;\"><div class=\"single_mission_title\"><h6>Couverture cellulaire publique<\/h6><\/div><div class=\"single_mission_text\"><p>Votre \u00e9quipe utilise ses t\u00e9l\u00e9phones et autres appareils pour mener ses activit\u00e9s, et elle doit \u00eatre joignable \u00e0 tout moment. En plus de connecter les clients \u00e0 leurs interlocuteurs pour la prise de d\u00e9cision, une couverture mobile fiable permet aux employ\u00e9s de rester en contact avec leur famille pour une tranquillit\u00e9 d'esprit.<\/p><\/div><\/td><\/tr><\/tbody><\/table><table style=\"width: 100%; border-collapse: collapse;\" cellpadding=\"10\"><tbody><tr><td style=\"width: 50%;\"><img loading=\"lazy\" decoding=\"async\" class=\"alignnone size-medium wp-image-1307\" src=\"http:\/\/vegawave.ca\/wp-content\/uploads\/2025\/08\/couverture_cellulaire_privee-300x150.jpg\" alt=\"Private Cellular Coverage\" width=\"300\" height=\"150\" srcset=\"https:\/\/vegawave.ca\/wp-content\/uploads\/2025\/08\/couverture_cellulaire_privee-300x150.jpg 300w, https:\/\/vegawave.ca\/wp-content\/uploads\/2025\/08\/couverture_cellulaire_privee-768x384.jpg 768w, https:\/\/vegawave.ca\/wp-content\/uploads\/2025\/08\/couverture_cellulaire_privee.jpg 800w\" sizes=\"(max-width: 300px) 100vw, 300px\" \/><\/td><td style=\"width: 50%;\"><img loading=\"lazy\" decoding=\"async\" class=\"alignnone size-medium wp-image-1308\" src=\"http:\/\/vegawave.ca\/wp-content\/uploads\/2025\/08\/reseaux_de_capteurs_signal_cellulaire-300x150.jpg\" alt=\"Low Power Sensor Networks\" width=\"300\" height=\"150\" srcset=\"https:\/\/vegawave.ca\/wp-content\/uploads\/2025\/08\/reseaux_de_capteurs_signal_cellulaire-300x150.jpg 300w, https:\/\/vegawave.ca\/wp-content\/uploads\/2025\/08\/reseaux_de_capteurs_signal_cellulaire-768x384.jpg 768w, https:\/\/vegawave.ca\/wp-content\/uploads\/2025\/08\/reseaux_de_capteurs_signal_cellulaire.jpg 800w\" sizes=\"(max-width: 300px) 100vw, 300px\" \/><\/td><\/tr><tr><td style=\"width: 50%; vertical-align: top;\"><div class=\"single_mission_title\"><h6>Couverture cellulaire priv\u00e9e<\/h6><\/div><div class=\"single_mission_text\"><p>Le Wi-Fi est id\u00e9al en stationnaire, mais dans une usine, un entrep\u00f4t ou un bureau, il n'est pas suffisamment fiable pour les applications impactant la productivit\u00e9. Les r\u00e9seaux cellulaires priv\u00e9s offrent la fiabilit\u00e9 n\u00e9cessaire aux communications essentielles.<\/p><\/div><\/td><td style=\"width: 50%;\"><div class=\"single_mission_title\"><h6>R\u00e9seaux de capteurs \u00e0 faible consommation<\/h6><\/div><div class=\"single_mission_text\"><p>\u00c0 mesure que vous connecterez davantage de machines \u00e0 vos syst\u00e8mes, nombre de ces capteurs seront des dispositifs \u00e0 faible consommation d'\u00e9nergie. Les donn\u00e9es de ces capteurs, combin\u00e9es \u00e0 celles que vous collecterez via votre r\u00e9seau cellulaire priv\u00e9, alimenteront votre transformation.<\/p><\/div><\/td><\/tr><\/tbody><\/table><blockquote><p>Que votre b\u00e2timent soit fait de b\u00e9ton, d\u2019acier, de ciment ou d\u2019autres mat\u00e9riaux, ayez une couverture cellulaire qui supporte vos op\u00e9rations.<\/p><\/blockquote><h2>\u00a0<\/h2><h2 class=\"widget-title\">La connectivit\u00e9 soutient les gens et les op\u00e9rations<\/h2><h4 class=\"widget-title\">Les entreprises d\u2019aujourd\u2019hui sont guid\u00e9es par l\u2019information en temps r\u00e9el et l'avantage d\u2019\u00eatre connect\u00e9es en tout temps.<\/h4><p><img decoding=\"async\" src=\"https:\/\/staging.inbuildingcellular.ca\/assets\/images\/ligne_orange.png\" alt=\"\" \/><\/p><p>\u25b8 Cam\u00e9ra de surveillance ext\u00e9rieure | T\u00e9l\u00e9phones et appareils connect\u00e9s (int\u00e9rieur et ext\u00e9rieur) en continu | Agent de s\u00e9curit\u00e9 utilisant un microphone \u00e0 la gu\u00e9rite | Donn\u00e9es d'usine | Tablettes et syst\u00e8mes informatiques connect\u00e9s dans les entrep\u00f4ts | Robotique<\/p><p><img loading=\"lazy\" decoding=\"async\" class=\"alignnone wp-image-1315 size-large\" src=\"http:\/\/vegawave.ca\/wp-content\/uploads\/2025\/08\/real_time_information_and_the_ability_to_be_constantly_connected_manufacturing-1024x1024.jpg\" alt=\"Real time information and the ability to be constantly connected in manufacturing\" width=\"640\" height=\"640\" srcset=\"https:\/\/vegawave.ca\/wp-content\/uploads\/2025\/08\/real_time_information_and_the_ability_to_be_constantly_connected_manufacturing-1024x1024.jpg 1024w, https:\/\/vegawave.ca\/wp-content\/uploads\/2025\/08\/real_time_information_and_the_ability_to_be_constantly_connected_manufacturing-300x300.jpg 300w, https:\/\/vegawave.ca\/wp-content\/uploads\/2025\/08\/real_time_information_and_the_ability_to_be_constantly_connected_manufacturing-150x150.jpg 150w, https:\/\/vegawave.ca\/wp-content\/uploads\/2025\/08\/real_time_information_and_the_ability_to_be_constantly_connected_manufacturing-768x768.jpg 768w, https:\/\/vegawave.ca\/wp-content\/uploads\/2025\/08\/real_time_information_and_the_ability_to_be_constantly_connected_manufacturing-600x600.jpg 600w, https:\/\/vegawave.ca\/wp-content\/uploads\/2025\/08\/real_time_information_and_the_ability_to_be_constantly_connected_manufacturing.jpg 1050w\" sizes=\"(max-width: 640px) 100vw, 640px\" \/><\/p><h2>\u00a0<\/h2><h2 class=\"widget-title\">Projets de connectivit\u00e9 cellulaire r\u00e9cents\u00a0: accro\u00eetre l'efficacit\u00e9 de l'\u00e9quipe<\/h2><p class=\"widget-title\">Les syst\u00e8mes DAS traditionnels ne constituent pas toujours la solution. Les experts estiment que dans plus de 80 % des cas, les probl\u00e8mes de t\u00e9l\u00e9phonie mobile sont li\u00e9s \u00e0 la couverture, et non \u00e0 la capacit\u00e9.<\/p><h4><img decoding=\"async\" src=\"https:\/\/staging.inbuildingcellular.ca\/assets\/images\/ligne_orange.png\" alt=\"\" \/><\/h4><table style=\"width: 100%; border-collapse: collapse; background-color: #eaf2fd;\" cellpadding=\"20\"><tbody><tr><td style=\"width: 100%;\"><img loading=\"lazy\" decoding=\"async\" class=\"alignnone wp-image-1317 size-full\" src=\"http:\/\/vegawave.ca\/wp-content\/uploads\/2025\/08\/usine_bridor_boucheville_couverture_cellulaire_interieure_DAS.jpg\" alt=\"Usine Bridor Boucheville couverture cellulaire interieure DAS\" width=\"800\" height=\"400\" srcset=\"https:\/\/vegawave.ca\/wp-content\/uploads\/2025\/08\/usine_bridor_boucheville_couverture_cellulaire_interieure_DAS.jpg 800w, https:\/\/vegawave.ca\/wp-content\/uploads\/2025\/08\/usine_bridor_boucheville_couverture_cellulaire_interieure_DAS-300x150.jpg 300w, https:\/\/vegawave.ca\/wp-content\/uploads\/2025\/08\/usine_bridor_boucheville_couverture_cellulaire_interieure_DAS-768x384.jpg 768w\" sizes=\"(max-width: 800px) 100vw, 800px\" \/><\/td><\/tr><tr><td style=\"width: 100%;\"><h4>Usine Bridor, Boucherville (Communication Fiable)<\/h4><p>Bridor est un leader nord-am\u00e9ricain dans la fabrication de pains et de viennoiseries innovants et de haute qualit\u00e9. Conforme aux normes de l'industrie agroalimentaire, notre \u00e9quipe a \u0153uvr\u00e9 pour connecter l'ensemble de l'usine. Nous avons assur\u00e9 une couverture cellulaire dans l'enti\u00e8ret\u00e9 du site, permettant aux applications de communiquer en temps r\u00e9el avec le bureau central.<\/p><\/td><\/tr><\/tbody><\/table><p>\u00a0<\/p><table style=\"width: 100%; border-collapse: collapse; background-color: #f7f2e9;\" cellpadding=\"20\"><tbody><tr><td style=\"width: 100%;\"><img loading=\"lazy\" decoding=\"async\" class=\"alignnone wp-image-1318 size-full\" src=\"http:\/\/vegawave.ca\/wp-content\/uploads\/2025\/08\/reception_cellulaire_puissante_et_fiable_usine_de_Ciment_Quebec.jpg\" alt=\"Reception cellulaire puissante et fiable usine de Ciment Quebec\" width=\"800\" height=\"400\" srcset=\"https:\/\/vegawave.ca\/wp-content\/uploads\/2025\/08\/reception_cellulaire_puissante_et_fiable_usine_de_Ciment_Quebec.jpg 800w, https:\/\/vegawave.ca\/wp-content\/uploads\/2025\/08\/reception_cellulaire_puissante_et_fiable_usine_de_Ciment_Quebec-300x150.jpg 300w, https:\/\/vegawave.ca\/wp-content\/uploads\/2025\/08\/reception_cellulaire_puissante_et_fiable_usine_de_Ciment_Quebec-768x384.jpg 768w\" sizes=\"(max-width: 800px) 100vw, 800px\" \/><\/td><\/tr><tr><td style=\"width: 100%;\"><h4>Ciment Qu\u00e9bec, St-Basile (r\u00e9ception cellulaire)<\/h4><p>Ciment Qu\u00e9bec (CQI) est un groupe cimentier int\u00e9gr\u00e9 qui comprend plusieurs divisions dans les secteurs du ciment, du b\u00e9ton et des agr\u00e9gats depuis plus de soixante-dix ans. La cimenterie de Saint-Basile compte parmi les plus productives en Am\u00e9rique du Nord. Suite \u00e0 une analyse de site, nous avons identifi\u00e9 les lacunes dans la couverture cellulaire. Gr\u00e2ce \u00e0 l'installation de r\u00e9p\u00e9teurs, le personnel et les op\u00e9rations b\u00e9n\u00e9ficient d'une r\u00e9ception cellulaire forte et fiable dans l'ensemble de l'usine.<\/p><\/td><\/tr><\/tbody><\/table><h4>\u00a0<\/h4><table style=\"width: 100%; border-collapse: collapse; background-color: #eaf2fd; height: 485px;\" cellpadding=\"20\"><tbody><tr style=\"height: 211px;\"><td style=\"width: 100%; height: 211px;\"><img loading=\"lazy\" decoding=\"async\" class=\"alignnone wp-image-1319 size-full\" src=\"http:\/\/vegawave.ca\/wp-content\/uploads\/2025\/08\/site_de_production_galderma_tests_signal_cellulaire_et_solutions.jpg\" alt=\"Site de production Galderma tests signal cellulaire et solutions\" width=\"800\" height=\"400\" srcset=\"https:\/\/vegawave.ca\/wp-content\/uploads\/2025\/08\/site_de_production_galderma_tests_signal_cellulaire_et_solutions.jpg 800w, https:\/\/vegawave.ca\/wp-content\/uploads\/2025\/08\/site_de_production_galderma_tests_signal_cellulaire_et_solutions-300x150.jpg 300w, https:\/\/vegawave.ca\/wp-content\/uploads\/2025\/08\/site_de_production_galderma_tests_signal_cellulaire_et_solutions-768x384.jpg 768w\" sizes=\"(max-width: 800px) 100vw, 800px\" \/><\/td><\/tr><tr style=\"height: 274px;\"><td style=\"width: 100%; height: 274px;\"><h4>Galderma, Baie-D'Urf\u00e9 (r\u00e9p\u00e9teurs cellulaires)<\/h4><p>La croissance rapide de Galderma repose sur des technologies de fabrication sup\u00e9rieures et des op\u00e9rations hautement performantes. Son plus grand site de production, situ\u00e9 \u00e0 Baie-D'Urf\u00e9, n\u00e9cessitait des signaux int\u00e9rieurs plus puissants \u00e0 des emplacements cl\u00e9s dans l'usine. Nous avons effectu\u00e9 des tests de signal cellulaire, identifi\u00e9 les zones \u00e0 risque, \u00e9valu\u00e9 les variables de propagation, d\u00e9termin\u00e9 les trac\u00e9s de c\u00e2bles et les emplacements des r\u00e9p\u00e9teurs cellulaires, puis proc\u00e9d\u00e9 \u00e0 l'installation.<\/p><\/td><\/tr><\/tbody><\/table><h4>\u00a0<\/h4><h4>Notre \u00e9quipe chez VEGA est heureuse de fournir une \u00e9tude de site et une \u00e9valuation des besoins afin de d\u00e9terminer la meilleure solution DAS commerciale pour vos b\u00e2timents.<\/h4>        <\/div>\r\n        \r\n        \t\t\t\t<\/div>\n\t\t\t\t<\/div>\n\t\t\t\t<div class=\"elementor-element elementor-element-8a28c44 elementor-align-center elementor-widget elementor-widget-button\" data-id=\"8a28c44\" data-element_type=\"widget\" data-e-type=\"widget\" data-widget_type=\"button.default\">\n\t\t\t\t<div class=\"elementor-widget-container\">\n\t\t\t\t\t\t\t\t\t<div class=\"elementor-button-wrapper\">\n\t\t\t\t\t<a class=\"elementor-button elementor-button-link elementor-size-sm\" href=\"\/fr\/portfolio\/?filter=manufacturing\">\n\t\t\t\t\t\t<span class=\"elementor-button-content-wrapper\">\n\t\t\t\t\t\t\t\t\t<span class=\"elementor-button-text\">R\u00e9cents projets dans le secteur manufacturier<\/span>\n\t\t\t\t\t<\/span>\n\t\t\t\t\t<\/a>\n\t\t\t\t<\/div>\n\t\t\t\t\t\t\t\t<\/div>\n\t\t\t\t<\/div>\n\t\t\t\t<div class=\"elementor-element elementor-element-9744d5e elementor-widget elementor-widget-codexunictheme-service-contact\" data-id=\"9744d5e\" data-element_type=\"widget\" data-e-type=\"widget\" data-widget_type=\"codexunictheme-service-contact.default\">\n\t\t\t\t<div class=\"elementor-widget-container\">\n\t\t\t\t\t\r\n        <div class=\"services-contact-section\">\r\n                        <div class=\"icon\">\r\n                <i class=\"fa-regular fa-headset\"><\/i>\r\n            <\/div>\r\n                        <div class=\"row\">\r\n                <div class=\"col-sm-8 align-self-center\">\r\n                    <p>Am\u00e9liorez vos op\u00e9rations d\u00e8s aujourd\u2019hui, parlez \u00e0 un expert.<\/p>\r\n                <\/div>\r\n                <div class=\"col-sm-4 text-md-right align-self-center\">\r\n                                            <a href=\"\/fr\/contact-us\/\" class=\"button-2\">\r\n                            Obtenez un devis                        <\/a>\r\n                                    <\/div>\r\n            <\/div>\r\n        <\/div>\r\n        \t\t\t\t<\/div>\n\t\t\t\t<\/div>\n\t\t\t\t<\/div>\n\t\t<div class=\"elementor-element elementor-element-89758a7 e-con-full e-flex e-con e-child\" data-id=\"89758a7\" data-element_type=\"container\" data-e-type=\"container\" data-settings=\"{&quot;jet_parallax_layout_list&quot;:[]}\">\n\t\t\t\t<div class=\"elementor-element elementor-element-d9ee6b9 elementor-widget elementor-widget-codexunictheme-services-details\" data-id=\"d9ee6b9\" data-element_type=\"widget\" data-e-type=\"widget\" data-widget_type=\"codexunictheme-services-details.default\">\n\t\t\t\t<div class=\"elementor-widget-container\">\n\t\t\t\t\t\r\n        <div class=\"services-details-list\">\r\n            <h3>Industries<\/h3>\r\n            <ul>\r\n                                    <li class=\"no\"><a href=\"\/fr\/solutions\/healthcare-connectivity\/\">Milieu de la sant\u00e9<\/a><\/li>\r\n                                    <li class=\"no\"><a href=\"\/fr\/solutions\/parking-ev-stations-elevators\/\">Stationnement, bornes, ascenseurs<\/a><\/li>\r\n                                    <li class=\"yes\"><a href=\"\/fr\/solutions\/wireless-coverage-for-manufacturing-and-warehouse-buildings\/\">Manufacturier<\/a><\/li>\r\n                                    <li class=\"no\"><a href=\"\/fr\/solutions\/connectivity-for-data-center-datacenter\/\">Centres de donn\u00e9es<\/a><\/li>\r\n                                    <li class=\"no\"><a href=\"\/fr\/solutions\/reliable-cellular-coverage-and-communication-in-emergency-measures\/\">Mesures d'urgence<\/a><\/li>\r\n                                    <li class=\"no\"><a href=\"\/fr\/solutions\/lte-5g-in-building-wireless-solutions-office-buildings\/\">\u00c9difices \u00e0 bureaux<\/a><\/li>\r\n                                    <li class=\"no\"><a href=\"\/fr\/solutions\/construction-site-cellular-connection-strong-signal\/\">Construction<\/a><\/li>\r\n                                    <li class=\"no\"><a href=\"\/fr\/solutions\/smart-cities-and-municipalities-connectivity-in-real-time\/\">Villes et municipalit\u00e9s<\/a><\/li>\r\n                                    <li class=\"no\"><a href=\"\/fr\/solutions\/maritime-connectivity-lte-5g-solutions-for-the-maritime-industry\/\">Maritime<\/a><\/li>\r\n                                    <li class=\"no\"><a href=\"\/fr\/solutions\/remote-and-rural-site-wireless-connectivity\/\">R\u00e9gion \u00e9loign\u00e9e<\/a><\/li>\r\n                            <\/ul>\r\n        <\/div>\r\n        \r\n        \t\t\t\t<\/div>\n\t\t\t\t<\/div>\n\t\t\t\t<div class=\"elementor-element elementor-element-6c32e53 elementor-widget elementor-widget-codexunictheme-services-contact-banner\" data-id=\"6c32e53\" data-element_type=\"widget\" data-e-type=\"widget\" data-widget_type=\"codexunictheme-services-contact-banner.default\">\n\t\t\t\t<div class=\"elementor-widget-container\">\n\t\t\t\t\t\r\n        <div class=\"services-details-ct-banner\" style=\"background-image: url('http:\/\/vegawave.ca\/wp-content\/uploads\/2025\/08\/Service_Details_Call_Us_Certified_Technician.jpg');\">\r\n            <div>\r\n                <div class=\"icon\">\r\n                    <i class=\"fa-light fa-phone\"><\/i>\r\n                <\/div>\r\n                <h3>Discutons, contactez-nous!<\/h3>\r\n                <h5>844 360-9119<\/h5>\r\n            <\/div>\r\n            \r\n        <\/div>\r\n        \r\n        \t\t\t\t<\/div>\n\t\t\t\t<\/div>\n\t\t\t\t<\/div>\n\t\t\t\t\t<\/div>\n\t\t\t\t<\/div>\n\t\t\t\t<\/div>","protected":false},"excerpt":{"rendered":"<p>Manufacturing LTE 5G Connection Home Industries and Recent Projects Wireless Coverage for Manufacturing &#038; Warehouse Buildings Every Operation Requires a Wireless Strategy Address these four key areas to support and connect Industry technologies to realize productivity gains. Wi-Fi Corporate Wi-Fi is the backbone of your employee\u2019s corporate connectivity. Your IT team is an expert at [&hellip;]<\/p>","protected":false},"author":1,"featured_media":0,"parent":148,"menu_order":0,"comment_status":"closed","ping_status":"closed","template":"elementor_header_footer","meta":{"_monsterinsights_skip_tracking":false,"_monsterinsights_sitenote_active":false,"_monsterinsights_sitenote_note":"","_monsterinsights_sitenote_category":0,"_uf_show_specific_survey":0,"_uf_disable_surveys":false,"footnotes":""},"class_list":["post-1882","page","type-page","status-publish","hentry"],"aioseo_notices":[],"jetpack_sharing_enabled":true,"_links":{"self":[{"href":"https:\/\/vegawave.ca\/fr\/wp-json\/wp\/v2\/pages\/1882","targetHints":{"allow":["GET"]}}],"collection":[{"href":"https:\/\/vegawave.ca\/fr\/wp-json\/wp\/v2\/pages"}],"about":[{"href":"https:\/\/vegawave.ca\/fr\/wp-json\/wp\/v2\/types\/page"}],"author":[{"embeddable":true,"href":"https:\/\/vegawave.ca\/fr\/wp-json\/wp\/v2\/users\/1"}],"replies":[{"embeddable":true,"href":"https:\/\/vegawave.ca\/fr\/wp-json\/wp\/v2\/comments?post=1882"}],"version-history":[{"count":25,"href":"https:\/\/vegawave.ca\/fr\/wp-json\/wp\/v2\/pages\/1882\/revisions"}],"predecessor-version":[{"id":2593,"href":"https:\/\/vegawave.ca\/fr\/wp-json\/wp\/v2\/pages\/1882\/revisions\/2593"}],"up":[{"embeddable":true,"href":"https:\/\/vegawave.ca\/fr\/wp-json\/wp\/v2\/pages\/148"}],"wp:attachment":[{"href":"https:\/\/vegawave.ca\/fr\/wp-json\/wp\/v2\/media?parent=1882"}],"curies":[{"name":"wp","href":"https:\/\/api.w.org\/{rel}","templated":true}]}}