{"id":1842,"date":"2025-08-26T13:18:20","date_gmt":"2025-08-26T13:18:20","guid":{"rendered":"http:\/\/vegawave.ca\/?page_id=1842"},"modified":"2026-04-01T17:38:45","modified_gmt":"2026-04-01T17:38:45","slug":"healthcare-connectivity","status":"publish","type":"page","link":"https:\/\/vegawave.ca\/fr\/solutions-get-improved-cellular-connection-today-for-your-business\/healthcare-connectivity\/","title":{"rendered":"Milieu de la sant\u00e9 - Connectivit\u00e9"},"content":{"rendered":"<div data-elementor-type=\"wp-page\" data-elementor-id=\"1842\" class=\"elementor elementor-1842\">\n\t\t\t\t<div class=\"elementor-element elementor-element-5bcc92c e-con-full e-flex e-con e-parent\" data-id=\"5bcc92c\" data-element_type=\"container\" data-e-type=\"container\" data-settings=\"{&quot;jet_parallax_layout_list&quot;:[]}\">\n\t\t\t\t<div class=\"elementor-element elementor-element-4fc8a2b elementor-widget elementor-widget-codexunictheme-breadcrumb\" data-id=\"4fc8a2b\" data-element_type=\"widget\" data-e-type=\"widget\" data-widget_type=\"codexunictheme-breadcrumb.default\">\n\t\t\t\t<div class=\"elementor-widget-container\">\n\t\t\t\t\t        \r\n        <section class=\"breadcrumb-section text-center pt-200 pb-140\" style=\"background-image: url('http:\/\/vegawave.ca\/wp-content\/uploads\/2025\/08\/healthcare_connectivity_lte_5g.jpg');\">\r\n            <div class=\"container\">\r\n                <div class=\"row\">\r\n                    <div class=\"col-lg-12\">\r\n                        <div class=\"content\">\r\n                            <h2>Milieu de la sant\u00e9 - Connectivit\u00e9<\/h2>\r\n                            <ul>\r\n                                <li><a href=\"https:\/\/vegawave.ca\/fr\/\">Acceuil<\/a><\/li>\r\n                                <li>Industries et projets r\u00e9cents<\/li>\r\n                            <\/ul>\r\n                        <\/div>\r\n                    <\/div>\r\n                <\/div>\r\n            <\/div>\r\n        <\/section>\r\n        \r\n        \t\t\t\t<\/div>\n\t\t\t\t<\/div>\n\t\t\t\t<\/div>\n\t\t<div class=\"elementor-element elementor-element-649b4c1 e-flex e-con-boxed e-con e-parent\" data-id=\"649b4c1\" data-element_type=\"container\" data-e-type=\"container\" data-settings=\"{&quot;jet_parallax_layout_list&quot;:[]}\">\n\t\t\t\t\t<div class=\"e-con-inner\">\n\t\t<div class=\"elementor-element elementor-element-138ceee e-con-full e-flex e-con e-child\" data-id=\"138ceee\" data-element_type=\"container\" data-e-type=\"container\" data-settings=\"{&quot;jet_parallax_layout_list&quot;:[]}\">\n\t\t\t\t<div class=\"elementor-element elementor-element-f8150e1 elementor-widget elementor-widget-menu-anchor\" data-id=\"f8150e1\" data-element_type=\"widget\" data-e-type=\"widget\" data-widget_type=\"menu-anchor.default\">\n\t\t\t\t<div class=\"elementor-widget-container\">\n\t\t\t\t\t\t\t<div class=\"elementor-menu-anchor\" id=\"anchor_healthcare\"><\/div>\n\t\t\t\t\t\t<\/div>\n\t\t\t\t<\/div>\n\t\t\t\t<div class=\"elementor-element elementor-element-6cc6006 elementor-widget elementor-widget-image\" data-id=\"6cc6006\" data-element_type=\"widget\" data-e-type=\"widget\" data-widget_type=\"image.default\">\n\t\t\t\t<div class=\"elementor-widget-container\">\n\t\t\t\t\t\t\t\t\t\t\t\t\t\t\t<img fetchpriority=\"high\" decoding=\"async\" width=\"1280\" height=\"853\" src=\"https:\/\/vegawave.ca\/wp-content\/uploads\/2025\/07\/app_healthcare_cellular_coverage.jpg\" class=\"attachment-full size-full wp-image-775\" alt=\"Healthcare cellular coverage at all time - Solution VEGA\" srcset=\"https:\/\/vegawave.ca\/wp-content\/uploads\/2025\/07\/app_healthcare_cellular_coverage.jpg 1280w, https:\/\/vegawave.ca\/wp-content\/uploads\/2025\/07\/app_healthcare_cellular_coverage-300x200.jpg 300w, https:\/\/vegawave.ca\/wp-content\/uploads\/2025\/07\/app_healthcare_cellular_coverage-1024x682.jpg 1024w, https:\/\/vegawave.ca\/wp-content\/uploads\/2025\/07\/app_healthcare_cellular_coverage-768x512.jpg 768w\" sizes=\"(max-width: 1280px) 100vw, 1280px\" \/>\t\t\t\t\t\t\t\t\t\t\t\t\t\t\t<\/div>\n\t\t\t\t<\/div>\n\t\t\t\t<div class=\"elementor-element elementor-element-cae5d89 elementor-widget elementor-widget-codexunictheme-common-content\" data-id=\"cae5d89\" data-element_type=\"widget\" data-e-type=\"widget\" data-widget_type=\"codexunictheme-common-content.default\">\n\t\t\t\t<div class=\"elementor-widget-container\">\n\t\t\t\t\t\r\n        <div class=\"common-content-section\">\r\n                            <h1>Connectivit\u00e9 sans fil en milieu de sant\u00e9<\/h1>\r\n                        <table style=\"width: 100%; border-collapse: collapse;\"><tbody><tr><td style=\"width: 100%;\"><h5><span style=\"color: #ff9000;\">Solutions de couverture cellulaire pour h\u00f4pitaux, cliniques, maisons de retraite ou autres \u00e9tablissements.<\/span><\/h5><\/td><\/tr><tr><td style=\"width: 100%;\"><h3 class=\"widget-title\">Solutions sans fil int\u00e9gr\u00e9es sur mesure pour le milieu de la sant\u00e9<\/h3><p>Les h\u00f4pitaux et les \u00e9tablissements de sant\u00e9 ont besoin de syst\u00e8mes enti\u00e8rement int\u00e9gr\u00e9s avec une couverture cellulaire fiable pour am\u00e9liorer les soins aux patients, augmenter la productivit\u00e9 du personnel et optimiser l'efficacit\u00e9 op\u00e9rationnelle.<\/p><\/td><\/tr><tr><td style=\"width: 100%;\"><blockquote><p>Avec des d\u00e9cennies d'exp\u00e9rience aupr\u00e8s des \u00e9tablissements de sant\u00e9, VEGA fournit des solutions sans fil sur mesure pour les h\u00f4pitaux, les CIUSSS et toutes les institutions de sant\u00e9.<\/p><\/blockquote><p>Nos solutions DAS sont compl\u00e8tes et \u00e0 la fine pointe de la technologie permettant ainsi aux m\u00e9decins d'obtenir des donn\u00e9es et des informations sur les patients en temps r\u00e9el. Que ce soit pendant les interventions chirurgicales, les communications avec les patients dans les h\u00f4pitaux, les cliniques, les centres chirurgicaux ou en milieu ambulatoire,<\/p><\/td><\/tr><\/tbody><\/table><h3 class=\"widget-title\">\u00a0<\/h3><table style=\"width: 100%; border-collapse: collapse; background-color: #eaf2fd;\" cellpadding=\"20\"><tbody><tr><td style=\"width: 100%;\"><h4>\u00a0<\/h4><h4 class=\"widget-title\">Une connectivit\u00e9 s\u00e9curis\u00e9e am\u00e8ne de multiples avantages.<\/h4><\/td><\/tr><tr><td style=\"width: 100%;\"><img decoding=\"async\" class=\"alignnone wp-image-241 size-full\" src=\"http:\/\/vegawave.ca\/wp-content\/uploads\/2024\/12\/equipe_de_soins_sante.jpg\" alt=\"Healthcare professionals save time by accessing patient records\" width=\"800\" height=\"400\" srcset=\"https:\/\/vegawave.ca\/wp-content\/uploads\/2024\/12\/equipe_de_soins_sante.jpg 800w, https:\/\/vegawave.ca\/wp-content\/uploads\/2024\/12\/equipe_de_soins_sante-300x150.jpg 300w, https:\/\/vegawave.ca\/wp-content\/uploads\/2024\/12\/equipe_de_soins_sante-768x384.jpg 768w, https:\/\/vegawave.ca\/wp-content\/uploads\/2024\/12\/equipe_de_soins_sante-18x9.jpg 18w\" sizes=\"(max-width: 800px) 100vw, 800px\" \/><\/td><\/tr><tr><td style=\"width: 100%;\"><p><strong>Un signal 24h\/24 et 7j\/7 :\u00a0<\/strong>Les patients, les visiteurs et le personnel, que ce soit dans un h\u00f4pital, une clinique externe ou un \u00e9tablissement de soins, ont besoin d'un acc\u00e8s 24h\/24 et 7j\/7 aux services d'urgence, aux donn\u00e9es de sant\u00e9 et aux informations sur les soins. La connexion via mobile est simple et s\u00e9curis\u00e9e.<\/p><\/td><\/tr><tr><td style=\"width: 100%;\"><p><strong>Des prestataires de soins de sant\u00e9 plus efficaces :\u00a0<\/strong>Les professionnels de la sant\u00e9 gagnent du temps en acc\u00e9dant aux dossiers des patients et aux syst\u00e8mes de soins cliniques via une connexion cellulaire ; plus besoin de se connecter au Wi-Fi ou de s'inqui\u00e9ter de la s\u00e9curit\u00e9.<\/p><\/td><\/tr><tr><td style=\"width: 100%;\"><p><strong>Tranquillit\u00e9 d'esprit\u00a0:\u00a0<\/strong>Le cellulaire est une excellente option principale ou de secours pour les op\u00e9rations critiques telles que la gestion de la pharmacie, la gestion des dossiers, les alertes de surveillance du syst\u00e8me, les alarmes, la surveillance et la s\u00e9curit\u00e9 des installations.<\/p><\/td><\/tr><\/tbody><\/table><div class=\"single_mission_title\"><div class=\"single_mission_title\"><h3>\u00a0<\/h3><h3>Les personnes et les processus b\u00e9n\u00e9ficient d\u2019une connectivit\u00e9 s\u00e9curis\u00e9e.<\/h3><p><img decoding=\"async\" class=\"alignnone size-full wp-image-242\" src=\"http:\/\/vegawave.ca\/wp-content\/uploads\/2024\/12\/ligne-orange.png\" alt=\"\" width=\"70\" height=\"10\" srcset=\"https:\/\/vegawave.ca\/wp-content\/uploads\/2024\/12\/ligne-orange.png 70w, https:\/\/vegawave.ca\/wp-content\/uploads\/2024\/12\/ligne-orange-18x3.png 18w\" sizes=\"(max-width: 70px) 100vw, 70px\" \/><\/p><p><img loading=\"lazy\" decoding=\"async\" class=\"alignnone wp-image-246 size-large\" src=\"https:\/\/vegawave.ca\/wp-content\/uploads\/2025\/10\/milieu_de_la_sante_connexion_sans_fil_avec_signal_2-1.jpg\" alt=\"hospital and healthcare secure connectivity\" width=\"640\" height=\"897\" srcset=\"https:\/\/vegawave.ca\/wp-content\/uploads\/2025\/10\/milieu_de_la_sante_connexion_sans_fil_avec_signal_2-1.jpg 750w, https:\/\/vegawave.ca\/wp-content\/uploads\/2025\/10\/milieu_de_la_sante_connexion_sans_fil_avec_signal_2-1-214x300.jpg 214w, https:\/\/vegawave.ca\/wp-content\/uploads\/2025\/10\/milieu_de_la_sante_connexion_sans_fil_avec_signal_2-1-731x1024.jpg 731w, https:\/\/vegawave.ca\/wp-content\/uploads\/2025\/10\/milieu_de_la_sante_connexion_sans_fil_avec_signal_2-1-9x12.jpg 9w\" sizes=\"(max-width: 640px) 100vw, 640px\" \/><\/p><\/div><\/div><table style=\"width: 100%; border-collapse: collapse; background-color: #eaf2fd;\" cellpadding=\"10\"><tbody><tr><td style=\"width: 100%;\"><h4>\u00a0<\/h4><h4 class=\"widget-title\">Voix et donn\u00e9es fiables rime avec moins de soucis<\/h4><\/td><\/tr><tr><td style=\"width: 100%;\"><ul><li><h6>Acc\u00e8s aux ant\u00e9c\u00e9dents m\u00e9dicaux<\/h6><p>L\u2019acc\u00e8s aux ant\u00e9c\u00e9dents m\u00e9dicaux, aux informations d\u2019assurance, ainsi que la possibilit\u00e9 de tenir la famille inform\u00e9e en cas d\u2019urgence r\u00e9duisent le stress des soignants.<\/p><\/li><\/ul><\/td><\/tr><tr><td style=\"width: 100%;\"><ul><li><h6>Obtenir des r\u00e9sultats rapidement<\/h6><p>Consulter, collaborer, \u00e9duquer et obtenir des r\u00e9sultats et des r\u00e9ponses rapidement am\u00e9liorent les soins et la satisfaction des patients.<\/p><\/li><\/ul><\/td><\/tr><tr><td style=\"width: 100%;\"><ul><li><h6>Connectivit\u00e9 transparente<\/h6><p>Une connectivit\u00e9 transparente en d\u00e9placement facilite la pr\u00e9paration et la coordination des soins aux patients.<\/p><\/li><\/ul><\/td><\/tr><tr><td style=\"width: 100%;\"><ul><li><h6>Les op\u00e9rations se d\u00e9roulent plus en douceur<\/h6><p>La surveillance de l\u2019\u00e9quipement, des fournitures, du personnel et de la s\u00e9curit\u00e9 des installations garantit le bon d\u00e9roulement des op\u00e9rations.<\/p><\/li><\/ul><\/td><\/tr><\/tbody><\/table><h4 class=\"widget-title\">\u00a0<\/h4><table style=\"width: 100%; border-collapse: collapse;\"><tbody><tr><td style=\"width: 100%;\"><h2>Quelques-uns de nos projets de sant\u00e9<\/h2><p><img decoding=\"async\" class=\"alignnone size-full wp-image-242\" src=\"http:\/\/vegawave.ca\/wp-content\/uploads\/2024\/12\/ligne-orange.png\" alt=\"\" width=\"70\" height=\"10\" srcset=\"https:\/\/vegawave.ca\/wp-content\/uploads\/2024\/12\/ligne-orange.png 70w, https:\/\/vegawave.ca\/wp-content\/uploads\/2024\/12\/ligne-orange-18x3.png 18w\" sizes=\"(max-width: 70px) 100vw, 70px\" \/><\/p><\/td><\/tr><tr><td style=\"width: 100%;\"><p>Nous avons l'exp\u00e9rience en renforcement des signaux de communication dans les \u00e9tablissements de sant\u00e9.<\/p><p>Nous concevons, installons, entretenons et certifions des syst\u00e8mes d'antennes distribu\u00e9es (DAS) pour amplifier les signaux radiofr\u00e9quences et cellulaires dans les h\u00f4pitaux, les grands b\u00e2timents et installations, ainsi que sur les campus.<\/p><p>\u00c9quiper votre \u00e9tablissement de sant\u00e9 d'un syst\u00e8me d'antenne distribu\u00e9e (DAS) garantit une couverture sans fil dans chaque b\u00e2timent, sur laquelle les m\u00e9decins et autres professionnels de la sant\u00e9 s'appuient d\u00e9sormais sur leurs tablettes qui enregistrent les donn\u00e9es des patients et communiquent leurs besoins.<\/p><\/td><\/tr><\/tbody><\/table><table style=\"width: 100%; border-collapse: collapse; background-color: #eaf2fd;\" cellpadding=\"10\"><tbody><tr><td style=\"width: 100%;\"><img loading=\"lazy\" decoding=\"async\" class=\"alignnone wp-image-257 size-full\" src=\"http:\/\/vegawave.ca\/wp-content\/uploads\/2024\/12\/projet_recent_sante_CIUSSS_nord_de_ile.jpg\" alt=\"Sacr\u00e9-Coeur Hospital. recent cellullar coverage project CIUSS Nord de l'Ile.\" width=\"800\" height=\"400\" srcset=\"https:\/\/vegawave.ca\/wp-content\/uploads\/2024\/12\/projet_recent_sante_CIUSSS_nord_de_ile.jpg 800w, https:\/\/vegawave.ca\/wp-content\/uploads\/2024\/12\/projet_recent_sante_CIUSSS_nord_de_ile-300x150.jpg 300w, https:\/\/vegawave.ca\/wp-content\/uploads\/2024\/12\/projet_recent_sante_CIUSSS_nord_de_ile-768x384.jpg 768w, https:\/\/vegawave.ca\/wp-content\/uploads\/2024\/12\/projet_recent_sante_CIUSSS_nord_de_ile-18x9.jpg 18w\" sizes=\"(max-width: 800px) 100vw, 800px\" \/><\/td><\/tr><tr><td style=\"width: 100%;\"><h4>H\u00f4pital Sacr\u00e9-C\u0153ur (couverture sans fil)<\/h4><p>Les services de couverture cellulaire, radio et de s\u00e9curit\u00e9 publique DAS con\u00e7us et install\u00e9s par VEGA r\u00e9pondent au besoin d'une couverture compl\u00e8te, claire et fiable pour l'ensemble des installations de l'H\u00f4pital Sacr\u00e9-Coeur, tout en tenant compte du besoin de couverture sans fil dans les zones souterraines et les stationnements.<\/p><\/td><\/tr><\/tbody><\/table><table style=\"width: 100%; border-collapse: collapse; background-color: #f7f2e9;\" cellpadding=\"20\"><tbody><tr><td style=\"width: 100%;\"><img loading=\"lazy\" decoding=\"async\" class=\"alignnone wp-image-259 size-full\" src=\"http:\/\/vegawave.ca\/wp-content\/uploads\/2024\/12\/installation_DAS_hopital_verdun.jpg\" alt=\"Installation DAS Hopital Verdun\" width=\"800\" height=\"400\" srcset=\"https:\/\/vegawave.ca\/wp-content\/uploads\/2024\/12\/installation_DAS_hopital_verdun.jpg 800w, https:\/\/vegawave.ca\/wp-content\/uploads\/2024\/12\/installation_DAS_hopital_verdun-300x150.jpg 300w, https:\/\/vegawave.ca\/wp-content\/uploads\/2024\/12\/installation_DAS_hopital_verdun-768x384.jpg 768w, https:\/\/vegawave.ca\/wp-content\/uploads\/2024\/12\/installation_DAS_hopital_verdun-18x9.jpg 18w\" sizes=\"(max-width: 800px) 100vw, 800px\" \/><\/td><\/tr><tr><td style=\"width: 100%;\"><h4>H\u00f4pital de Verdun (connectivit\u00e9)<\/h4><p>Patient experience, employee productivity, and the competitive nature of healthcare delivery require wireless systems that seamlessly integrate voice, data, location, and clinical services across Verdun Hospital.<\/p><\/td><\/tr><\/tbody><\/table><p>\u00a0<\/p><table style=\"height: 256px; width: 100%; border-collapse: collapse; background-color: #eaf2fd;\" cellpadding=\"20\"><tbody><tr style=\"height: 232px;\"><td style=\"width: 100%; height: 232px;\"><strong><img loading=\"lazy\" decoding=\"async\" class=\"alignnone wp-image-2681 size-full\" src=\"https:\/\/vegawave.ca\/wp-content\/uploads\/2026\/04\/Toronto_East_Healthcare_Network_COVID_emergency_measures.jpg\" alt=\"Toronto East Health Network Mobile communications became of particular importance with the COVID-19 outbreak.   \" width=\"800\" height=\"400\" srcset=\"https:\/\/vegawave.ca\/wp-content\/uploads\/2026\/04\/Toronto_East_Healthcare_Network_COVID_emergency_measures.jpg 800w, https:\/\/vegawave.ca\/wp-content\/uploads\/2026\/04\/Toronto_East_Healthcare_Network_COVID_emergency_measures-300x150.jpg 300w, https:\/\/vegawave.ca\/wp-content\/uploads\/2026\/04\/Toronto_East_Healthcare_Network_COVID_emergency_measures-768x384.jpg 768w, https:\/\/vegawave.ca\/wp-content\/uploads\/2026\/04\/Toronto_East_Healthcare_Network_COVID_emergency_measures-18x9.jpg 18w\" sizes=\"(max-width: 800px) 100vw, 800px\" \/><\/strong><\/td><\/tr><tr style=\"height: 24px;\"><td style=\"width: 100%; height: 24px;\"><h4>Toronto East Health Network (Mobile Communications)\u00a0<\/h4><p>Mobile communications became of particular importance with the COVID-19 outbreak.\u00a0 \u00a0East York Town Center facility became a hub for testing and vaccination. VEGA\u2019s emergency response team was deployed by a cellular carrier to solve in-building mobile coverage.\u00a0 Within a few days, remediation allowed voice, data and even video calls.<\/p><\/td><\/tr><\/tbody><\/table><p>\u00a0<\/p><table style=\"width: 100%; border-collapse: collapse; background-color: #f7f2e9;\" cellpadding=\"20\"><tbody><tr><td style=\"width: 100%;\"><img loading=\"lazy\" decoding=\"async\" class=\"alignnone wp-image-262 size-full\" src=\"http:\/\/vegawave.ca\/wp-content\/uploads\/2024\/12\/maison_des_ainees_installation_cellulaire_DAS.jpg\" alt=\"Maison des ain\u00e9es installation cellulaire DAS\" width=\"800\" height=\"400\" srcset=\"https:\/\/vegawave.ca\/wp-content\/uploads\/2024\/12\/maison_des_ainees_installation_cellulaire_DAS.jpg 800w, https:\/\/vegawave.ca\/wp-content\/uploads\/2024\/12\/maison_des_ainees_installation_cellulaire_DAS-300x150.jpg 300w, https:\/\/vegawave.ca\/wp-content\/uploads\/2024\/12\/maison_des_ainees_installation_cellulaire_DAS-768x384.jpg 768w, https:\/\/vegawave.ca\/wp-content\/uploads\/2024\/12\/maison_des_ainees_installation_cellulaire_DAS-18x9.jpg 18w\" sizes=\"(max-width: 800px) 100vw, 800px\" \/><\/td><\/tr><tr><td style=\"width: 100%;\"><h4>Rivi\u00e8re-des-Prairies Seniors' Home (Always Connected)<\/h4><p>For patients receiving long-term care, communication with family and friends is essential to recovery, so having a device that's always connected is imperative, regardless of the service provider.<\/p><\/td><\/tr><\/tbody><\/table><p>\u00a0<\/p><table style=\"width: 100%; border-collapse: collapse; background-color: #eaf2fd;\" cellpadding=\"20\"><tbody><tr><td style=\"width: 100%;\"><img loading=\"lazy\" decoding=\"async\" class=\"alignnone wp-image-261 size-full\" src=\"http:\/\/vegawave.ca\/wp-content\/uploads\/2024\/12\/installation_systeme_DAS_hopital_Notre-Dame.jpg\" alt=\"Installation Systeme DAS Hopital Notre-Dame\" width=\"800\" height=\"400\" srcset=\"https:\/\/vegawave.ca\/wp-content\/uploads\/2024\/12\/installation_systeme_DAS_hopital_Notre-Dame.jpg 800w, https:\/\/vegawave.ca\/wp-content\/uploads\/2024\/12\/installation_systeme_DAS_hopital_Notre-Dame-300x150.jpg 300w, https:\/\/vegawave.ca\/wp-content\/uploads\/2024\/12\/installation_systeme_DAS_hopital_Notre-Dame-768x384.jpg 768w, https:\/\/vegawave.ca\/wp-content\/uploads\/2024\/12\/installation_systeme_DAS_hopital_Notre-Dame-18x9.jpg 18w\" sizes=\"(max-width: 800px) 100vw, 800px\" \/><\/td><\/tr><tr><td style=\"width: 100%;\"><h4>H\u00f4pital Notre-Dame (connexion sans fil)<\/h4><p>For patients receiving long-term care, communication with family and friends is essential to recovery, so having a device that's always connected is imperative, regardless of the service provider.<\/p><\/td><\/tr><\/tbody><\/table>        <\/div>\r\n        \r\n        \t\t\t\t<\/div>\n\t\t\t\t<\/div>\n\t\t\t\t<div class=\"elementor-element elementor-element-0fe4f67 elementor-align-center elementor-widget elementor-widget-button\" data-id=\"0fe4f67\" data-element_type=\"widget\" data-e-type=\"widget\" data-widget_type=\"button.default\">\n\t\t\t\t<div class=\"elementor-widget-container\">\n\t\t\t\t\t\t\t\t\t<div class=\"elementor-button-wrapper\">\n\t\t\t\t\t<a class=\"elementor-button elementor-button-link elementor-size-sm\" href=\"\/fr\/portfolio\/?filter=healthcare\">\n\t\t\t\t\t\t<span class=\"elementor-button-content-wrapper\">\n\t\t\t\t\t\t\t\t\t<span class=\"elementor-button-text\">Quelques-uns de nos projets de sant\u00e9<\/span>\n\t\t\t\t\t<\/span>\n\t\t\t\t\t<\/a>\n\t\t\t\t<\/div>\n\t\t\t\t\t\t\t\t<\/div>\n\t\t\t\t<\/div>\n\t\t\t\t<div class=\"elementor-element elementor-element-c2463af elementor-widget elementor-widget-codexunictheme-service-contact\" data-id=\"c2463af\" data-element_type=\"widget\" data-e-type=\"widget\" data-widget_type=\"codexunictheme-service-contact.default\">\n\t\t\t\t<div class=\"elementor-widget-container\">\n\t\t\t\t\t\r\n        <div class=\"services-contact-section\">\r\n                        <div class=\"icon\">\r\n                <i class=\"fa-regular fa-headset\"><\/i>\r\n            <\/div>\r\n                        <div class=\"row\">\r\n                <div class=\"col-sm-8 align-self-center\">\r\n                    <p>Nos techniciens certifi\u00e9s poss\u00e8dent de l'exp\u00e9rience aupr\u00e8s des \u00e9tablissements de sant\u00e9 pour concevoir et d\u00e9ployer efficacement des solutions de connectivit\u00e9 cellulaire s\u00e9curis\u00e9es.<\/p>\r\n                <\/div>\r\n                <div class=\"col-sm-4 text-md-right align-self-center\">\r\n                                            <a href=\"\/fr\/contact-us\/\" class=\"button-2\">\r\n                            Contact                        <\/a>\r\n                                    <\/div>\r\n            <\/div>\r\n        <\/div>\r\n        \t\t\t\t<\/div>\n\t\t\t\t<\/div>\n\t\t\t\t<\/div>\n\t\t<div class=\"elementor-element elementor-element-89758a7 e-con-full e-flex e-con e-child\" data-id=\"89758a7\" data-element_type=\"container\" data-e-type=\"container\" data-settings=\"{&quot;jet_parallax_layout_list&quot;:[]}\">\n\t\t\t\t<div class=\"elementor-element elementor-element-51a2917 elementor-widget elementor-widget-codexunictheme-services-details\" data-id=\"51a2917\" data-element_type=\"widget\" data-e-type=\"widget\" data-widget_type=\"codexunictheme-services-details.default\">\n\t\t\t\t<div class=\"elementor-widget-container\">\n\t\t\t\t\t\r\n        <div class=\"services-details-list\">\r\n            <h3>Industries<\/h3>\r\n            <ul>\r\n                                    <li class=\"yes\"><a href=\"\/fr\/solutions\/healthcare-connectivity\/\">Milieu de la sant\u00e9<\/a><\/li>\r\n                                    <li class=\"no\"><a href=\"\/fr\/solutions\/parking-ev-stations-elevators\/\">Stationnement, bornes, ascenseurs<\/a><\/li>\r\n                                    <li class=\"no\"><a href=\"\/fr\/solutions\/wireless-coverage-for-manufacturing-and-warehouse-buildings\/\">Manufacturier<\/a><\/li>\r\n                                    <li class=\"no\"><a href=\"\/fr\/solutions\/connectivity-for-data-center-datacenter\/\">Centres de donn\u00e9es<\/a><\/li>\r\n                                    <li class=\"no\"><a href=\"\/fr\/solutions\/reliable-cellular-coverage-and-communication-in-emergency-measures\/\">Mesures d'urgence<\/a><\/li>\r\n                                    <li class=\"no\"><a href=\"\/fr\/solutions\/lte-5g-in-building-wireless-solutions-office-buildings\/\">\u00c9difices \u00e0 bureaux<\/a><\/li>\r\n                                    <li class=\"no\"><a href=\"\/fr\/solutions\/construction-site-cellular-connection-strong-signal\/\">Construction<\/a><\/li>\r\n                                    <li class=\"no\"><a href=\"\/fr\/solutions\/smart-cities-and-municipalities-connectivity-in-real-time\/\">Villes et municipalit\u00e9s<\/a><\/li>\r\n                                    <li class=\"no\"><a href=\"\/fr\/solutions\/maritime-connectivity-lte-5g-solutions-for-the-maritime-industry\/\">Maritime<\/a><\/li>\r\n                                    <li class=\"no\"><a href=\"\/fr\/solutions\/remote-and-rural-site-wireless-connectivity\/\">R\u00e9gion \u00e9loign\u00e9e<\/a><\/li>\r\n                            <\/ul>\r\n        <\/div>\r\n        \r\n        \t\t\t\t<\/div>\n\t\t\t\t<\/div>\n\t\t\t\t<div class=\"elementor-element elementor-element-6c32e53 elementor-widget elementor-widget-codexunictheme-services-contact-banner\" data-id=\"6c32e53\" data-element_type=\"widget\" data-e-type=\"widget\" data-widget_type=\"codexunictheme-services-contact-banner.default\">\n\t\t\t\t<div class=\"elementor-widget-container\">\n\t\t\t\t\t\r\n        <div class=\"services-details-ct-banner\" style=\"background-image: url('http:\/\/vegawave.ca\/wp-content\/uploads\/2025\/08\/Service_Details_Call_Us_Certified_Technician.jpg');\">\r\n            <div>\r\n                <div class=\"icon\">\r\n                    <i class=\"fa-light fa-phone\"><\/i>\r\n                <\/div>\r\n                <h3>Discutons, contactez-nous!<\/h3>\r\n                <h5>844 360-9119<\/h5>\r\n            <\/div>\r\n            \r\n        <\/div>\r\n        \r\n        \t\t\t\t<\/div>\n\t\t\t\t<\/div>\n\t\t\t\t<\/div>\n\t\t\t\t\t<\/div>\n\t\t\t\t<\/div>\n\t\t\t\t<\/div>","protected":false},"excerpt":{"rendered":"<p>Healthcare Connectivity Home Industries and Recent Projects Healthcare Wireless Connectivity Cellular coverage solutions for hospitals, clinics, seniors&#8217; homes or other establishments. Custom-built integrated wireless solutions for healthcare. Hospitals and healthcare facilities need fully integrated systems with reliable cellular coverage to improve patient care, increase staff productivity, and optimize operational efficiency. With decades of experience working [&hellip;]<\/p>","protected":false},"author":1,"featured_media":0,"parent":148,"menu_order":0,"comment_status":"closed","ping_status":"closed","template":"elementor_header_footer","meta":{"_monsterinsights_skip_tracking":false,"_monsterinsights_sitenote_active":false,"_monsterinsights_sitenote_note":"","_monsterinsights_sitenote_category":0,"_uf_show_specific_survey":0,"_uf_disable_surveys":false,"footnotes":""},"class_list":["post-1842","page","type-page","status-publish","hentry"],"aioseo_notices":[],"jetpack_sharing_enabled":true,"_links":{"self":[{"href":"https:\/\/vegawave.ca\/fr\/wp-json\/wp\/v2\/pages\/1842","targetHints":{"allow":["GET"]}}],"collection":[{"href":"https:\/\/vegawave.ca\/fr\/wp-json\/wp\/v2\/pages"}],"about":[{"href":"https:\/\/vegawave.ca\/fr\/wp-json\/wp\/v2\/types\/page"}],"author":[{"embeddable":true,"href":"https:\/\/vegawave.ca\/fr\/wp-json\/wp\/v2\/users\/1"}],"replies":[{"embeddable":true,"href":"https:\/\/vegawave.ca\/fr\/wp-json\/wp\/v2\/comments?post=1842"}],"version-history":[{"count":34,"href":"https:\/\/vegawave.ca\/fr\/wp-json\/wp\/v2\/pages\/1842\/revisions"}],"predecessor-version":[{"id":2695,"href":"https:\/\/vegawave.ca\/fr\/wp-json\/wp\/v2\/pages\/1842\/revisions\/2695"}],"up":[{"embeddable":true,"href":"https:\/\/vegawave.ca\/fr\/wp-json\/wp\/v2\/pages\/148"}],"wp:attachment":[{"href":"https:\/\/vegawave.ca\/fr\/wp-json\/wp\/v2\/media?parent=1842"}],"curies":[{"name":"wp","href":"https:\/\/api.w.org\/{rel}","templated":true}]}}