{"id":130,"date":"2024-12-27T11:06:48","date_gmt":"2024-12-27T05:06:48","guid":{"rendered":"https:\/\/preetheme.com\/wp-demo\/constructera\/?page_id=35"},"modified":"2025-08-28T18:12:16","modified_gmt":"2025-08-28T18:12:16","slug":"privacy-policy","status":"publish","type":"page","link":"https:\/\/vegawave.ca\/fr\/privacy-policy\/","title":{"rendered":"Protection de votre vie priv\u00e9e"},"content":{"rendered":"<div data-elementor-type=\"wp-page\" data-elementor-id=\"130\" class=\"elementor elementor-130\">\n\t\t\t\t<div class=\"elementor-element elementor-element-e823a64 e-con-full e-flex e-con e-parent\" data-id=\"e823a64\" data-element_type=\"container\" data-e-type=\"container\" data-settings=\"{&quot;jet_parallax_layout_list&quot;:[]}\">\n\t\t\t\t<div class=\"elementor-element elementor-element-19063ea elementor-widget elementor-widget-codexunictheme-breadcrumb\" data-id=\"19063ea\" data-element_type=\"widget\" data-e-type=\"widget\" data-widget_type=\"codexunictheme-breadcrumb.default\">\n\t\t\t\t<div class=\"elementor-widget-container\">\n\t\t\t\t\t        \r\n        <section class=\"breadcrumb-section text-center pt-200 pb-140\" style=\"background-image: url('http:\/\/vegawave.ca\/wp-content\/uploads\/2025\/08\/1920px-x-avec-trame-bleu-plus-fonce.jpg');\">\r\n            <div class=\"container\">\r\n                <div class=\"row\">\r\n                    <div class=\"col-lg-12\">\r\n                        <div class=\"content\">\r\n                            <h2>Protection de votre vie priv\u00e9e<\/h2>\r\n                            <ul>\r\n                                <li><a href=\"https:\/\/vegawave.ca\/fr\/\">Acceuil<\/a><\/li>\r\n                                <li>Protection de votre vie priv\u00e9e<\/li>\r\n                            <\/ul>\r\n                        <\/div>\r\n                    <\/div>\r\n                <\/div>\r\n            <\/div>\r\n        <\/section>\r\n        \r\n        \t\t\t\t<\/div>\n\t\t\t\t<\/div>\n\t\t\t\t<\/div>\n\t\t<div class=\"elementor-element elementor-element-6f8e505 e-flex e-con-boxed e-con e-parent\" data-id=\"6f8e505\" data-element_type=\"container\" data-e-type=\"container\" data-settings=\"{&quot;jet_parallax_layout_list&quot;:[]}\">\n\t\t\t\t\t<div class=\"e-con-inner\">\n\t\t\t\t<div class=\"elementor-element elementor-element-25244a4 elementor-widget elementor-widget-codexunictheme-common-content\" data-id=\"25244a4\" data-element_type=\"widget\" data-e-type=\"widget\" data-widget_type=\"codexunictheme-common-content.default\">\n\t\t\t\t<div class=\"elementor-widget-container\">\n\t\t\t\t\t\r\n        <div class=\"common-content-section\">\r\n                            <h2>Votre vie priv\u00e9e est importante pour nous<\/h2>\r\n                        <p>La derni\u00e8re mise \u00e0 jour de la pr\u00e9sente politique date du 1er ao\u00fbt 2025.<\/p><p>La protection de votre vie priv\u00e9e nous tient \u00e0 c\u0153ur. La pr\u00e9sente politique de protection des renseignements personnels s\u2019applique aux clients et aux utilisateurs autoris\u00e9s des produits et des services de VEGA et de ses filiales, une Marque de Commerce de VEGA  (collectivement, \u00ab VEGA \u00bb ou \u00ab nous \u00bb).<\/p><p>Nous comprenons vos pr\u00e9occupations au sujet de la protection de vos renseignements personnels et voulons \u00eatre transparents dans nos politiques et nos proc\u00e9dures en mati\u00e8re de collecte, d\u2019utilisation, de divulgation et de protection de ces renseignements, dans notre mani\u00e8re d\u2019obtenir votre consentement \u00e9clair\u00e9, dans l\u2019acc\u00e8s qui vous est donn\u00e9 \u00e0 vos renseignements personnels et quant \u00e0 la personne \u00e0 laquelle vous pouvez adresser vos questions ou pr\u00e9occupations au sujet de la protection de vos renseignements personnels. Veuillez prendre le temps de lire ce qui suit.<\/p><h6>\u00a0<\/h6><h6>Protection de votre vie priv\u00e9e et de vos renseignements personnels<\/h6><p>Les \u00ab renseignements personnels \u00bb sont des renseignements au sujet d\u2019une personne identifiable ou des renseignements permettant d\u2019identifier une personne en particulier. Ils peuvent inclure votre nom, votre adresse postale, votre adresse \u00e9lectronique, votre num\u00e9ro de t\u00e9l\u00e9phone, des renseignements sur votre solvabilit\u00e9, les dossiers de facturation ou des renseignements sur le service. En r\u00e8gle g\u00e9n\u00e9rale, les renseignements personnels ne comprennent pas les coordonn\u00e9es professionnelles ou d\u2019autres exceptions cr\u00e9\u00e9es par la loi.<\/p><p>Chez VEGA , nous savons que nos clients comptent sur nous pour pr\u00e9server la confidentialit\u00e9 et l\u2019exactitude et la s\u00e9curit\u00e9 de leurs renseignements personnels. Nous prenons cette responsabilit\u00e9 au s\u00e9rieux.<\/p><p>Pour prot\u00e9ger la confidentialit\u00e9 de vos renseignements personnels, VEGA int\u00e8gre \u00e0 son r\u00e9seau et \u00e0 ses syst\u00e8mes des mesures de protection techniques, op\u00e9rationnelles et administratives proportionn\u00e9es \u00e0 la nature d\u00e9licate de ces renseignements. Nous rappelons r\u00e9guli\u00e8rement aux employ\u00e9s qu\u2019ils ont l\u2019obligation de prot\u00e9ger votre vie priv\u00e9e et vos renseignements personnels et leur donnons une formation en ce sens. En outre, lorsque nous divulguons des renseignements personnels \u00e0 des tiers, nous nous assurons par contrat que ceux-ci aient en place des niveaux et des mesures de protection comparables aux n\u00f4tres.<\/p><p>Afin de vous offrir un niveau de s\u00e9curit\u00e9 sup\u00e9rieur, l\u2019acc\u00e8s en ligne \u00e0 certains renseignements personnels peut \u00eatre prot\u00e9g\u00e9 par un mot de passe que vous choisissez vous-m\u00eame. Nous vous recommandons fortement de ne pas divulguer votre mot de passe \u00e0 qui que ce soit. VEGA ne vous demandera votre mot de passe dans aucune communication non sollicit\u00e9e.<\/p><h6>\u00a0<\/h6><h6>Consentement<\/h6><p>Tout part de votre consentement.<\/p><p>EN COMMUNIQUANT DES RENSEIGNEMENTS PERSONNELS \u00c0 VEGA OU \u00c0 SES REPR\u00c9SENTANTS OU EN DONNANT PAR AILLEURS VOTRE CONSENTEMENT \u00c0 LA PR\u00c9SENTE POLITIQUE DE PROTECTION DES RENSEIGNEMENTS PERSONNELS, VOUS NOUS AUTORISEZ \u00c0 RECUEILLIR, \u00c0 UTILISER ET \u00c0 DIVULGUER CES RENSEIGNEMENTS CONFORM\u00c9MENT \u00c0 LA PR\u00c9SENTE POLITIQUE ET AUX FINS PERMISES OU REQUISES PAR LA LOI.<\/p><p>De plus, votre consentement \u00e0 la collecte, \u00e0 l\u2019utilisation ou \u00e0 la divulgation de vos renseignements personnels peut \u00eatre implicite ou explicite, verbal ou \u00e9crit, ou \u00eatre communiqu\u00e9 par voie \u00e9lectronique (en cochant une case ou en cliquant sur un bouton) ou autrement. Nous pourrions consid\u00e9rer que votre consentement est implicite si c\u2019est raisonnable dans les circonstances. Par exemple, si vous donnez votre adresse, nous pourrions l\u2019utiliser pour vous envoyer vos factures ou des avis importants concernant nos produits ou services. Dans d\u2019autres circonstances, par exemple, avant d\u2019effectuer une v\u00e9rification de solvabilit\u00e9, nous demanderons votre consentement explicite.<\/p><p>Il arrive parfois que les lois sur la protection de la vie priv\u00e9e nous permettent de recueillir, d\u2019utiliser ou de divulguer vos renseignements personnels sans votre consentement si l\u2019obtention d\u2019un tel consentement est impossible ou inappropri\u00e9e. Par exemple :<\/p><ul><li>si c\u2019est clairement dans votre int\u00e9r\u00eat (par exemple, en cas d\u2019urgence m\u00e9dicale ou de menace pour votre s\u00e9curit\u00e9),<\/li><li>pour r\u00e9pondre \u00e0 un mandat ou \u00e0 une ordonnance d\u2019un tribunal ou d\u2019une autorit\u00e9 de r\u00e9glementation,<\/li><li>pour recouvrer une dette ou r\u00e9cup\u00e9rer du mat\u00e9riel appartenant \u00e0 VEGA ,<\/li><li>pour enqu\u00eater sur une violation d\u2019une convention ou d\u2019une loi applicable,<\/li><li>\u00e0 toute autre fin exig\u00e9e ou autoris\u00e9e par la loi et \u00e0 toute autre fin exig\u00e9e ou autoris\u00e9e par la loi.<\/li><\/ul><p>Le consentement n\u2019est pas permanent. Vous pouvez le retirer ou choisir de refuser la collecte, l\u2019utilisation ou la divulgation de vos renseignements personnels, sous r\u00e9serve des exigences juridiques et contractuelles, en communiquant avec le responsable de la protection des renseignements personnels de VEGA . Nous respectons votre choix, mais si vous ne donnez pas votre consentement ou si vous le retirez, il est possible que nous ne puissions pas vous offrir tous les produits, les services ou les renseignements qui pourraient vous \u00eatre utiles.<\/p><p>Nous vous demandons de pr\u00e9server la confidentialit\u00e9 des renseignements personnels sur une autre personne (par exemple, un utilisateur autoris\u00e9 qui agit pour votre compte) que vous communiquez \u00e0 VEGA ou \u00e0 ses repr\u00e9sentants et d\u2019obtenir de cette personne tous les consentements n\u00e9cessaires pour nous permettre de recueillir, d\u2019utiliser et de divulguer ces renseignements aux fins indiqu\u00e9es dans la pr\u00e9sente politique de protection des renseignements personnels.<\/p><h6>\u00a0<\/h6><h6>Collecte de renseignements personnels<\/h6><p>L\u2019objectif de VEGA est de vous connecter sur l\u2019essentiel. Chaque connexion est personnelle et implique que nous devons conna\u00eetre certains renseignements personnels \u00e0 votre sujet, y compris savoir qui vous \u00eates (pour vous identifier), o\u00f9 vous \u00eates, comment nous pouvons vous joindre, quel mode de paiement vous utilisez pour nos produits et services et comment nous pouvons am\u00e9liorer les services ou les produits que nous vous offrons.<\/p><p>Nous pouvons recueillir des renseignements personnels \u00e0 divers moments pendant votre relation avec VEGA , notamment :<\/p><p>lorsque vous communiquez vos renseignements personnels pendant le processus de demande de renseignements, d\u2019activation ou d\u2019achat d\u2019un produit ou d\u2019un service,<\/p><p>lorsque nous vous fournissons un service, par exemple, du soutien technique ou une demande d\u2019assistance,\u00a0<\/p><p>lorsque vous utilisez nos produits ou nos services, que vous visitez nos sites Web (l\u2019information \u00e9tant alors recueillie au moyen de t\u00e9moins ou de technologies similaires), que vous utilisez l\u2019une de nos applications, que vous t\u00e9l\u00e9phonez \u00e0 un centre d\u2019appels et lorsque nous communiquons avec des tiers, tels que des agences de revenue, ou d\u2019\u00e9valuation de cr\u00e9dit ou d\u2019autres tiers avec qui vous avez eu une relation.<\/p><h6>\u00a0<\/h6><h6>Utilisation des renseignements personnels<\/h6><p>C\u2019est simple : nous utilisons vos renseignements personnels pour vous fournir nos produits et nos services.<\/p><p>Nous pourrions \u00e9galement utiliser vos renseignements personnels aux fins suivantes :<\/p><p>\u00e9tablir et maintenir notre relation commerciale avec vous, fournir en continu des services et fournir des renseignements concernant le(s) service(s) que vous recevez de nous<\/p><p>comprendre vos besoins et vos pr\u00e9f\u00e9rences en tant que client, recommander des produits et des services r\u00e9pondant \u00e0 vos besoins et d\u00e9terminer votre emplacement et votre admissibilit\u00e9 aux produits et aux services,<\/p><p>mettre au point, commercialiser ou offrir de nouveaux produits et services ou am\u00e9liorer les produits et services existants,<\/p><p>g\u00e9rer et d\u00e9velopper nos op\u00e9rations commerciales, garantir le fonctionnement de nos r\u00e9seaux, prot\u00e9ger l'int\u00e9grit\u00e9 de nos r\u00e9seaux, ou<\/p><p>respecter nos obligations juridiques et les exigences r\u00e9glementaires.<\/p><p>Nous demanderons votre consentement, au besoin, avant d\u2019utiliser vos renseignements personnels \u00e0 d\u2019autres fins que celles qui sont pr\u00e9vues dans la pr\u00e9sente politique.<\/p><h6>\u00a0<\/h6><h6>Divulgation de renseignements personnels<\/h6><p>Nous pourrions divulguer vos renseignements personnels dans les circonstances o\u00f9 nous avons votre consentement explicite ou implicite, ou encore, aux personnes suivantes :<\/p><p>une personne qui agit \u00e0 titre de mandataire (par exemple un utilisateur autoris\u00e9 qui agit pour votre compte ou un repr\u00e9sentant successoral) et qui, \u00e0 notre appr\u00e9ciation raisonnable, est autoris\u00e9e \u00e0 recevoir vos renseignements personnels,<\/p><p>nos fournisseurs, nos fournisseurs de services et agents autoris\u00e9s qui nous assistent dans la prestation des services,<\/p><p>des agences de recouvrement ind\u00e9pendantes et des tiers, tels que des agences d\u2019\u00e9valuation du cr\u00e9dit ou toute personne avec qui vous avez eu une relation de paiement, afin d\u2019\u00e9valuer votre solvabilit\u00e9 ou d\u2019obtenir de l\u2019aide pour le recouvrement de sommes n\u2019ayant pas \u00e9t\u00e9 pay\u00e9es \u00e0 VEGA \u00e0 la date pr\u00e9vue,<\/p><p>un organisme, notamment gouvernemental, \u00e0 qui il est raisonnablement n\u00e9cessaire de communiquer ces renseignements pour vous identifier, pour enqu\u00eater sur une violation d\u2019une loi ou d\u2019une convention, pour pr\u00e9venir les fraudes, pour respecter les obligations d\u2019information r\u00e9glementaires et pour r\u00e9pondre \u00e0 une question que vous avez soulev\u00e9e,<\/p><p>une autorit\u00e9 publique comp\u00e9tente dans une situation d\u2019urgence, par exemple s\u2019il existe un danger imminent pour la vie ou pour les biens,<\/p><p>un tiers (par exemple, une institution financi\u00e8re ou un organisme gouvernemental) que vous avez autoris\u00e9 \u00e0 recevoir vos renseignements personnels,<\/p><p>toute autre personne que la loi autorise ou oblige \u00e0 recueillir ces renseignements.<\/p><p>Nous demanderons votre consentement de nouveau, au besoin, avant de divulguer vos renseignements personnels \u00e0 d\u2019autres fins que celles qui sont pr\u00e9vues dans la pr\u00e9sente politique.<\/p><p>Par ailleurs, nous pourrions d\u00e9personnaliser, regrouper ou anonymiser les renseignements personnels que nous avons au sujet de nos clients afin qu\u2019ils ne permettent plus d\u2019identifier une personne en particulier et utiliser ces renseignements pour \u00e9valuer la performance de nos syst\u00e8mes, g\u00e9rer notre entreprise, reconna\u00eetre les tendances, \u00e9tablir des statistiques, comprendre notre fonctionnement ou mettre au point de nouveaux produits ou services. Nous pourrions \u00e9galement communiquer ces renseignements \u00e0 des tiers \u00e0 d\u2019autres fins d\u2019analyse et, comme ils seraient d\u00e9personnalis\u00e9s, ils ne seraient plus soumis \u00e0 la pr\u00e9sente politique de protection des renseignements personnels ou limit\u00e9s par celle-ci.<\/p><h6>\u00a0<\/h6><h6>Notre site Web<\/h6><p>Lorsque vous visitez notre site Web ou cliquez sur des liens fournis dans ceux-ci, que vous recevez des communications de notre part ou que vous visitez nos sites web, il se peut que vous rencontriez les fonctions suivantes, qui ont pour but de personnaliser et d\u2019am\u00e9liorer votre exp\u00e9rience :<\/p><p>Un t\u00e9moin est un petit fichier texte contenant un num\u00e9ro d\u2019identification unique qui signale votre navigateur, non pas forc\u00e9ment vous personnellement, \u00e0 nos ordinateurs toutes les fois que vous visitez notre site Web.<\/p><p>\u00c0 moins que vous ne fournissiez des renseignements personnels (comme en remplissant une demande pour que quelqu\u2019un communique avec vous), nous ne saurons pas qui vous \u00eates. Vous pouvez configurer votre navigateur pour accepter ou refuser les t\u00e9moins. Cependant, si vous les refusez, vous pourriez ne pas pouvoir utiliser certaines des fonctionnalit\u00e9s offertes sur notre site Web qui permettent de personnaliser votre exp\u00e9rience.<\/p><p>Pixels invisibles \u2013 Notre site Web peuvent \u00e9galement avoir recours \u00e0 la technologie des \u00ab pixels invisibles \u00bb, qui nous permet de savoir quelles pages vous visitez sur nos sites Web. Les pixels invisibles nous aident \u00e0 optimiser et \u00e0 personnaliser votre propre exp\u00e9rience de navigation ainsi que celle des futurs visiteurs de notre site Web.<\/p><p>Communications par courrier \u00e9lectronique \u2013 Nous pouvons vous envoyer par courrier \u00e9lectronique des communications contenant notamment votre facture mensuelle pour services rendus ou, si vous y avez consenti, de l\u2019information promotionnelle susceptible de vous int\u00e9resser. Ce faisant, nous pouvons recueillir certains renseignements comme la date et l\u2019heure auxquelles vous avez ouvert pour la premi\u00e8re fois les communications que nous vous avons envoy\u00e9es par courrier \u00e9lectronique, le nombre de fois que vous les avez ouvertes, le nombre de clics et la fr\u00e9quence totale de clics sur le contenu de ces communications, et nous pouvons faire une compilation g\u00e9n\u00e9rale de statistiques connexes. Nous combinons les renseignements de ce type concernant tous nos clients afin de g\u00e9rer et d\u2019am\u00e9liorer les communications que nous vous envoyons.<\/p><p>Liens \u2013 Notre site Web peuvent contenir des liens vers d\u2019autres sites Web qui ne sont fournis qu\u2019\u00e0 titre informatif. Les sites Web de tiers peuvent \u00eatre r\u00e9gis par des politiques de protection des renseignements personnels diff\u00e9rentes de celle de VEGA, et nous n\u2019assumons aucune responsabilit\u00e9 \u00e0 l\u2019\u00e9gard de ces sites Web de tiers.<\/p><h6>\u00a0<\/h6><h6>Stockage des renseignements personnels<\/h6><p>VEGA est une entreprise canadienne et fi\u00e8re de l\u2019\u00eatre, mais l\u2019Internet et les communications sont de port\u00e9e mondiale. Nous pouvons transf\u00e9rer, stocker ou traiter vos renseignements personnels sur des serveurs se trouvant au Canada ou \u00e0 l\u2019\u00e9tranger, y compris aux \u00c9tats-Unis. Bien que vos renseignements personnels soient prot\u00e9g\u00e9s par des mesures appropri\u00e9es, ils pourraient \u00eatre soumis aux lois des territoires dans lesquels ils sont d\u00e9tenus.<\/p><h6>Dur\u00e9e de la conservation des renseignements personnels<\/h6><p>Nous ne conservons vos renseignements personnels que pendant la p\u00e9riode raisonnablement n\u00e9cessaire ou utile aux fins pr\u00e9vues dans la pr\u00e9sente politique ou pendant la p\u00e9riode exig\u00e9e par la loi. Les renseignements personnels qui ne sont plus n\u00e9cessaires ou utiles aux fins pr\u00e9vues ou dont la conservation n\u2019est plus exig\u00e9e par la loi sont d\u00e9truits, effac\u00e9s ou d\u00e9personnalis\u00e9s.<\/p><h6>\u00a0<\/h6><h6>Consultation et v\u00e9rification de l\u2019exactitude de vos renseignements personnels<\/h6><p>Pour pouvoir vous faire vivre une exp\u00e9rience de service satisfaisante, nous avons besoin que vos renseignements personnels soient exacts, complets et \u00e0 jour. Vous pouvez demander \u00e0 examiner vos renseignements personnels \u00e0 tout moment et donner l\u2019instruction au responsable de la protection des renseignements personnels de VEGA (voir les coordonn\u00e9es ci-apr\u00e8s) de les corriger ou de les mettre \u00e0 jour. Il est possible que nous vous demandions de pr\u00e9senter votre demande par \u00e9crit.<\/p><p>Il peut arriver que nous ne soyons pas en mesure de vous donner acc\u00e8s \u00e0 vos renseignements personnels (comme dans le cas o\u00f9 cela impliquerait la divulgation des renseignements personnels d\u2019un tiers ou d\u2019autres renseignements confidentiels), mais si cela se produit, nous vous en donnerons la raison.<\/p><h6>\u00a0<\/h6><h6>Modification de notre politique de protection des renseignements personnels<\/h6><p>La technologie et notre monde continuent de changer et d\u2019\u00e9voluer. La pr\u00e9sente politique de protection des renseignements personnels devra in\u00e9vitablement embo\u00eeter le pas et \u00eatre mise \u00e0 jour pour tenir compte de l\u2019\u00e9volution de nos pratiques en mati\u00e8re de renseignements personnels. Nous pouvons la modifier \u00e0 tout moment; le cas \u00e9ch\u00e9ant, nous afficherons la modification sur notre site Web et mettrons \u00e0 votre disposition la politique r\u00e9vis\u00e9e si vous en faites la demande au responsable de la protection des renseignements personnels de VEGA (voir les coordonn\u00e9es ci-apr\u00e8s). Nous vous invitons \u00e0 consulter p\u00e9riodiquement la pr\u00e9sente politique pour vous tenir au fait de nos pratiques en mati\u00e8re de protection des renseignements personnels.<\/p><h6>\u00a0<\/h6><h6>Nous sommes d\u00e9termin\u00e9s \u00e0 faire respecter la pr\u00e9sente politique de protection des renseignements personnels<\/h6><p>Si vous avez des questions au sujet de la confidentialit\u00e9 ou de vos renseignements personnels, ou si vous souhaitez avoir acc\u00e8s \u00e0 vos renseignements personnels, vous pouvez communiquer avec le responsable de la protection des renseignements personnels de VEGA par courriel \u00e0 vieprivee@vegawave.ca ou par la poste a VEGA , 14290 boul. du Cur\u00e9-Labelle Mirabel (Qu\u00e9bec) J7J1B1 Canada \u00a0<a href=\"mailto:privacy@vegawave.ca%20%20\">privacy@vegawave.ca\u00a0 <\/a>or by mail at VEGA , 14290 boul. du Cur\u00e9-Labelle Mirabel (Qu\u00e9bec) J7J1B1 Canada<\/p><h6>\u00a0<\/h6><h6>Renseignements suppl\u00e9mentaires au sujet des lois canadiennes en mati\u00e8re de protection des renseignements personnels<\/h6><p>Si vous souhaitez obtenir plus d\u2019information au sujet des lois canadiennes en mati\u00e8re de protection des renseignements personnels ou si nous n\u2019avons pas pu r\u00e9pondre \u00e0 votre satisfaction \u00e0 vos pr\u00e9occupations concernant la mani\u00e8re dont VEGA traite vos renseignements personnels, vous pouvez communiquer avec le Commissariat \u00e0 la protection de la vie priv\u00e9e du Canada par la poste au 30, rue Victoria, Gatineau (Qu\u00e9bec) K1A 1H3, ou par t\u00e9l\u00e9phone au num\u00e9ro sans frais 1 800 282 1376.<\/p>        <\/div>\r\n        \r\n        \t\t\t\t<\/div>\n\t\t\t\t<\/div>\n\t\t\t\t\t<\/div>\n\t\t\t\t<\/div>\n\t\t\t\t<\/div>","protected":false},"excerpt":{"rendered":"<p>Privacy Policy Home Privacy Policy Your privacy matters for us This Privacy Policy was last updated on August 1, 2025. We at VEGA care about your privacy. This Privacy Policy applies to personal information about customers and authorized users (\u201cyou\u201d) of the products and services of VEGA \u2122, a business unit and trademark of VEGA [&hellip;]<\/p>","protected":false},"author":1,"featured_media":0,"parent":0,"menu_order":0,"comment_status":"closed","ping_status":"closed","template":"elementor_header_footer","meta":{"_monsterinsights_skip_tracking":false,"_monsterinsights_sitenote_active":false,"_monsterinsights_sitenote_note":"","_monsterinsights_sitenote_category":0,"_uf_show_specific_survey":0,"_uf_disable_surveys":false,"footnotes":""},"class_list":["post-130","page","type-page","status-publish","hentry"],"aioseo_notices":[],"jetpack_sharing_enabled":true,"_links":{"self":[{"href":"https:\/\/vegawave.ca\/fr\/wp-json\/wp\/v2\/pages\/130","targetHints":{"allow":["GET"]}}],"collection":[{"href":"https:\/\/vegawave.ca\/fr\/wp-json\/wp\/v2\/pages"}],"about":[{"href":"https:\/\/vegawave.ca\/fr\/wp-json\/wp\/v2\/types\/page"}],"author":[{"embeddable":true,"href":"https:\/\/vegawave.ca\/fr\/wp-json\/wp\/v2\/users\/1"}],"replies":[{"embeddable":true,"href":"https:\/\/vegawave.ca\/fr\/wp-json\/wp\/v2\/comments?post=130"}],"version-history":[{"count":13,"href":"https:\/\/vegawave.ca\/fr\/wp-json\/wp\/v2\/pages\/130\/revisions"}],"predecessor-version":[{"id":2212,"href":"https:\/\/vegawave.ca\/fr\/wp-json\/wp\/v2\/pages\/130\/revisions\/2212"}],"wp:attachment":[{"href":"https:\/\/vegawave.ca\/fr\/wp-json\/wp\/v2\/media?parent=130"}],"curies":[{"name":"wp","href":"https:\/\/api.w.org\/{rel}","templated":true}]}}