{"id":120,"date":"2024-12-27T11:07:46","date_gmt":"2024-12-27T05:07:46","guid":{"rendered":"https:\/\/preetheme.com\/wp-demo\/constructera\/?page_id=45"},"modified":"2025-11-17T21:33:03","modified_gmt":"2025-11-17T21:33:03","slug":"contact-us","status":"publish","type":"page","link":"https:\/\/vegawave.ca\/fr\/contact-us\/","title":{"rendered":"Estimation des co\u00fbts"},"content":{"rendered":"<div data-elementor-type=\"wp-page\" data-elementor-id=\"120\" class=\"elementor elementor-120\">\n\t\t\t\t<div class=\"elementor-element elementor-element-8cd74be e-con-full e-flex e-con e-parent\" data-id=\"8cd74be\" data-element_type=\"container\" data-e-type=\"container\" data-settings=\"{&quot;background_background&quot;:&quot;classic&quot;,&quot;jet_parallax_layout_list&quot;:[]}\">\n\t\t\t\t<div class=\"elementor-element elementor-element-42e60d1 elementor-widget elementor-widget-codexunictheme-breadcrumb\" data-id=\"42e60d1\" data-element_type=\"widget\" data-e-type=\"widget\" data-widget_type=\"codexunictheme-breadcrumb.default\">\n\t\t\t\t<div class=\"elementor-widget-container\">\n\t\t\t\t\t        \r\n        <section class=\"breadcrumb-section text-center pt-200 pb-140\" style=\"background-image: url('http:\/\/vegawave.ca\/wp-content\/uploads\/2025\/07\/about-us-VEGA-In-Building-Cellular-Installations-Solutions-2.jpg');\">\r\n            <div class=\"container\">\r\n                <div class=\"row\">\r\n                    <div class=\"col-lg-12\">\r\n                        <div class=\"content\">\r\n                            <h2>Estimation des co\u00fbts<\/h2>\r\n                            <ul>\r\n                                <li><a href=\"https:\/\/vegawave.ca\/fr\/\">Acceuil<\/a><\/li>\r\n                                <li>Estimation des co\u00fbts<\/li>\r\n                            <\/ul>\r\n                        <\/div>\r\n                    <\/div>\r\n                <\/div>\r\n            <\/div>\r\n        <\/section>\r\n        \r\n        \t\t\t\t<\/div>\n\t\t\t\t<\/div>\n\t\t\t\t<\/div>\n\t\t<div class=\"elementor-element elementor-element-c7bc935 e-con-full e-flex e-con e-parent\" data-id=\"c7bc935\" data-element_type=\"container\" data-e-type=\"container\" data-settings=\"{&quot;jet_parallax_layout_list&quot;:[]}\">\n\t\t\t\t<div class=\"elementor-element elementor-element-6910f21 section-padding elementor-widget elementor-widget-codexunictheme-contact-us\" data-id=\"6910f21\" data-element_type=\"widget\" data-e-type=\"widget\" data-widget_type=\"codexunictheme-contact-us.default\">\n\t\t\t\t<div class=\"elementor-widget-container\">\n\t\t\t\t\t        <div class=\"ct-contact-us-sec\">\r\n            <div class=\"container\">\r\n                <div class=\"row\">\r\n                    <div class=\"col-lg-4 col-md-5\"  data-cues=\"slideInUp\" >\r\n                        \r\n                        <div class=\"ct-contact-list\">\r\n                                                            <div class=\"item-cf\">\r\n                                    <div>\r\n                                        <div class=\"icon\">\r\n                                                                                                                                        <i class=\"fa-sharp fa-regular fa-phone-volume\"><\/i>\r\n                                                                                    <\/div>\r\n                                    <\/div>\r\n                                    <div class=\"con\">\r\n                                        <h4>T\u00e9l\u00e9phone<\/h4>\r\n                                        <p><a href=\"tel:844-360-9119;2\" style=\"color: inherit; text-decoration: none;\">+1 844-360-9119, 2<\/a><\/p>\r\n                                    <\/div>\r\n                                <\/div>\r\n                                                            <div class=\"item-cf\">\r\n                                    <div>\r\n                                        <div class=\"icon\">\r\n                                                                                            <svg aria-hidden=\"true\" class=\"e-font-icon-svg e-fas-mail-bulk\" viewbox=\"0 0 576 512\" xmlns=\"http:\/\/www.w3.org\/2000\/svg\"><path d=\"M160 448c-25.6 0-51.2-22.4-64-32-64-44.8-83.2-60.8-96-70.4V480c0 17.67 14.33 32 32 32h256c17.67 0 32-14.33 32-32V345.6c-12.8 9.6-32 25.6-96 70.4-12.8 9.6-38.4 32-64 32zm128-192H32c-17.67 0-32 14.33-32 32v16c25.6 19.2 22.4 19.2 115.2 86.4 9.6 6.4 28.8 25.6 44.8 25.6s35.2-19.2 44.8-22.4c92.8-67.2 89.6-67.2 115.2-86.4V288c0-17.67-14.33-32-32-32zm256-96H224c-17.67 0-32 14.33-32 32v32h96c33.21 0 60.59 25.42 63.71 57.82l.29-.22V416h192c17.67 0 32-14.33 32-32V192c0-17.67-14.33-32-32-32zm-32 128h-64v-64h64v64zm-352-96c0-35.29 28.71-64 64-64h224V32c0-17.67-14.33-32-32-32H96C78.33 0 64 14.33 64 32v192h96v-32z\"><\/path><\/svg>                                                                                                                                <\/div>\r\n                                    <\/div>\r\n                                    <div class=\"con\">\r\n                                        <h4>Adresse:<\/h4>\r\n                                        <p>14290 Boul. Cur\u00e9-Labelle, Mirabel (Qu\u00e9bec), J7J 1B1\n<\/p>\r\n                                    <\/div>\r\n                                <\/div>\r\n                                                    <\/div>\r\n                        \r\n                    <\/div>\r\n                    <div class=\"col-lg-8 col-md-7\">\r\n                        <div class=\"ct-contact-from ml-30-992\">\r\n                                                            <h2>Estimation des co\u00fbts<\/h2>\r\n                                                        D\u00e9crivez votre probl\u00e8me et obtenez l'aide d'un expert et une estimation des co\u00fbts.<br><br>\n\n<div class=\"wpcf7 no-js\" id=\"wpcf7-f467-o1\" lang=\"en-US\" dir=\"ltr\" data-wpcf7-id=\"467\">\n<div class=\"screen-reader-response\"><p role=\"status\" aria-live=\"polite\" aria-atomic=\"true\"><\/p> <ul><\/ul><\/div>\n<form action=\"\/fr\/wp-json\/wp\/v2\/pages\/120#wpcf7-f467-o1\" method=\"post\" class=\"wpcf7-form init\" aria-label=\"Contact form\" enctype=\"multipart\/form-data\" novalidate=\"novalidate\" data-status=\"init\" data-trp-original-action=\"\/fr\/wp-json\/wp\/v2\/pages\/120#wpcf7-f467-o1\">\n<fieldset class=\"hidden-fields-container\"><input type=\"hidden\" name=\"_wpcf7\" value=\"467\" \/><input type=\"hidden\" name=\"_wpcf7_version\" value=\"6.1.5\" \/><input type=\"hidden\" name=\"_wpcf7_locale\" value=\"en_US\" \/><input type=\"hidden\" name=\"_wpcf7_unit_tag\" value=\"wpcf7-f467-o1\" \/><input type=\"hidden\" name=\"_wpcf7_container_post\" value=\"0\" \/><input type=\"hidden\" name=\"_wpcf7_posted_data_hash\" value=\"\" \/><input type=\"hidden\" name=\"_wpcf7_recaptcha_response\" value=\"\" \/>\n<\/fieldset>\n<div class=\"row\">\n\t<div class=\"col-sm-6 mb-20\">\n\t\t<div class=\"single-input\">\n\t\t\t<p><label for=\"name\">Pr\u00e9nom<\/label><br \/>\n<span class=\"wpcf7-form-control-wrap\" data-name=\"first-name\"><input size=\"40\" maxlength=\"400\" class=\"wpcf7-form-control wpcf7-text wpcf7-validates-as-required\" id=\"name\" aria-required=\"true\" aria-invalid=\"false\" placeholder=\"Pr\u00e9nom\" value=\"\" type=\"text\" name=\"first-name\" \/><\/span>\n\t\t\t<\/p>\n\t\t<\/div>\n\t<\/div>\n\t<div class=\"col-sm-6 mb-20\">\n\t\t<div class=\"single-input\">\n\t\t\t<p><label for=\"name\">Nom de famille<\/label><br \/>\n<span class=\"wpcf7-form-control-wrap\" data-name=\"last-name\"><input size=\"40\" maxlength=\"400\" class=\"wpcf7-form-control wpcf7-text wpcf7-validates-as-required\" aria-required=\"true\" aria-invalid=\"false\" placeholder=\"Nom de famille\" value=\"\" type=\"text\" name=\"last-name\" \/><\/span>\n\t\t\t<\/p>\n\t\t<\/div>\n\t<\/div>\n\t<div class=\"col-sm-6 mb-20\">\n\t\t<div class=\"single-input\">\n\t\t\t<p><label for=\"name\">Poste<\/label><br \/>\n<span class=\"wpcf7-form-control-wrap\" data-name=\"job-title\"><input size=\"40\" maxlength=\"400\" class=\"wpcf7-form-control wpcf7-text\" aria-invalid=\"false\" placeholder=\"Poste\" value=\"\" type=\"text\" name=\"job-title\" \/><\/span>\n\t\t\t<\/p>\n\t\t<\/div>\n\t<\/div>\n\t<div class=\"col-sm-6 mb-20\">\n\t\t<div class=\"single-input\">\n\t\t\t<p><label for=\"name\">Entreprise<\/label><br \/>\n<span class=\"wpcf7-form-control-wrap\" data-name=\"organization\"><input size=\"40\" maxlength=\"400\" class=\"wpcf7-form-control wpcf7-text wpcf7-validates-as-required\" aria-required=\"true\" aria-invalid=\"false\" placeholder=\"Entreprise\" value=\"\" type=\"text\" name=\"organization\" \/><\/span>\n\t\t\t<\/p>\n\t\t<\/div>\n\t<\/div>\n\t<div class=\"col-sm-6 mb-20\">\n\t\t<div class=\"single-input\">\n\t\t\t<p><label for=\"phone\">Phone<\/label><br \/>\n<span class=\"wpcf7-form-control-wrap\" data-name=\"your-phone\"><input size=\"40\" maxlength=\"400\" class=\"wpcf7-form-control wpcf7-text\" id=\"phone\" aria-invalid=\"false\" placeholder=\"T\u00e9l\u00e9phone\" value=\"\" type=\"text\" name=\"your-phone\" \/><\/span>\n\t\t\t<\/p>\n\t\t<\/div>\n\t<\/div>\n\t<div class=\"col-sm-6 mb-20\">\n\t\t<div class=\"single-input\">\n\t\t\t<p><label for=\"email\">Courriel*<\/label><br \/>\n<span class=\"wpcf7-form-control-wrap\" data-name=\"your-email\"><input size=\"40\" maxlength=\"400\" class=\"wpcf7-form-control wpcf7-email wpcf7-validates-as-required wpcf7-text wpcf7-validates-as-email\" id=\"email\" aria-required=\"true\" aria-invalid=\"false\" placeholder=\"Courriel*\" value=\"\" type=\"email\" name=\"your-email\" \/><\/span>\n\t\t\t<\/p>\n\t\t<\/div>\n\t<\/div>\n\t<div class=\"col-sm-12 mb-20\">\n\t\t<div class=\"single-input\">\n\t\t\t<p><label for=\"subject\">Industries<\/label><br \/>\n<span class=\"wpcf7-form-control-wrap\" data-name=\"application\"><span class=\"wpcf7-form-control wpcf7-radio\"><span class=\"wpcf7-list-item first\"><label><input type=\"radio\" name=\"application\" value=\"Healthcare\" \/><span class=\"wpcf7-list-item-label\">Milieu de la sant\u00e9<\/span><\/label><\/span><span class=\"wpcf7-list-item\"><label><input type=\"radio\" name=\"application\" value=\"Parking and Walkways\" \/><span class=\"wpcf7-list-item-label\">Stationnement et all\u00e9es<\/span><\/label><\/span><span class=\"wpcf7-list-item\"><label><input type=\"radio\" name=\"application\" value=\"Manufacturing\" \/><span class=\"wpcf7-list-item-label\">Manufacturier<\/span><\/label><\/span><span class=\"wpcf7-list-item\"><label><input type=\"radio\" name=\"application\" value=\"Data Center\" \/><span class=\"wpcf7-list-item-label\">Centres de donn\u00e9es<\/span><\/label><\/span><span class=\"wpcf7-list-item\"><label><input type=\"radio\" name=\"application\" value=\"Office Buildings\" \/><span class=\"wpcf7-list-item-label\">\u00c9difices \u00e0 bureaux<\/span><\/label><\/span><span class=\"wpcf7-list-item\"><label><input type=\"radio\" name=\"application\" value=\"Maritime\" \/><span class=\"wpcf7-list-item-label\">Maritime<\/span><\/label><\/span><span class=\"wpcf7-list-item\"><label><input type=\"radio\" name=\"application\" value=\"Construction\" \/><span class=\"wpcf7-list-item-label\">Construction<\/span><\/label><\/span><span class=\"wpcf7-list-item\"><label><input type=\"radio\" name=\"application\" value=\"Smart City\" \/><span class=\"wpcf7-list-item-label\">Villes intelligentes<\/span><\/label><\/span><span class=\"wpcf7-list-item\"><label><input type=\"radio\" name=\"application\" value=\"Remote Region\" \/><span class=\"wpcf7-list-item-label\">R\u00e9gion \u00e9loign\u00e9e<\/span><\/label><\/span><span class=\"wpcf7-list-item last\"><label><input type=\"radio\" name=\"application\" value=\"Other\" \/><span class=\"wpcf7-list-item-label\">Autres<\/span><\/label><\/span><\/span><\/span>\n\t\t\t<\/p>\n\t\t<\/div>\n\t<\/div>\n\t<div class=\"col-sm-12 mb-20\">\n\t\t<div class=\"single-input\">\n\t\t\t<p><label for=\"message\">Expliquez le probl\u00e8me et son emplacement (adresse, ville).<\/label><br \/>\n<span class=\"wpcf7-form-control-wrap\" data-name=\"your-message\"><textarea cols=\"40\" rows=\"10\" maxlength=\"2000\" class=\"wpcf7-form-control wpcf7-textarea\" id=\"message\" aria-invalid=\"false\" placeholder=\"Expliquez le probl\u00e8me et son emplacement (adresse, ville).\" name=\"your-message\"><\/textarea><\/span>\n\t\t\t<\/p>\n\t\t<\/div>\n\t<\/div>\n\t<div class=\"col-sm-12 mb-20\">\n\t\t<div class=\"single-input\">\n\t\t\t<p><label for=\"message\">T\u00e9l\u00e9charger vos plans ou des dessins de construction (si possible)<\/label><br \/>\n<span class=\"wpcf7-form-control-wrap\" data-name=\"file\"><input size=\"40\" class=\"wpcf7-form-control wpcf7-file\" accept=\"audio\/*,video\/*,image\/*\" aria-invalid=\"false\" type=\"file\" name=\"file\" \/><\/span>\n\t\t\t<\/p>\n\t\t<\/div>\n\t<\/div>\n\t<div class=\"col-sm-12\">\n\t\t<div class=\"single-input\">\n\t\t\t<p><input class=\"wpcf7-form-control wpcf7-submit has-spinner\" type=\"submit\" value=\"Obtenir une estimation des co\u00fbts\" \/>\n\t\t\t<\/p>\n\t\t<\/div>\n\t<\/div>\n<\/div><div class=\"wpcf7-response-output\" aria-hidden=\"true\"><\/div>\n<input type=\"hidden\" name=\"trp-form-language\" value=\"fr\"\/><\/form>\n<\/div>\n<!-- <div class=\"row\">\r\n    <div class=\"col-sm-6\">\r\n        <div class=\"single-input\">\r\n            <label for=\"name\">Your Name<\/label>\r\n            <input type=\"text\" placeholder=\"Your Name\" name=\"\" id=\"\">\r\n        <\/div>\r\n        \r\n    <\/div>\r\n    <div class=\"col-sm-6\">\r\n        <div class=\"single-input\">\r\n            <label for=\"\">Your Email<\/label>\r\n            <select name=\"\" placeholder=\"Your Email\" id=\"\">\r\n                <option value=\"a\">Bangladesh<\/option>\r\n            <\/select>\r\n        <\/div>\r\n    <\/div>\r\n    <div class=\"col-sm-6\">\r\n        <div class=\"single-input\">\r\n            <label for=\"name\">Your Phone<\/label>\r\n            <input type=\"text\" placeholder=\"Your Name\" name=\"\" id=\"\">\r\n        <\/div>\r\n        \r\n    <\/div>\r\n    <div class=\"col-sm-6\">\r\n        <div class=\"single-input\">\r\n            <label for=\"name\">Your Subject<\/label>\r\n            <input type=\"text\" placeholder=\"Your Name\" name=\"\" id=\"\">\r\n        <\/div>\r\n        \r\n    <\/div>\r\n    <div class=\"col-sm-12\">\r\n        <div class=\"single-input\">\r\n            <label for=\"\">Your Name<\/label>\r\n            <textarea name=\"\" placeholder=\"Your Name\" id=\"\" cols=\"30\" rows=\"10\"><\/textarea>\r\n        <\/div>\r\n    <\/div>\r\n    <div class=\"col-sm-12\">\r\n        <div class=\"single-input\">\r\n            <input type=\"submit\" value=\"Send Message\">\r\n        <\/div>\r\n    <\/div>\r\n<\/div> -->\r\n                        <\/div>\r\n                    <\/div>\r\n                <\/div>\r\n            <\/div>\r\n        <\/div>\r\n        \r\n        \t\t\t\t<\/div>\n\t\t\t\t<\/div>\n\t\t\t\t<\/div>\n\t\t<div class=\"elementor-element elementor-element-d76aa76 e-flex e-con-boxed e-con e-parent\" data-id=\"d76aa76\" data-element_type=\"container\" data-e-type=\"container\" data-settings=\"{&quot;jet_parallax_layout_list&quot;:[]}\">\n\t\t\t\t\t<div class=\"e-con-inner\">\n\t\t\t\t<div class=\"elementor-element elementor-element-7302d50 elementor-widget-divider--view-line_icon elementor-view-default elementor-widget-divider--element-align-center elementor-widget elementor-widget-divider\" data-id=\"7302d50\" data-element_type=\"widget\" data-e-type=\"widget\" data-widget_type=\"divider.default\">\n\t\t\t\t<div class=\"elementor-widget-container\">\n\t\t\t\t\t\t\t<div class=\"elementor-divider\">\n\t\t\t<span class=\"elementor-divider-separator\">\n\t\t\t\t\t\t\t<div class=\"elementor-icon elementor-divider__element\">\n\t\t\t\t\t<svg aria-hidden=\"true\" class=\"e-font-icon-svg e-fas-location-arrow\" viewbox=\"0 0 512 512\" xmlns=\"http:\/\/www.w3.org\/2000\/svg\"><path d=\"M444.52 3.52L28.74 195.42c-47.97 22.39-31.98 92.75 19.19 92.75h175.91v175.91c0 51.17 70.36 67.17 92.75 19.19l191.9-415.78c15.99-38.39-25.59-79.97-63.97-63.97z\"><\/path><\/svg><\/div>\n\t\t\t\t\t\t<\/span>\n\t\t<\/div>\n\t\t\t\t\t\t<\/div>\n\t\t\t\t<\/div>\n\t\t\t\t\t<\/div>\n\t\t\t\t<\/div>\n\t\t<div class=\"elementor-element elementor-element-f7f1b68 e-flex e-con-boxed e-con e-parent\" data-id=\"f7f1b68\" data-element_type=\"container\" data-e-type=\"container\" data-settings=\"{&quot;jet_parallax_layout_list&quot;:[]}\">\n\t\t\t\t\t<div class=\"e-con-inner\">\n\t\t<div class=\"elementor-element elementor-element-21999d4 e-con-full e-flex e-con e-child\" data-id=\"21999d4\" data-element_type=\"container\" data-e-type=\"container\" data-settings=\"{&quot;jet_parallax_layout_list&quot;:[]}\">\n\t\t\t\t<div class=\"elementor-element elementor-element-3def826 elementor-widget elementor-widget-heading\" data-id=\"3def826\" data-element_type=\"widget\" data-e-type=\"widget\" data-widget_type=\"heading.default\">\n\t\t\t\t<div class=\"elementor-widget-container\">\n\t\t\t\t\t<h2 class=\"elementor-heading-title elementor-size-default\">Nous desservons le Qu\u00e9bec et l'Ontario<\/h2>\t\t\t\t<\/div>\n\t\t\t\t<\/div>\n\t\t<div class=\"elementor-element elementor-element-81be94c e-con-full e-flex e-con e-child\" data-id=\"81be94c\" data-element_type=\"container\" data-e-type=\"container\" data-settings=\"{&quot;jet_parallax_layout_list&quot;:[]}\">\n\t\t\t\t<div class=\"elementor-element elementor-element-63ff0ba elementor-widget elementor-widget-text-editor\" data-id=\"63ff0ba\" data-element_type=\"widget\" data-e-type=\"widget\" data-widget_type=\"text-editor.default\">\n\t\t\t\t<div class=\"elementor-widget-container\">\n\t\t\t\t\t\t\t\t\t<p style=\"text-align: center;\">Cette liste est exhaustive, n'h\u00e9sitez pas \u00e0 nous contacter.\u00a0<\/p>\t\t\t\t\t\t\t\t<\/div>\n\t\t\t\t<\/div>\n\t\t\t\t<\/div>\n\t\t\t\t<\/div>\n\t\t\t\t\t<\/div>\n\t\t\t\t<\/div>\n\t\t<div class=\"elementor-element elementor-element-a6534e9 e-flex e-con-boxed e-con e-parent\" data-id=\"a6534e9\" data-element_type=\"container\" data-e-type=\"container\" data-settings=\"{&quot;jet_parallax_layout_list&quot;:[]}\">\n\t\t\t\t\t<div class=\"e-con-inner\">\n\t\t<div class=\"elementor-element elementor-element-15cde17 e-con-full e-flex e-con e-child\" data-id=\"15cde17\" data-element_type=\"container\" data-e-type=\"container\" data-settings=\"{&quot;jet_parallax_layout_list&quot;:[]}\">\n\t\t\t\t<div class=\"elementor-element elementor-element-1695fd7 elementor-widget elementor-widget-heading\" data-id=\"1695fd7\" data-element_type=\"widget\" data-e-type=\"widget\" data-widget_type=\"heading.default\">\n\t\t\t\t<div class=\"elementor-widget-container\">\n\t\t\t\t\t<h4 class=\"elementor-heading-title elementor-size-default\">Grand Montr\u00e9al<\/h4>\t\t\t\t<\/div>\n\t\t\t\t<\/div>\n\t\t\t\t<div class=\"elementor-element elementor-element-6d8b679 elementor-widget elementor-widget-text-editor\" data-id=\"6d8b679\" data-element_type=\"widget\" data-e-type=\"widget\" data-widget_type=\"text-editor.default\">\n\t\t\t\t<div class=\"elementor-widget-container\">\n\t\t\t\t\t\t\t\t\t<p>Montr\u00e9al &amp; grand Montr\u00e9al, Rive-Nord, Laval, Blainville, Boisbriand, Lachute, Gatineau, Laurentides, Mont-Tremblant, Lanaudi\u00e8re, Terrebonne, Repentigny, Mont\u00e9r\u00e9gie, Rive-Sud, Longueuil, Boucherville, Brossard, St-Jean-sur-Richelieu, Varennes, Ouest de Montr\u00e9al, West Island, Vaudreuil, Dorion et plus<\/p>\t\t\t\t\t\t\t\t<\/div>\n\t\t\t\t<\/div>\n\t\t\t\t<\/div>\n\t\t<div class=\"elementor-element elementor-element-1ac11a6 e-con-full e-flex e-con e-child\" data-id=\"1ac11a6\" data-element_type=\"container\" data-e-type=\"container\" data-settings=\"{&quot;jet_parallax_layout_list&quot;:[]}\">\n\t\t\t\t<div class=\"elementor-element elementor-element-706a62f elementor-widget elementor-widget-heading\" data-id=\"706a62f\" data-element_type=\"widget\" data-e-type=\"widget\" data-widget_type=\"heading.default\">\n\t\t\t\t<div class=\"elementor-widget-container\">\n\t\t\t\t\t<h4 class=\"elementor-heading-title elementor-size-default\">Ottawa-Gatineau<\/h4>\t\t\t\t<\/div>\n\t\t\t\t<\/div>\n\t\t\t\t<div class=\"elementor-element elementor-element-bf94aba elementor-widget elementor-widget-text-editor\" data-id=\"bf94aba\" data-element_type=\"widget\" data-e-type=\"widget\" data-widget_type=\"text-editor.default\">\n\t\t\t\t<div class=\"elementor-widget-container\">\n\t\t\t\t\t\t\t\t\t<p>Kanata, Nepean, Barrhaven, Greely, Manotick, Almonte, Buckingham, Masson-Angers, Rivi\u00e8re-Blanche, Papineauville, Val-des-Monts, Wakefield, Thurso, Bourget, Carleton Place, Casselman, Arnprior, Saint-Andr\u00e9-Avellin, Smith Falls, Shawville, Perth, Renfrew, Prescott, Rideau Forest, Hawkesbury, Cornwall et plus.<\/p>\t\t\t\t\t\t\t\t<\/div>\n\t\t\t\t<\/div>\n\t\t\t\t<\/div>\n\t\t<div class=\"elementor-element elementor-element-6a63804 e-con-full e-flex e-con e-child\" data-id=\"6a63804\" data-element_type=\"container\" data-e-type=\"container\" data-settings=\"{&quot;jet_parallax_layout_list&quot;:[]}\">\n\t\t\t\t<div class=\"elementor-element elementor-element-4c703d9 elementor-widget elementor-widget-heading\" data-id=\"4c703d9\" data-element_type=\"widget\" data-e-type=\"widget\" data-widget_type=\"heading.default\">\n\t\t\t\t<div class=\"elementor-widget-container\">\n\t\t\t\t\t<h4 class=\"elementor-heading-title elementor-size-default\">Toronto<\/h4>\t\t\t\t<\/div>\n\t\t\t\t<\/div>\n\t\t\t\t<div class=\"elementor-element elementor-element-39c24c3 elementor-widget elementor-widget-text-editor\" data-id=\"39c24c3\" data-element_type=\"widget\" data-e-type=\"widget\" data-widget_type=\"text-editor.default\">\n\t\t\t\t<div class=\"elementor-widget-container\">\n\t\t\t\t\t\t\t\t\t<p>Toronto, Misssisauga, Brampton, Richmond Hill, Vaughan, Markham, Aurora, Newmarket, Pickering, Ajax, Whitby, Osgawa et les villes dans la r\u00e9gion de et de Durham etc.<\/p>\t\t\t\t\t\t\t\t<\/div>\n\t\t\t\t<\/div>\n\t\t\t\t<\/div>\n\t\t<div class=\"elementor-element elementor-element-e57df8a e-con-full e-flex e-con e-child\" data-id=\"e57df8a\" data-element_type=\"container\" data-e-type=\"container\" data-settings=\"{&quot;jet_parallax_layout_list&quot;:[]}\">\n\t\t\t\t<div class=\"elementor-element elementor-element-c595343 elementor-widget elementor-widget-heading\" data-id=\"c595343\" data-element_type=\"widget\" data-e-type=\"widget\" data-widget_type=\"heading.default\">\n\t\t\t\t<div class=\"elementor-widget-container\">\n\t\t\t\t\t<h4 class=\"elementor-heading-title elementor-size-default\">Ville de Qu\u00e9bec &amp; r\u00e9gions<\/h4>\t\t\t\t<\/div>\n\t\t\t\t<\/div>\n\t\t\t\t<div class=\"elementor-element elementor-element-5016b34 elementor-widget elementor-widget-text-editor\" data-id=\"5016b34\" data-element_type=\"widget\" data-e-type=\"widget\" data-widget_type=\"text-editor.default\">\n\t\t\t\t<div class=\"elementor-widget-container\">\n\t\t\t\t\t\t\t\t\t<p>Ville de Qu\u00e9bec, L\u00e9vis, Beauport, Charlesbourg, La Cit\u00e9-Limoilou, La Haute-Saint-Charles, Les Rivi\u00e8res, Sainte-Foy\u2013Sillery\u2013Cap\u2011Rouge, Trois-Rivi\u00e8res, Shawinigan, Victoriaville, Drummondville, Cantons de l'Est, Sherbrooke, Granby, Lac Memphr\u00e9magog et plus.<\/p>\t\t\t\t\t\t\t\t<\/div>\n\t\t\t\t<\/div>\n\t\t\t\t<\/div>\n\t\t<div class=\"elementor-element elementor-element-20d57b5 e-con-full e-flex e-con e-child\" data-id=\"20d57b5\" data-element_type=\"container\" data-e-type=\"container\" data-settings=\"{&quot;jet_parallax_layout_list&quot;:[]}\">\n\t\t\t\t<div class=\"elementor-element elementor-element-4dbfdee elementor-widget elementor-widget-heading\" data-id=\"4dbfdee\" data-element_type=\"widget\" data-e-type=\"widget\" data-widget_type=\"heading.default\">\n\t\t\t\t<div class=\"elementor-widget-container\">\n\t\t\t\t\t<h4 class=\"elementor-heading-title elementor-size-default\">London<\/h4>\t\t\t\t<\/div>\n\t\t\t\t<\/div>\n\t\t\t\t<div class=\"elementor-element elementor-element-8a4065c elementor-widget__width-inherit elementor-widget elementor-widget-text-editor\" data-id=\"8a4065c\" data-element_type=\"widget\" data-e-type=\"widget\" data-widget_type=\"text-editor.default\">\n\t\t\t\t<div class=\"elementor-widget-container\">\n\t\t\t\t\t\t\t\t\t<p>Sarnia, Chatham-Kent, Goderich, Bayfield, Grand Bend, Kincardine, Port Stanley, Pelee Island, Middlesex County, Huron County et plus.<\/p>\t\t\t\t\t\t\t\t<\/div>\n\t\t\t\t<\/div>\n\t\t\t\t<\/div>\n\t\t\t\t\t<\/div>\n\t\t\t\t<\/div>\n\t\t\t\t<\/div>","protected":false},"excerpt":{"rendered":"<p>Schedule a Site Survey Home Schedule a Site Survey Call Us +1 844-360-9119, 2 Address 14290 Boulevard Cur\u00e9-Labelle, Mirabel (Quebec) J7J 1B1 Cost Estimate Describe your problem and get help form an expert and cost estimate. First Name Last Name Job Title Organization Phone Enterprise Email* Applications HealthcareParking and WalkwaysManufacturingData CenterOffice BuildingsMaritimeConstructionSmart CityRemote RegionOther Explain [&hellip;]<\/p>","protected":false},"author":1,"featured_media":0,"parent":0,"menu_order":0,"comment_status":"closed","ping_status":"closed","template":"elementor_header_footer","meta":{"_monsterinsights_skip_tracking":false,"_monsterinsights_sitenote_active":false,"_monsterinsights_sitenote_note":"","_monsterinsights_sitenote_category":0,"_uf_show_specific_survey":0,"_uf_disable_surveys":false,"footnotes":""},"class_list":["post-120","page","type-page","status-publish","hentry"],"aioseo_notices":[],"jetpack_sharing_enabled":true,"_links":{"self":[{"href":"https:\/\/vegawave.ca\/fr\/wp-json\/wp\/v2\/pages\/120","targetHints":{"allow":["GET"]}}],"collection":[{"href":"https:\/\/vegawave.ca\/fr\/wp-json\/wp\/v2\/pages"}],"about":[{"href":"https:\/\/vegawave.ca\/fr\/wp-json\/wp\/v2\/types\/page"}],"author":[{"embeddable":true,"href":"https:\/\/vegawave.ca\/fr\/wp-json\/wp\/v2\/users\/1"}],"replies":[{"embeddable":true,"href":"https:\/\/vegawave.ca\/fr\/wp-json\/wp\/v2\/comments?post=120"}],"version-history":[{"count":94,"href":"https:\/\/vegawave.ca\/fr\/wp-json\/wp\/v2\/pages\/120\/revisions"}],"predecessor-version":[{"id":2672,"href":"https:\/\/vegawave.ca\/fr\/wp-json\/wp\/v2\/pages\/120\/revisions\/2672"}],"wp:attachment":[{"href":"https:\/\/vegawave.ca\/fr\/wp-json\/wp\/v2\/media?parent=120"}],"curies":[{"name":"wp","href":"https:\/\/api.w.org\/{rel}","templated":true}]}}